{"id":9551,"date":"2019-07-03T17:52:17","date_gmt":"2019-07-03T15:52:17","guid":{"rendered":"https:\/\/www.salon-saveurs.com\/printemps\/?page_id=9551"},"modified":"2019-07-04T09:56:58","modified_gmt":"2019-07-04T07:56:58","slug":"espace-presse-2016","status":"publish","type":"page","link":"https:\/\/www.salon-saveurs.com\/printemps\/2016-2\/espace-presse-2016\/","title":{"rendered":"Espace Presse 2016"},"content":{"rendered":"<h3><strong><img decoding=\"async\" src=\"https:\/\/www.salon-saveurs.com\/printemps\/wp-content\/uploads\/2018\/03\/ban-saveurs-pates.jpg\" \/><\/strong><\/h3>\n<h3><strong>Consultez et t\u00e9l\u00e9chargez les communiqu\u00e9s et dossiers de presse Saveurs des Plaisirs Gourmands 2016<\/strong><\/h3>\n<ul>\n<li><a href=\"https:\/\/www.salon-saveurs.com\/printemps\/wp-content\/uploads\/2019\/07\/CP1_Saveurs_juin2016.pdf\" target=\"_blank\" rel=\"noopener noreferrer\">CP n\u00b01 &#8211; juin 2016 &#8211; Rendez-vous du 30 novembre au 3 d\u00e9cembre 2018<\/a><\/li>\n<li><a href=\"https:\/\/www.salon-saveurs.com\/printemps\/wp-content\/uploads\/2019\/07\/CP_Les_Troph\u00e9es_Saveurs_2016.pdf\" target=\"_blank\" rel=\"noopener noreferrer\">CP n\u00b02 &#8211; octobre 2016 &#8211; Troph\u00e9es Saveurs 2016, le meilleur des terroirs<\/a><\/li>\n<li><a href=\"https:\/\/www.salon-saveurs.com\/printemps\/wp-content\/uploads\/2019\/07\/NL1-Les-Chocolatiers-du-Salon-Saveurs-2016.pdf\" target=\"_blank\" rel=\"noopener noreferrer\">Newsletter #1 &#8211; La folle passion du chocolat\u00a0<\/a><\/li>\n<li><a href=\"https:\/\/www.salon-saveurs.com\/printemps\/wp-content\/uploads\/2019\/07\/NL2-Ap\u00e9roChic-Ap\u00e9roChoc-Saveurs2016.pdf\" target=\"_blank\" rel=\"noopener noreferrer\">Newsletter #2 &#8211; Ap\u00e9ro Chic, Ap\u00e9ro Choc<\/a><\/li>\n<li><a href=\"https:\/\/www.salon-saveurs.com\/printemps\/wp-content\/uploads\/2019\/07\/Newsletter-presse-4-Le-Sucr\u00e9-comme-Autrefois.pdf\" target=\"_blank\" rel=\"noopener noreferrer\">Newsletter #3 &#8211; Le sucr\u00e9 comme autrefois<\/a><\/li>\n<\/ul>\n<p>&nbsp;<\/p>\n<p><strong>Si vous voulez en savoir plus, vous pouvez consulter les communiqu\u00e9s des autres \u00e9ditions :<\/strong><\/p>\n<ul>\n<li><a href=\"https:\/\/www.salon-saveurs.com\/printemps\/pressepartenaires\/espace-presse\/\">Espace presse<\/a><\/li>\n<li><a href=\"https:\/\/www.salon-saveurs.com\/printemps\/?p=9347\">Espace presse 2018<\/a><\/li>\n<li><a href=\"https:\/\/www.salon-saveurs.com\/printemps\/?p=9549\">Espace presse 2017<\/a><\/li>\n<\/ul>\n","protected":false},"excerpt":{"rendered":"<p>Consultez et t\u00e9l\u00e9chargez les communiqu\u00e9s et dossiers de presse Saveurs des Plaisirs Gourmands 2016 CP n\u00b01 &#8211; juin 2016 &#8211; Rendez-vous du 30 novembre au 3 d\u00e9cembre 2018 CP n\u00b02 &#8211; octobre 2016 &#8211; Troph\u00e9es Saveurs 2016, le meilleur des terroirs Newsletter #1 &#8211; La folle passion du chocolat\u00a0 Newsletter #2 &#8211; Ap\u00e9ro Chic, Ap\u00e9ro&hellip; <\/p>\n","protected":false},"author":1,"featured_media":0,"parent":9385,"menu_order":0,"comment_status":"closed","ping_status":"closed","template":"","meta":{"_monsterinsights_skip_tracking":false,"_monsterinsights_sitenote_active":false,"_monsterinsights_sitenote_note":"","_monsterinsights_sitenote_category":0,"footnotes":""},"class_list":["post-9551","page","type-page","status-publish","hentry"],"yoast_head":"<!-- This site is optimized with the Yoast SEO plugin v27.3 - https:\/\/yoast.com\/product\/yoast-seo-wordpress\/ -->\n<title>Espace Presse 2016 - Salon saveurs des plaisirs gourmands<\/title>\n<meta name=\"robots\" content=\"index, follow, max-snippet:-1, max-image-preview:large, max-video-preview:-1\" \/>\n<link rel=\"canonical\" href=\"https:\/\/www.salon-saveurs.com\/printemps\/2016-2\/espace-presse-2016\/\" \/>\n<meta property=\"og:locale\" content=\"fr_FR\" \/>\n<meta property=\"og:type\" content=\"article\" \/>\n<meta property=\"og:title\" content=\"Espace Presse 2016 - Salon saveurs des plaisirs gourmands\" \/>\n<meta property=\"og:description\" content=\"Consultez et t\u00e9l\u00e9chargez les communiqu\u00e9s et dossiers de presse Saveurs des Plaisirs Gourmands 2016 CP n\u00b01 &#8211; juin 2016 &#8211; Rendez-vous du 30 novembre au 3 d\u00e9cembre 2018 CP n\u00b02 &#8211; octobre 2016 &#8211; Troph\u00e9es Saveurs 2016, le meilleur des terroirs Newsletter #1 &#8211; La folle passion du chocolat\u00a0 Newsletter #2 &#8211; Ap\u00e9ro Chic, Ap\u00e9ro&hellip;\" \/>\n<meta property=\"og:url\" content=\"https:\/\/www.salon-saveurs.com\/printemps\/2016-2\/espace-presse-2016\/\" \/>\n<meta property=\"og:site_name\" content=\"Salon saveurs des plaisirs gourmands\" \/>\n<meta property=\"article:modified_time\" content=\"2019-07-04T07:56:58+00:00\" \/>\n<meta property=\"og:image\" content=\"https:\/\/www.salon-saveurs.com\/printemps\/wp-content\/uploads\/2018\/03\/ban-saveurs-pates.jpg\" \/>\n<meta name=\"twitter:card\" content=\"summary_large_image\" \/>\n<script type=\"application\/ld+json\" class=\"yoast-schema-graph\">{\"@context\":\"https:\\\/\\\/schema.org\",\"@graph\":[{\"@type\":\"WebPage\",\"@id\":\"https:\\\/\\\/www.salon-saveurs.com\\\/printemps\\\/2016-2\\\/espace-presse-2016\\\/\",\"url\":\"https:\\\/\\\/www.salon-saveurs.com\\\/printemps\\\/2016-2\\\/espace-presse-2016\\\/\",\"name\":\"Espace Presse 2016 - Salon saveurs des plaisirs gourmands\",\"isPartOf\":{\"@id\":\"https:\\\/\\\/www.salon-saveurs.com\\\/printemps\\\/#website\"},\"primaryImageOfPage\":{\"@id\":\"https:\\\/\\\/www.salon-saveurs.com\\\/printemps\\\/2016-2\\\/espace-presse-2016\\\/#primaryimage\"},\"image\":{\"@id\":\"https:\\\/\\\/www.salon-saveurs.com\\\/printemps\\\/2016-2\\\/espace-presse-2016\\\/#primaryimage\"},\"thumbnailUrl\":\"https:\\\/\\\/www.salon-saveurs.com\\\/printemps\\\/wp-content\\\/uploads\\\/2018\\\/03\\\/ban-saveurs-pates.jpg\",\"datePublished\":\"2019-07-03T15:52:17+00:00\",\"dateModified\":\"2019-07-04T07:56:58+00:00\",\"breadcrumb\":{\"@id\":\"https:\\\/\\\/www.salon-saveurs.com\\\/printemps\\\/2016-2\\\/espace-presse-2016\\\/#breadcrumb\"},\"inLanguage\":\"fr-FR\",\"potentialAction\":[{\"@type\":\"ReadAction\",\"target\":[\"https:\\\/\\\/www.salon-saveurs.com\\\/printemps\\\/2016-2\\\/espace-presse-2016\\\/\"]}]},{\"@type\":\"ImageObject\",\"inLanguage\":\"fr-FR\",\"@id\":\"https:\\\/\\\/www.salon-saveurs.com\\\/printemps\\\/2016-2\\\/espace-presse-2016\\\/#primaryimage\",\"url\":\"https:\\\/\\\/www.salon-saveurs.com\\\/printemps\\\/wp-content\\\/uploads\\\/2018\\\/03\\\/ban-saveurs-pates.jpg\",\"contentUrl\":\"https:\\\/\\\/www.salon-saveurs.com\\\/printemps\\\/wp-content\\\/uploads\\\/2018\\\/03\\\/ban-saveurs-pates.jpg\",\"width\":841,\"height\":198},{\"@type\":\"BreadcrumbList\",\"@id\":\"https:\\\/\\\/www.salon-saveurs.com\\\/printemps\\\/2016-2\\\/espace-presse-2016\\\/#breadcrumb\",\"itemListElement\":[{\"@type\":\"ListItem\",\"position\":1,\"name\":\"Accueil\",\"item\":\"https:\\\/\\\/www.salon-saveurs.com\\\/printemps\\\/\"},{\"@type\":\"ListItem\",\"position\":2,\"name\":\"2016\",\"item\":\"https:\\\/\\\/www.salon-saveurs.com\\\/printemps\\\/2016-2\\\/\"},{\"@type\":\"ListItem\",\"position\":3,\"name\":\"Espace Presse 2016\"}]},{\"@type\":\"WebSite\",\"@id\":\"https:\\\/\\\/www.salon-saveurs.com\\\/printemps\\\/#website\",\"url\":\"https:\\\/\\\/www.salon-saveurs.com\\\/printemps\\\/\",\"name\":\"Salon saveurs des plaisirs gourmands\",\"description\":\"\",\"publisher\":{\"@id\":\"https:\\\/\\\/www.salon-saveurs.com\\\/printemps\\\/#organization\"},\"potentialAction\":[{\"@type\":\"SearchAction\",\"target\":{\"@type\":\"EntryPoint\",\"urlTemplate\":\"https:\\\/\\\/www.salon-saveurs.com\\\/printemps\\\/?s={search_term_string}\"},\"query-input\":{\"@type\":\"PropertyValueSpecification\",\"valueRequired\":true,\"valueName\":\"search_term_string\"}}],\"inLanguage\":\"fr-FR\"},{\"@type\":\"Organization\",\"@id\":\"https:\\\/\\\/www.salon-saveurs.com\\\/printemps\\\/#organization\",\"name\":\"Salon saveurs des plaisirs gourmands\",\"url\":\"https:\\\/\\\/www.salon-saveurs.com\\\/printemps\\\/\",\"logo\":{\"@type\":\"ImageObject\",\"inLanguage\":\"fr-FR\",\"@id\":\"https:\\\/\\\/www.salon-saveurs.com\\\/printemps\\\/#\\\/schema\\\/logo\\\/image\\\/\",\"url\":\"https:\\\/\\\/www.salon-saveurs.com\\\/printemps\\\/wp-content\\\/uploads\\\/2025\\\/11\\\/logo-saveurs-COMPLET-TRANSPARENT-1.png\",\"contentUrl\":\"https:\\\/\\\/www.salon-saveurs.com\\\/printemps\\\/wp-content\\\/uploads\\\/2025\\\/11\\\/logo-saveurs-COMPLET-TRANSPARENT-1.png\",\"width\":1600,\"height\":600,\"caption\":\"Salon saveurs des plaisirs gourmands\"},\"image\":{\"@id\":\"https:\\\/\\\/www.salon-saveurs.com\\\/printemps\\\/#\\\/schema\\\/logo\\\/image\\\/\"}}]}<\/script>\n<!-- \/ Yoast SEO plugin. -->","yoast_head_json":{"title":"Espace Presse 2016 - Salon saveurs des plaisirs gourmands","robots":{"index":"index","follow":"follow","max-snippet":"max-snippet:-1","max-image-preview":"max-image-preview:large","max-video-preview":"max-video-preview:-1"},"canonical":"https:\/\/www.salon-saveurs.com\/printemps\/2016-2\/espace-presse-2016\/","og_locale":"fr_FR","og_type":"article","og_title":"Espace Presse 2016 - Salon saveurs des plaisirs gourmands","og_description":"Consultez et t\u00e9l\u00e9chargez les communiqu\u00e9s et dossiers de presse Saveurs des Plaisirs Gourmands 2016 CP n\u00b01 &#8211; juin 2016 &#8211; Rendez-vous du 30 novembre au 3 d\u00e9cembre 2018 CP n\u00b02 &#8211; octobre 2016 &#8211; Troph\u00e9es Saveurs 2016, le meilleur des terroirs Newsletter #1 &#8211; La folle passion du chocolat\u00a0 Newsletter #2 &#8211; Ap\u00e9ro Chic, Ap\u00e9ro&hellip;","og_url":"https:\/\/www.salon-saveurs.com\/printemps\/2016-2\/espace-presse-2016\/","og_site_name":"Salon saveurs des plaisirs gourmands","article_modified_time":"2019-07-04T07:56:58+00:00","og_image":[{"url":"https:\/\/www.salon-saveurs.com\/printemps\/wp-content\/uploads\/2018\/03\/ban-saveurs-pates.jpg","type":"","width":"","height":""}],"twitter_card":"summary_large_image","schema":{"@context":"https:\/\/schema.org","@graph":[{"@type":"WebPage","@id":"https:\/\/www.salon-saveurs.com\/printemps\/2016-2\/espace-presse-2016\/","url":"https:\/\/www.salon-saveurs.com\/printemps\/2016-2\/espace-presse-2016\/","name":"Espace Presse 2016 - Salon saveurs des plaisirs gourmands","isPartOf":{"@id":"https:\/\/www.salon-saveurs.com\/printemps\/#website"},"primaryImageOfPage":{"@id":"https:\/\/www.salon-saveurs.com\/printemps\/2016-2\/espace-presse-2016\/#primaryimage"},"image":{"@id":"https:\/\/www.salon-saveurs.com\/printemps\/2016-2\/espace-presse-2016\/#primaryimage"},"thumbnailUrl":"https:\/\/www.salon-saveurs.com\/printemps\/wp-content\/uploads\/2018\/03\/ban-saveurs-pates.jpg","datePublished":"2019-07-03T15:52:17+00:00","dateModified":"2019-07-04T07:56:58+00:00","breadcrumb":{"@id":"https:\/\/www.salon-saveurs.com\/printemps\/2016-2\/espace-presse-2016\/#breadcrumb"},"inLanguage":"fr-FR","potentialAction":[{"@type":"ReadAction","target":["https:\/\/www.salon-saveurs.com\/printemps\/2016-2\/espace-presse-2016\/"]}]},{"@type":"ImageObject","inLanguage":"fr-FR","@id":"https:\/\/www.salon-saveurs.com\/printemps\/2016-2\/espace-presse-2016\/#primaryimage","url":"https:\/\/www.salon-saveurs.com\/printemps\/wp-content\/uploads\/2018\/03\/ban-saveurs-pates.jpg","contentUrl":"https:\/\/www.salon-saveurs.com\/printemps\/wp-content\/uploads\/2018\/03\/ban-saveurs-pates.jpg","width":841,"height":198},{"@type":"BreadcrumbList","@id":"https:\/\/www.salon-saveurs.com\/printemps\/2016-2\/espace-presse-2016\/#breadcrumb","itemListElement":[{"@type":"ListItem","position":1,"name":"Accueil","item":"https:\/\/www.salon-saveurs.com\/printemps\/"},{"@type":"ListItem","position":2,"name":"2016","item":"https:\/\/www.salon-saveurs.com\/printemps\/2016-2\/"},{"@type":"ListItem","position":3,"name":"Espace Presse 2016"}]},{"@type":"WebSite","@id":"https:\/\/www.salon-saveurs.com\/printemps\/#website","url":"https:\/\/www.salon-saveurs.com\/printemps\/","name":"Salon saveurs des plaisirs gourmands","description":"","publisher":{"@id":"https:\/\/www.salon-saveurs.com\/printemps\/#organization"},"potentialAction":[{"@type":"SearchAction","target":{"@type":"EntryPoint","urlTemplate":"https:\/\/www.salon-saveurs.com\/printemps\/?s={search_term_string}"},"query-input":{"@type":"PropertyValueSpecification","valueRequired":true,"valueName":"search_term_string"}}],"inLanguage":"fr-FR"},{"@type":"Organization","@id":"https:\/\/www.salon-saveurs.com\/printemps\/#organization","name":"Salon saveurs des plaisirs gourmands","url":"https:\/\/www.salon-saveurs.com\/printemps\/","logo":{"@type":"ImageObject","inLanguage":"fr-FR","@id":"https:\/\/www.salon-saveurs.com\/printemps\/#\/schema\/logo\/image\/","url":"https:\/\/www.salon-saveurs.com\/printemps\/wp-content\/uploads\/2025\/11\/logo-saveurs-COMPLET-TRANSPARENT-1.png","contentUrl":"https:\/\/www.salon-saveurs.com\/printemps\/wp-content\/uploads\/2025\/11\/logo-saveurs-COMPLET-TRANSPARENT-1.png","width":1600,"height":600,"caption":"Salon saveurs des plaisirs gourmands"},"image":{"@id":"https:\/\/www.salon-saveurs.com\/printemps\/#\/schema\/logo\/image\/"}}]}},"_links":{"self":[{"href":"https:\/\/www.salon-saveurs.com\/printemps\/wp-json\/wp\/v2\/pages\/9551","targetHints":{"allow":["GET"]}}],"collection":[{"href":"https:\/\/www.salon-saveurs.com\/printemps\/wp-json\/wp\/v2\/pages"}],"about":[{"href":"https:\/\/www.salon-saveurs.com\/printemps\/wp-json\/wp\/v2\/types\/page"}],"author":[{"embeddable":true,"href":"https:\/\/www.salon-saveurs.com\/printemps\/wp-json\/wp\/v2\/users\/1"}],"replies":[{"embeddable":true,"href":"https:\/\/www.salon-saveurs.com\/printemps\/wp-json\/wp\/v2\/comments?post=9551"}],"version-history":[{"count":0,"href":"https:\/\/www.salon-saveurs.com\/printemps\/wp-json\/wp\/v2\/pages\/9551\/revisions"}],"up":[{"embeddable":true,"href":"https:\/\/www.salon-saveurs.com\/printemps\/wp-json\/wp\/v2\/pages\/9385"}],"wp:attachment":[{"href":"https:\/\/www.salon-saveurs.com\/printemps\/wp-json\/wp\/v2\/media?parent=9551"}],"curies":[{"name":"wp","href":"https:\/\/api.w.org\/{rel}","templated":true}]}}