{"id":7169,"date":"2018-06-07T17:42:18","date_gmt":"2018-06-07T15:42:18","guid":{"rendered":"https:\/\/www.salon-saveurs.com\/printemps\/?page_id=7169"},"modified":"2024-06-14T12:21:25","modified_gmt":"2024-06-14T10:21:25","slug":"formulaire-trophees","status":"publish","type":"page","link":"https:\/\/www.salon-saveurs.com\/printemps\/exposer\/optimisez-votre-participation\/formulaire-trophees\/","title":{"rendered":"Formulaire Troph\u00e9es"},"content":{"rendered":"<h2 style=\"text-align: left;\">D\u00e9clarez ici vos produits pour participer aux Troph\u00e9es Saveurs des Plaisirs Gourmands<\/h2>\n<p><em>Attention, les Troph\u00e9es sont uniquement r\u00e9serv\u00e9s aux exposants du salon.<br \/>\n<\/em><em><br \/>\nCloture des inscriptions le <strong>vendredi 20 septembre 2024<\/strong>.<br \/>\nLa r\u00e9union du jury se tiendra le <strong>lundi 07 octobre 2024<\/strong>.<\/em><\/p>\n<p>Pour chacun des produits soumis au vote du jury, merci de bien vouloir expliquer les qualit\u00e9s du produit, ses aspects distinctifs, ses nouveaut\u00e9s\u2026 Toutes les caract\u00e9ristiques pouvant int\u00e9resser le jury sont \u00e0 d\u00e9tailler. Pr\u00e9cisez ce que vos clients appr\u00e9cient dans vos produits.<\/p>\n<p>Nous devons r\u00e9ceptionner<strong> 2 produits en 3 exemplaires chacun maximum<\/strong> par exposant \u00e0 SPAS Organisation (cachet de la poste faisant foi) :<\/p>\n<ul>\n<li><strong>avant le lundi 23 septembre 2024 <\/strong>pour les produits secs<\/li>\n<li><strong>avant le jeudi 03 octobre 2024 <\/strong>pour les produits frais et le chocolat<\/li>\n<\/ul>\n<p style=\"text-align: center;\"><strong>SPAS Organisation \u2013 Troph\u00e9es Saveurs 2024<br \/>\n<\/strong><strong>160 bis rue de Paris \u2013 CS 90001 \u2013 92645 Boulogne Billancourt cedex<\/strong><\/p>\n<p><strong>Les produits non r\u00e9ceptionn\u00e9s ne pourront pas \u00eatre pr\u00e9sent\u00e9s au jury.<\/strong><\/p>\n<p><a href=\"https:\/\/www.salon-saveurs.com\/printemps\/wp-content\/uploads\/2024\/06\/REGLEMENT-DES-TROPHEES-SAVEURS-2024.pdf\" target=\"_blank\" rel=\"noopener\">T\u00e9l\u00e9chargez le r\u00e8glement des Troph\u00e9es pr\u00e9sentant les conditions d&rsquo;inscription<\/a><\/p>\n\n<div class=\"wpcf7 no-js\" id=\"wpcf7-f7168-o1\" lang=\"fr-FR\" dir=\"ltr\" data-wpcf7-id=\"7168\">\n<div class=\"screen-reader-response\"><p role=\"status\" aria-live=\"polite\" aria-atomic=\"true\"><\/p> <ul><\/ul><\/div>\n<form action=\"\/printemps\/wp-json\/wp\/v2\/pages\/7169#wpcf7-f7168-o1\" method=\"post\" class=\"wpcf7-form init\" aria-label=\"Formulaire de contact\" novalidate=\"novalidate\" data-status=\"init\">\n<fieldset class=\"hidden-fields-container\"><input type=\"hidden\" name=\"_wpcf7\" value=\"7168\" \/><input type=\"hidden\" name=\"_wpcf7_version\" value=\"6.1.5\" \/><input type=\"hidden\" name=\"_wpcf7_locale\" value=\"fr_FR\" \/><input type=\"hidden\" name=\"_wpcf7_unit_tag\" value=\"wpcf7-f7168-o1\" \/><input type=\"hidden\" name=\"_wpcf7_container_post\" value=\"0\" \/><input type=\"hidden\" name=\"_wpcf7_posted_data_hash\" value=\"\" \/>\n<\/fieldset>\n<p><label> <strong>Soci\u00e9t\u00e9<\/strong><span style=\"color: red;\"> (obligatoire)<\/span><br \/>\n<span class=\"wpcf7-form-control-wrap\" data-name=\"societe\"><input size=\"40\" maxlength=\"400\" class=\"wpcf7-form-control wpcf7-text wpcf7-validates-as-required\" aria-required=\"true\" aria-invalid=\"false\" value=\"\" type=\"text\" name=\"societe\" \/><\/span> <\/label>\n<\/p>\n<p><label> Stand<br \/>\n<span class=\"wpcf7-form-control-wrap\" data-name=\"stand\"><input size=\"40\" maxlength=\"400\" class=\"wpcf7-form-control wpcf7-text wpcf7-validates-as-required\" aria-required=\"true\" aria-invalid=\"false\" value=\"\" type=\"text\" name=\"stand\" \/><\/span> <\/label>\n<\/p>\n<p><label> Votre adresse email<br \/>\n<span class=\"wpcf7-form-control-wrap\" data-name=\"your-email\"><input size=\"40\" maxlength=\"400\" class=\"wpcf7-form-control wpcf7-email wpcf7-validates-as-required wpcf7-text wpcf7-validates-as-email\" aria-required=\"true\" aria-invalid=\"false\" value=\"\" type=\"email\" name=\"your-email\" \/><\/span> <\/label>\n<\/p>\n<p><label> Votre num\u00e9ro de t\u00e9l\u00e9phone<br \/>\n<span class=\"wpcf7-form-control-wrap\" data-name=\"telephone\"><input size=\"40\" maxlength=\"400\" class=\"wpcf7-form-control wpcf7-text wpcf7-validates-as-required\" aria-required=\"true\" aria-invalid=\"false\" value=\"\" type=\"text\" name=\"telephone\" \/><\/span> <\/label>\n<\/p>\n<p><strong><span style=\"color: red;\">PRODUIT N\u00b01 :<\/span><\/strong><br \/>\n<label> <strong>Nom du produit<\/strong> 1<br \/>\n<span class=\"wpcf7-form-control-wrap\" data-name=\"produit-1\"><input size=\"40\" maxlength=\"400\" class=\"wpcf7-form-control wpcf7-text\" aria-invalid=\"false\" value=\"\" type=\"text\" name=\"produit-1\" \/><\/span> <\/label>\n<\/p>\n<p><label> Nouveaut\u00e9 \/ originalit\u00e9<br \/>\n<span class=\"wpcf7-form-control-wrap\" data-name=\"nouveaute\"><input size=\"40\" maxlength=\"400\" class=\"wpcf7-form-control wpcf7-text\" aria-invalid=\"false\" value=\"\" type=\"text\" name=\"nouveaute\" \/><\/span> <\/label>\n<\/p>\n<p><label> Mode de production<br \/>\n<span class=\"wpcf7-form-control-wrap\" data-name=\"production\"><input size=\"40\" maxlength=\"400\" class=\"wpcf7-form-control wpcf7-text\" aria-invalid=\"false\" value=\"\" type=\"text\" name=\"production\" \/><\/span> <\/label>\n<\/p>\n<p><label> Composition \/ Saveurs<br \/>\n<span class=\"wpcf7-form-control-wrap\" data-name=\"composition\"><input size=\"40\" maxlength=\"400\" class=\"wpcf7-form-control wpcf7-text\" aria-invalid=\"false\" value=\"\" type=\"text\" name=\"composition\" \/><\/span> <\/label>\n<\/p>\n<p><label> Origine<br \/>\n<span class=\"wpcf7-form-control-wrap\" data-name=\"origine\"><input size=\"40\" maxlength=\"400\" class=\"wpcf7-form-control wpcf7-text\" aria-invalid=\"false\" value=\"\" type=\"text\" name=\"origine\" \/><\/span> <\/label>\n<\/p>\n<p><label> Label \/ R\u00e9compenses<br \/>\n<span class=\"wpcf7-form-control-wrap\" data-name=\"labels\"><input size=\"40\" maxlength=\"400\" class=\"wpcf7-form-control wpcf7-text\" aria-invalid=\"false\" value=\"\" type=\"text\" name=\"labels\" \/><\/span> <\/label>\n<\/p>\n<p><strong><span style=\"color: red;\">PRODUIT N\u00b02 :<\/span><\/strong><br \/>\n<label> <strong>Nom du produit<\/strong> 1<br \/>\n<span class=\"wpcf7-form-control-wrap\" data-name=\"produit-2\"><input size=\"40\" maxlength=\"400\" class=\"wpcf7-form-control wpcf7-text\" aria-invalid=\"false\" value=\"\" type=\"text\" name=\"produit-2\" \/><\/span> <\/label>\n<\/p>\n<p><label> Nouveaut\u00e9 \/ originalit\u00e9<br \/>\n<span class=\"wpcf7-form-control-wrap\" data-name=\"nouveaute-2\"><input size=\"40\" maxlength=\"400\" class=\"wpcf7-form-control wpcf7-text\" aria-invalid=\"false\" value=\"\" type=\"text\" name=\"nouveaute-2\" \/><\/span> <\/label>\n<\/p>\n<p><label> Mode de production<br \/>\n<span class=\"wpcf7-form-control-wrap\" data-name=\"production-2\"><input size=\"40\" maxlength=\"400\" class=\"wpcf7-form-control wpcf7-text\" aria-invalid=\"false\" value=\"\" type=\"text\" name=\"production-2\" \/><\/span> <\/label>\n<\/p>\n<p><label> Composition \/ Saveurs<br \/>\n<span class=\"wpcf7-form-control-wrap\" data-name=\"composition-2\"><input size=\"40\" maxlength=\"400\" class=\"wpcf7-form-control wpcf7-text\" aria-invalid=\"false\" value=\"\" type=\"text\" name=\"composition-2\" \/><\/span> <\/label>\n<\/p>\n<p><label> Origine<br \/>\n<span class=\"wpcf7-form-control-wrap\" data-name=\"origine-2\"><input size=\"40\" maxlength=\"400\" class=\"wpcf7-form-control wpcf7-text\" aria-invalid=\"false\" value=\"\" type=\"text\" name=\"origine-2\" \/><\/span> <\/label>\n<\/p>\n<p><label> Label \/ R\u00e9compenses<br \/>\n<span class=\"wpcf7-form-control-wrap\" data-name=\"labels-2\"><input size=\"40\" maxlength=\"400\" class=\"wpcf7-form-control wpcf7-text\" aria-invalid=\"false\" value=\"\" type=\"text\" name=\"labels-2\" \/><\/span> <\/label>\n<\/p>\n<p><input class=\"wpcf7-form-control wpcf7-submit has-spinner\" type=\"submit\" value=\"Envoyer\" \/>\n<\/p><div class=\"wpcf7-response-output\" aria-hidden=\"true\"><\/div>\n<\/form>\n<\/div>\n\n","protected":false},"excerpt":{"rendered":"<p>D\u00e9clarez ici vos produits pour participer aux Troph\u00e9es Saveurs des Plaisirs Gourmands Attention, les Troph\u00e9es sont uniquement r\u00e9serv\u00e9s aux exposants du salon. Cloture des inscriptions le vendredi 20 septembre 2024. La r\u00e9union du jury se tiendra le lundi 07 octobre 2024. Pour chacun des produits soumis au vote du jury, merci de bien vouloir expliquer&hellip; <\/p>\n","protected":false},"author":1,"featured_media":0,"parent":6981,"menu_order":0,"comment_status":"closed","ping_status":"closed","template":"","meta":{"_monsterinsights_skip_tracking":false,"_monsterinsights_sitenote_active":false,"_monsterinsights_sitenote_note":"","_monsterinsights_sitenote_category":0,"footnotes":""},"class_list":["post-7169","page","type-page","status-publish","hentry"],"yoast_head":"<!-- This site is optimized with the Yoast SEO plugin v27.3 - https:\/\/yoast.com\/product\/yoast-seo-wordpress\/ -->\n<title>Formulaire Troph\u00e9es - Salon saveurs des plaisirs gourmands<\/title>\n<meta name=\"robots\" content=\"index, follow, max-snippet:-1, max-image-preview:large, max-video-preview:-1\" \/>\n<link rel=\"canonical\" href=\"https:\/\/www.salon-saveurs.com\/printemps\/exposer\/optimisez-votre-participation\/formulaire-trophees\/\" \/>\n<meta property=\"og:locale\" content=\"fr_FR\" \/>\n<meta property=\"og:type\" content=\"article\" \/>\n<meta property=\"og:title\" content=\"Formulaire Troph\u00e9es - Salon saveurs des plaisirs gourmands\" \/>\n<meta property=\"og:description\" content=\"D\u00e9clarez ici vos produits pour participer aux Troph\u00e9es Saveurs des Plaisirs Gourmands Attention, les Troph\u00e9es sont uniquement r\u00e9serv\u00e9s aux exposants du salon. Cloture des inscriptions le vendredi 20 septembre 2024. La r\u00e9union du jury se tiendra le lundi 07 octobre 2024. Pour chacun des produits soumis au vote du jury, merci de bien vouloir expliquer&hellip;\" \/>\n<meta property=\"og:url\" content=\"https:\/\/www.salon-saveurs.com\/printemps\/exposer\/optimisez-votre-participation\/formulaire-trophees\/\" \/>\n<meta property=\"og:site_name\" content=\"Salon saveurs des plaisirs gourmands\" \/>\n<meta property=\"article:modified_time\" content=\"2024-06-14T10:21:25+00:00\" \/>\n<meta name=\"twitter:card\" content=\"summary_large_image\" \/>\n<meta name=\"twitter:label1\" content=\"Dur\u00e9e de lecture estim\u00e9e\" \/>\n\t<meta name=\"twitter:data1\" content=\"1 minute\" \/>\n<script type=\"application\/ld+json\" class=\"yoast-schema-graph\">{\"@context\":\"https:\\\/\\\/schema.org\",\"@graph\":[{\"@type\":\"WebPage\",\"@id\":\"https:\\\/\\\/www.salon-saveurs.com\\\/printemps\\\/exposer\\\/optimisez-votre-participation\\\/formulaire-trophees\\\/\",\"url\":\"https:\\\/\\\/www.salon-saveurs.com\\\/printemps\\\/exposer\\\/optimisez-votre-participation\\\/formulaire-trophees\\\/\",\"name\":\"Formulaire Troph\u00e9es - Salon saveurs des plaisirs gourmands\",\"isPartOf\":{\"@id\":\"https:\\\/\\\/www.salon-saveurs.com\\\/printemps\\\/#website\"},\"datePublished\":\"2018-06-07T15:42:18+00:00\",\"dateModified\":\"2024-06-14T10:21:25+00:00\",\"breadcrumb\":{\"@id\":\"https:\\\/\\\/www.salon-saveurs.com\\\/printemps\\\/exposer\\\/optimisez-votre-participation\\\/formulaire-trophees\\\/#breadcrumb\"},\"inLanguage\":\"fr-FR\",\"potentialAction\":[{\"@type\":\"ReadAction\",\"target\":[\"https:\\\/\\\/www.salon-saveurs.com\\\/printemps\\\/exposer\\\/optimisez-votre-participation\\\/formulaire-trophees\\\/\"]}]},{\"@type\":\"BreadcrumbList\",\"@id\":\"https:\\\/\\\/www.salon-saveurs.com\\\/printemps\\\/exposer\\\/optimisez-votre-participation\\\/formulaire-trophees\\\/#breadcrumb\",\"itemListElement\":[{\"@type\":\"ListItem\",\"position\":1,\"name\":\"Accueil\",\"item\":\"https:\\\/\\\/www.salon-saveurs.com\\\/printemps\\\/\"},{\"@type\":\"ListItem\",\"position\":2,\"name\":\"Exposer\",\"item\":\"https:\\\/\\\/www.salon-saveurs.com\\\/printemps\\\/exposer\\\/\"},{\"@type\":\"ListItem\",\"position\":3,\"name\":\"Optimisez votre participation\",\"item\":\"https:\\\/\\\/www.salon-saveurs.com\\\/printemps\\\/exposer\\\/optimisez-votre-participation\\\/\"},{\"@type\":\"ListItem\",\"position\":4,\"name\":\"Formulaire Troph\u00e9es\"}]},{\"@type\":\"WebSite\",\"@id\":\"https:\\\/\\\/www.salon-saveurs.com\\\/printemps\\\/#website\",\"url\":\"https:\\\/\\\/www.salon-saveurs.com\\\/printemps\\\/\",\"name\":\"Salon saveurs des plaisirs gourmands\",\"description\":\"\",\"publisher\":{\"@id\":\"https:\\\/\\\/www.salon-saveurs.com\\\/printemps\\\/#organization\"},\"potentialAction\":[{\"@type\":\"SearchAction\",\"target\":{\"@type\":\"EntryPoint\",\"urlTemplate\":\"https:\\\/\\\/www.salon-saveurs.com\\\/printemps\\\/?s={search_term_string}\"},\"query-input\":{\"@type\":\"PropertyValueSpecification\",\"valueRequired\":true,\"valueName\":\"search_term_string\"}}],\"inLanguage\":\"fr-FR\"},{\"@type\":\"Organization\",\"@id\":\"https:\\\/\\\/www.salon-saveurs.com\\\/printemps\\\/#organization\",\"name\":\"Salon saveurs des plaisirs gourmands\",\"url\":\"https:\\\/\\\/www.salon-saveurs.com\\\/printemps\\\/\",\"logo\":{\"@type\":\"ImageObject\",\"inLanguage\":\"fr-FR\",\"@id\":\"https:\\\/\\\/www.salon-saveurs.com\\\/printemps\\\/#\\\/schema\\\/logo\\\/image\\\/\",\"url\":\"https:\\\/\\\/www.salon-saveurs.com\\\/printemps\\\/wp-content\\\/uploads\\\/2025\\\/11\\\/logo-saveurs-COMPLET-TRANSPARENT-1.png\",\"contentUrl\":\"https:\\\/\\\/www.salon-saveurs.com\\\/printemps\\\/wp-content\\\/uploads\\\/2025\\\/11\\\/logo-saveurs-COMPLET-TRANSPARENT-1.png\",\"width\":1600,\"height\":600,\"caption\":\"Salon saveurs des plaisirs gourmands\"},\"image\":{\"@id\":\"https:\\\/\\\/www.salon-saveurs.com\\\/printemps\\\/#\\\/schema\\\/logo\\\/image\\\/\"}}]}<\/script>\n<!-- \/ Yoast SEO plugin. -->","yoast_head_json":{"title":"Formulaire Troph\u00e9es - Salon saveurs des plaisirs gourmands","robots":{"index":"index","follow":"follow","max-snippet":"max-snippet:-1","max-image-preview":"max-image-preview:large","max-video-preview":"max-video-preview:-1"},"canonical":"https:\/\/www.salon-saveurs.com\/printemps\/exposer\/optimisez-votre-participation\/formulaire-trophees\/","og_locale":"fr_FR","og_type":"article","og_title":"Formulaire Troph\u00e9es - Salon saveurs des plaisirs gourmands","og_description":"D\u00e9clarez ici vos produits pour participer aux Troph\u00e9es Saveurs des Plaisirs Gourmands Attention, les Troph\u00e9es sont uniquement r\u00e9serv\u00e9s aux exposants du salon. Cloture des inscriptions le vendredi 20 septembre 2024. La r\u00e9union du jury se tiendra le lundi 07 octobre 2024. Pour chacun des produits soumis au vote du jury, merci de bien vouloir expliquer&hellip;","og_url":"https:\/\/www.salon-saveurs.com\/printemps\/exposer\/optimisez-votre-participation\/formulaire-trophees\/","og_site_name":"Salon saveurs des plaisirs gourmands","article_modified_time":"2024-06-14T10:21:25+00:00","twitter_card":"summary_large_image","twitter_misc":{"Dur\u00e9e de lecture estim\u00e9e":"1 minute"},"schema":{"@context":"https:\/\/schema.org","@graph":[{"@type":"WebPage","@id":"https:\/\/www.salon-saveurs.com\/printemps\/exposer\/optimisez-votre-participation\/formulaire-trophees\/","url":"https:\/\/www.salon-saveurs.com\/printemps\/exposer\/optimisez-votre-participation\/formulaire-trophees\/","name":"Formulaire Troph\u00e9es - Salon saveurs des plaisirs gourmands","isPartOf":{"@id":"https:\/\/www.salon-saveurs.com\/printemps\/#website"},"datePublished":"2018-06-07T15:42:18+00:00","dateModified":"2024-06-14T10:21:25+00:00","breadcrumb":{"@id":"https:\/\/www.salon-saveurs.com\/printemps\/exposer\/optimisez-votre-participation\/formulaire-trophees\/#breadcrumb"},"inLanguage":"fr-FR","potentialAction":[{"@type":"ReadAction","target":["https:\/\/www.salon-saveurs.com\/printemps\/exposer\/optimisez-votre-participation\/formulaire-trophees\/"]}]},{"@type":"BreadcrumbList","@id":"https:\/\/www.salon-saveurs.com\/printemps\/exposer\/optimisez-votre-participation\/formulaire-trophees\/#breadcrumb","itemListElement":[{"@type":"ListItem","position":1,"name":"Accueil","item":"https:\/\/www.salon-saveurs.com\/printemps\/"},{"@type":"ListItem","position":2,"name":"Exposer","item":"https:\/\/www.salon-saveurs.com\/printemps\/exposer\/"},{"@type":"ListItem","position":3,"name":"Optimisez votre participation","item":"https:\/\/www.salon-saveurs.com\/printemps\/exposer\/optimisez-votre-participation\/"},{"@type":"ListItem","position":4,"name":"Formulaire Troph\u00e9es"}]},{"@type":"WebSite","@id":"https:\/\/www.salon-saveurs.com\/printemps\/#website","url":"https:\/\/www.salon-saveurs.com\/printemps\/","name":"Salon saveurs des plaisirs gourmands","description":"","publisher":{"@id":"https:\/\/www.salon-saveurs.com\/printemps\/#organization"},"potentialAction":[{"@type":"SearchAction","target":{"@type":"EntryPoint","urlTemplate":"https:\/\/www.salon-saveurs.com\/printemps\/?s={search_term_string}"},"query-input":{"@type":"PropertyValueSpecification","valueRequired":true,"valueName":"search_term_string"}}],"inLanguage":"fr-FR"},{"@type":"Organization","@id":"https:\/\/www.salon-saveurs.com\/printemps\/#organization","name":"Salon saveurs des plaisirs gourmands","url":"https:\/\/www.salon-saveurs.com\/printemps\/","logo":{"@type":"ImageObject","inLanguage":"fr-FR","@id":"https:\/\/www.salon-saveurs.com\/printemps\/#\/schema\/logo\/image\/","url":"https:\/\/www.salon-saveurs.com\/printemps\/wp-content\/uploads\/2025\/11\/logo-saveurs-COMPLET-TRANSPARENT-1.png","contentUrl":"https:\/\/www.salon-saveurs.com\/printemps\/wp-content\/uploads\/2025\/11\/logo-saveurs-COMPLET-TRANSPARENT-1.png","width":1600,"height":600,"caption":"Salon saveurs des plaisirs gourmands"},"image":{"@id":"https:\/\/www.salon-saveurs.com\/printemps\/#\/schema\/logo\/image\/"}}]}},"_links":{"self":[{"href":"https:\/\/www.salon-saveurs.com\/printemps\/wp-json\/wp\/v2\/pages\/7169","targetHints":{"allow":["GET"]}}],"collection":[{"href":"https:\/\/www.salon-saveurs.com\/printemps\/wp-json\/wp\/v2\/pages"}],"about":[{"href":"https:\/\/www.salon-saveurs.com\/printemps\/wp-json\/wp\/v2\/types\/page"}],"author":[{"embeddable":true,"href":"https:\/\/www.salon-saveurs.com\/printemps\/wp-json\/wp\/v2\/users\/1"}],"replies":[{"embeddable":true,"href":"https:\/\/www.salon-saveurs.com\/printemps\/wp-json\/wp\/v2\/comments?post=7169"}],"version-history":[{"count":0,"href":"https:\/\/www.salon-saveurs.com\/printemps\/wp-json\/wp\/v2\/pages\/7169\/revisions"}],"up":[{"embeddable":true,"href":"https:\/\/www.salon-saveurs.com\/printemps\/wp-json\/wp\/v2\/pages\/6981"}],"wp:attachment":[{"href":"https:\/\/www.salon-saveurs.com\/printemps\/wp-json\/wp\/v2\/media?parent=7169"}],"curies":[{"name":"wp","href":"https:\/\/api.w.org\/{rel}","templated":true}]}}