{"id":7157,"date":"2018-06-07T16:48:33","date_gmt":"2018-06-07T14:48:33","guid":{"rendered":"https:\/\/www.salon-saveurs.com\/printemps\/?page_id=7157"},"modified":"2024-09-16T16:51:32","modified_gmt":"2024-09-16T14:51:32","slug":"formulaire-infos-presse","status":"publish","type":"page","link":"https:\/\/www.salon-saveurs.com\/printemps\/formulaire-infos-presse\/","title":{"rendered":"Formulaire Portraits"},"content":{"rendered":"\n<div class=\"wpcf7 no-js\" id=\"wpcf7-f6980-o1\" lang=\"fr-FR\" dir=\"ltr\" data-wpcf7-id=\"6980\">\n<div class=\"screen-reader-response\"><p role=\"status\" aria-live=\"polite\" aria-atomic=\"true\"><\/p> <ul><\/ul><\/div>\n<form action=\"\/printemps\/wp-json\/wp\/v2\/pages\/7157#wpcf7-f6980-o1\" method=\"post\" class=\"wpcf7-form init\" aria-label=\"Formulaire de contact\" enctype=\"multipart\/form-data\" novalidate=\"novalidate\" data-status=\"init\">\n<fieldset class=\"hidden-fields-container\"><input type=\"hidden\" name=\"_wpcf7\" value=\"6980\" \/><input type=\"hidden\" name=\"_wpcf7_version\" value=\"6.1.5\" \/><input type=\"hidden\" name=\"_wpcf7_locale\" value=\"fr_FR\" \/><input type=\"hidden\" name=\"_wpcf7_unit_tag\" value=\"wpcf7-f6980-o1\" \/><input type=\"hidden\" name=\"_wpcf7_container_post\" value=\"0\" \/><input type=\"hidden\" name=\"_wpcf7_posted_data_hash\" value=\"\" \/>\n<\/fieldset>\n<p>Vos informations seront pr\u00e9sent\u00e9es aux visiteurs via <strong>le site internet du salon<\/strong>, sur <strong>les r\u00e9seaux sociaux<\/strong> et via <strong>des affiches A3 pr\u00e9sent\u00e9es durant 3 jours sur le salon<\/strong>.\n<\/p>\n<p><strong style=\"display:block; margin-top: 30px;\">Quel est le nom de votre d'enseigne ? <span style=\"color: red;\">*<\/span><\/strong>\n<\/p>\n<p>(<i>obligatoire<\/i>)\n<\/p>\n<p><span class=\"wpcf7-form-control-wrap\" data-name=\"nom_entreprise\"><input size=\"40\" maxlength=\"400\" class=\"wpcf7-form-control wpcf7-text wpcf7-validates-as-required\" aria-required=\"true\" aria-invalid=\"false\" value=\"\" type=\"text\" name=\"nom_entreprise\" \/><\/span>\n<\/p>\n<p><strong style=\"display:block; margin-top: 30px;\">Si vous pouviez avoir un super-pouvoir, lequel choisiriez-vous et pourquoi ? <span style=\"color: red;\">*<\/span><\/strong>\n<\/p>\n<p>(<i>obligatoire<\/i>)\n<\/p>\n<p>(<i>130 caract\u00e8res maximum<\/i>)\n<\/p>\n<p><span class=\"wpcf7-form-control-wrap\" data-name=\"super-pouvoir\"><textarea cols=\"40\" rows=\"10\" maxlength=\"130\" class=\"wpcf7-form-control wpcf7-textarea\" aria-invalid=\"false\" name=\"super-pouvoir\"><\/textarea><\/span>\n<\/p>\n<p><strong style=\"display:block; margin-top: 30px;\">Si vous pouviez d\u00eener avec une personne c\u00e9l\u00e8bre, vivante ou d\u00e9c\u00e9d\u00e9e, qui serait-ce et pourquoi ? <span style=\"color: red;\">*<\/span><\/strong>\n<\/p>\n<p>(<i>obligatoire<\/i>)\n<\/p>\n<p>(<i>130 caract\u00e8res maximum<\/i>)\n<\/p>\n<p><span class=\"wpcf7-form-control-wrap\" data-name=\"celebrite\"><textarea cols=\"40\" rows=\"10\" maxlength=\"130\" class=\"wpcf7-form-control wpcf7-textarea\" aria-invalid=\"false\" name=\"celebrite\"><\/textarea><\/span>\n<\/p>\n<p><strong style=\"display:block; margin-top: 30px;\">Si vous deviez choisir un plat pour repr\u00e9senter votre activit\u00e9, lequel serait-il ? <span style=\"color: red;\">*<\/span><\/strong>\n<\/p>\n<p>(<i>obligatoire<\/i>)\n<\/p>\n<p>(<i>130 caract\u00e8res maximum<\/i>)\n<\/p>\n<p><span class=\"wpcf7-form-control-wrap\" data-name=\"plat\"><textarea cols=\"40\" rows=\"10\" maxlength=\"130\" class=\"wpcf7-form-control wpcf7-textarea\" aria-invalid=\"false\" name=\"plat\"><\/textarea><\/span>\n<\/p>\n<p><strong style=\"display:block; margin-top: 30px;\">Pr\u00e9sentez bri\u00e8vement votre activit\u00e9 pour que les visiteurs sachent imm\u00e9diatement qui vous \u00eates. <span style=\"color: red;\">*<\/span><\/strong>\n<\/p>\n<p>(<i>obligatoire<\/i>)\n<\/p>\n<p><span class=\"wpcf7-form-control-wrap\" data-name=\"activite\"><input size=\"40\" maxlength=\"400\" class=\"wpcf7-form-control wpcf7-text wpcf7-validates-as-required\" aria-required=\"true\" aria-invalid=\"false\" value=\"\" type=\"text\" name=\"activite\" \/><\/span>\n<\/p>\n<p><strong style=\"display:block; margin-top: 30px;\">Que proposez-vous sur le salon ? Produits phares ? Des remises sur le stand ? Des nouveaut\u00e9s ? Des offres sp\u00e9ciales ou coffrets cadeaux en cette p\u00e9riode de f\u00eates ? <span style=\"color: red;\">*<\/span><\/strong>\n<\/p>\n<p>(<i>obligatoire<\/i>)\n<\/p>\n<p><span class=\"wpcf7-form-control-wrap\" data-name=\"produit\"><input size=\"40\" maxlength=\"400\" class=\"wpcf7-form-control wpcf7-text wpcf7-validates-as-required\" aria-required=\"true\" aria-invalid=\"false\" value=\"\" type=\"text\" name=\"produit\" \/><\/span>\n<\/p>\n<p><strong style=\"display:block; margin-top: 30px;\">Parlez-nous du salon Saveurs des Plaisirs Gourmands et de votre relation avec ce salon : <span style=\"color: red;\">*<\/span><\/strong>\n<\/p>\n<p>(<i>obligatoire<\/i>)\n<\/p>\n<p><span class=\"wpcf7-form-control-wrap\" data-name=\"relation\"><input size=\"40\" maxlength=\"400\" class=\"wpcf7-form-control wpcf7-text wpcf7-validates-as-required\" aria-required=\"true\" aria-invalid=\"false\" value=\"\" type=\"text\" name=\"relation\" \/><\/span>\n<\/p>\n<p><strong style=\"display:block; margin-top: 30px;\">Vos conseils pour des repas de f\u00eates r\u00e9ussis (table, d\u00e9coration, recettes, animations pendant le repas, accords culinaires\u2026) : <span style=\"color: red;\">*<\/span><\/strong>\n<\/p>\n<p>(<i>obligatoire<\/i>)\n<\/p>\n<p><span class=\"wpcf7-form-control-wrap\" data-name=\"conseil\"><input size=\"40\" maxlength=\"400\" class=\"wpcf7-form-control wpcf7-text wpcf7-validates-as-required\" aria-required=\"true\" aria-invalid=\"false\" value=\"\" type=\"text\" name=\"conseil\" \/><\/span>\n<\/p>\n<p><strong style=\"display:block; margin-top: 30px;\">Merci de nous joindre des visuels de qualit\u00e9 (photos de vous et\/ou de l'\u00e9quipe, du stand de l'an pass\u00e9, des produits\u2026)<\/strong>\n<\/p>\n<p>Cela est indispensable pour faire le relai sur internet et les r\u00e9seaux sociaux.\n<\/p>\n<p>Les images doivent :\n<\/p>\n<ul>\n\t<li>\n\t\t<p>\u00eatre au format \".jpg\" ou \".png\"\n\t\t<\/p>\n\t<\/li>\n\t<li>\n\t\t<p>d'une taille maximale de 2MO\n\t\t<\/p>\n\t<\/li>\n\t<li>\n\t\t<p>en paysage et portrait\n\t\t<\/p>\n\t<\/li>\n<\/ul>\n<p><strong style=\"display:block; margin-top: 30px;\">Image 1 : <span style=\"color: red;\">*<\/span><\/strong>\n<\/p>\n<p>(<i>obligatoire<\/i>)\n<\/p>\n<p><span class=\"wpcf7-form-control-wrap\" data-name=\"photo-1\"><input size=\"40\" class=\"wpcf7-form-control wpcf7-file\" accept=\".jpeg,.jpg,.png,.tif,.pdf,.svg,.webp,.bmp,.gif,.heif\" aria-invalid=\"false\" type=\"file\" name=\"photo-1\" \/><\/span>\n<\/p>\n<p><strong style=\"display:block; margin-top: 30px;\">Image 2 :<\/strong>\n<\/p>\n<p><span class=\"wpcf7-form-control-wrap\" data-name=\"photo-2\"><input size=\"40\" class=\"wpcf7-form-control wpcf7-file\" accept=\".jpeg,.jpg,.png,.tif,.pdf,.svg,.webp,.bmp,.gif,.heif\" aria-invalid=\"false\" type=\"file\" name=\"photo-2\" \/><\/span>\n<\/p>\n<p><strong style=\"display:block; margin-top: 30px;\">Votre adresse email : <span style=\"color: red;\">*<\/span><\/strong>\n<\/p>\n<p>(<i>obligatoire<\/i>)\n<\/p>\n<p><span class=\"wpcf7-form-control-wrap\" data-name=\"email-720\"><input size=\"40\" maxlength=\"400\" class=\"wpcf7-form-control wpcf7-email wpcf7-validates-as-required wpcf7-text wpcf7-validates-as-email\" aria-required=\"true\" aria-invalid=\"false\" value=\"\" type=\"email\" name=\"email-720\" \/><\/span>[honeypot email]\n<\/p>\n<p><label> <strong> Votre site internet :<br \/>\n<span class=\"wpcf7-form-control-wrap\" data-name=\"url-538\"><input size=\"40\" maxlength=\"400\" class=\"wpcf7-form-control wpcf7-url wpcf7-text wpcf7-validates-as-url\" aria-invalid=\"false\" value=\"\" type=\"url\" name=\"url-538\" \/><\/span><\/strong><\/label>\n<\/p>\n<p><label> <strong> Merci de nous indiquer sur quels r\u00e9seaux sociaux vous \u00eates pr\u00e9sents, ainsi que vos identifiants ou liens associ\u00e9s.<br \/>\n<span class=\"wpcf7-form-control-wrap\" data-name=\"reseaux-sociaux\"><textarea cols=\"40\" rows=\"10\" maxlength=\"2000\" class=\"wpcf7-form-control wpcf7-textarea wpcf7-validates-as-required\" aria-required=\"true\" aria-invalid=\"false\" name=\"reseaux-sociaux\"><\/textarea><\/span> <\/strong><\/label>\n<\/p>\n<p><input class=\"wpcf7-form-control wpcf7-submit has-spinner\" type=\"submit\" value=\"Envoyer\" \/>\n<\/p><div class=\"wpcf7-response-output\" aria-hidden=\"true\"><\/div>\n<\/form>\n<\/div>\n\n","protected":false},"excerpt":{"rendered":"","protected":false},"author":1,"featured_media":0,"parent":0,"menu_order":0,"comment_status":"closed","ping_status":"closed","template":"","meta":{"_monsterinsights_skip_tracking":false,"_monsterinsights_sitenote_active":false,"_monsterinsights_sitenote_note":"","_monsterinsights_sitenote_category":0,"footnotes":""},"class_list":["post-7157","page","type-page","status-publish","hentry"],"yoast_head":"<!-- This site is optimized with the Yoast SEO plugin v27.3 - https:\/\/yoast.com\/product\/yoast-seo-wordpress\/ -->\n<title>Formulaire Portraits - Salon saveurs des plaisirs gourmands<\/title>\n<meta name=\"robots\" content=\"index, follow, max-snippet:-1, max-image-preview:large, max-video-preview:-1\" \/>\n<link rel=\"canonical\" href=\"https:\/\/www.salon-saveurs.com\/printemps\/formulaire-infos-presse\/\" \/>\n<meta property=\"og:locale\" content=\"fr_FR\" \/>\n<meta property=\"og:type\" content=\"article\" \/>\n<meta property=\"og:title\" content=\"Formulaire Portraits - Salon saveurs des plaisirs gourmands\" \/>\n<meta property=\"og:url\" content=\"https:\/\/www.salon-saveurs.com\/printemps\/formulaire-infos-presse\/\" \/>\n<meta property=\"og:site_name\" content=\"Salon saveurs des plaisirs gourmands\" \/>\n<meta property=\"article:modified_time\" content=\"2024-09-16T14:51:32+00:00\" \/>\n<meta name=\"twitter:card\" content=\"summary_large_image\" \/>\n<meta name=\"twitter:label1\" content=\"Dur\u00e9e de lecture estim\u00e9e\" \/>\n\t<meta name=\"twitter:data1\" content=\"1 minute\" \/>\n<script type=\"application\/ld+json\" class=\"yoast-schema-graph\">{\"@context\":\"https:\\\/\\\/schema.org\",\"@graph\":[{\"@type\":\"WebPage\",\"@id\":\"https:\\\/\\\/www.salon-saveurs.com\\\/printemps\\\/formulaire-infos-presse\\\/\",\"url\":\"https:\\\/\\\/www.salon-saveurs.com\\\/printemps\\\/formulaire-infos-presse\\\/\",\"name\":\"Formulaire Portraits - Salon saveurs des plaisirs gourmands\",\"isPartOf\":{\"@id\":\"https:\\\/\\\/www.salon-saveurs.com\\\/printemps\\\/#website\"},\"datePublished\":\"2018-06-07T14:48:33+00:00\",\"dateModified\":\"2024-09-16T14:51:32+00:00\",\"breadcrumb\":{\"@id\":\"https:\\\/\\\/www.salon-saveurs.com\\\/printemps\\\/formulaire-infos-presse\\\/#breadcrumb\"},\"inLanguage\":\"fr-FR\",\"potentialAction\":[{\"@type\":\"ReadAction\",\"target\":[\"https:\\\/\\\/www.salon-saveurs.com\\\/printemps\\\/formulaire-infos-presse\\\/\"]}]},{\"@type\":\"BreadcrumbList\",\"@id\":\"https:\\\/\\\/www.salon-saveurs.com\\\/printemps\\\/formulaire-infos-presse\\\/#breadcrumb\",\"itemListElement\":[{\"@type\":\"ListItem\",\"position\":1,\"name\":\"Accueil\",\"item\":\"https:\\\/\\\/www.salon-saveurs.com\\\/printemps\\\/\"},{\"@type\":\"ListItem\",\"position\":2,\"name\":\"Formulaire Portraits\"}]},{\"@type\":\"WebSite\",\"@id\":\"https:\\\/\\\/www.salon-saveurs.com\\\/printemps\\\/#website\",\"url\":\"https:\\\/\\\/www.salon-saveurs.com\\\/printemps\\\/\",\"name\":\"Salon saveurs des plaisirs gourmands\",\"description\":\"\",\"publisher\":{\"@id\":\"https:\\\/\\\/www.salon-saveurs.com\\\/printemps\\\/#organization\"},\"potentialAction\":[{\"@type\":\"SearchAction\",\"target\":{\"@type\":\"EntryPoint\",\"urlTemplate\":\"https:\\\/\\\/www.salon-saveurs.com\\\/printemps\\\/?s={search_term_string}\"},\"query-input\":{\"@type\":\"PropertyValueSpecification\",\"valueRequired\":true,\"valueName\":\"search_term_string\"}}],\"inLanguage\":\"fr-FR\"},{\"@type\":\"Organization\",\"@id\":\"https:\\\/\\\/www.salon-saveurs.com\\\/printemps\\\/#organization\",\"name\":\"Salon saveurs des plaisirs gourmands\",\"url\":\"https:\\\/\\\/www.salon-saveurs.com\\\/printemps\\\/\",\"logo\":{\"@type\":\"ImageObject\",\"inLanguage\":\"fr-FR\",\"@id\":\"https:\\\/\\\/www.salon-saveurs.com\\\/printemps\\\/#\\\/schema\\\/logo\\\/image\\\/\",\"url\":\"https:\\\/\\\/www.salon-saveurs.com\\\/printemps\\\/wp-content\\\/uploads\\\/2025\\\/11\\\/logo-saveurs-COMPLET-TRANSPARENT-1.png\",\"contentUrl\":\"https:\\\/\\\/www.salon-saveurs.com\\\/printemps\\\/wp-content\\\/uploads\\\/2025\\\/11\\\/logo-saveurs-COMPLET-TRANSPARENT-1.png\",\"width\":1600,\"height\":600,\"caption\":\"Salon saveurs des plaisirs gourmands\"},\"image\":{\"@id\":\"https:\\\/\\\/www.salon-saveurs.com\\\/printemps\\\/#\\\/schema\\\/logo\\\/image\\\/\"}}]}<\/script>\n<!-- \/ Yoast SEO plugin. -->","yoast_head_json":{"title":"Formulaire Portraits - Salon saveurs des plaisirs gourmands","robots":{"index":"index","follow":"follow","max-snippet":"max-snippet:-1","max-image-preview":"max-image-preview:large","max-video-preview":"max-video-preview:-1"},"canonical":"https:\/\/www.salon-saveurs.com\/printemps\/formulaire-infos-presse\/","og_locale":"fr_FR","og_type":"article","og_title":"Formulaire Portraits - Salon saveurs des plaisirs gourmands","og_url":"https:\/\/www.salon-saveurs.com\/printemps\/formulaire-infos-presse\/","og_site_name":"Salon saveurs des plaisirs gourmands","article_modified_time":"2024-09-16T14:51:32+00:00","twitter_card":"summary_large_image","twitter_misc":{"Dur\u00e9e de lecture estim\u00e9e":"1 minute"},"schema":{"@context":"https:\/\/schema.org","@graph":[{"@type":"WebPage","@id":"https:\/\/www.salon-saveurs.com\/printemps\/formulaire-infos-presse\/","url":"https:\/\/www.salon-saveurs.com\/printemps\/formulaire-infos-presse\/","name":"Formulaire Portraits - Salon saveurs des plaisirs gourmands","isPartOf":{"@id":"https:\/\/www.salon-saveurs.com\/printemps\/#website"},"datePublished":"2018-06-07T14:48:33+00:00","dateModified":"2024-09-16T14:51:32+00:00","breadcrumb":{"@id":"https:\/\/www.salon-saveurs.com\/printemps\/formulaire-infos-presse\/#breadcrumb"},"inLanguage":"fr-FR","potentialAction":[{"@type":"ReadAction","target":["https:\/\/www.salon-saveurs.com\/printemps\/formulaire-infos-presse\/"]}]},{"@type":"BreadcrumbList","@id":"https:\/\/www.salon-saveurs.com\/printemps\/formulaire-infos-presse\/#breadcrumb","itemListElement":[{"@type":"ListItem","position":1,"name":"Accueil","item":"https:\/\/www.salon-saveurs.com\/printemps\/"},{"@type":"ListItem","position":2,"name":"Formulaire Portraits"}]},{"@type":"WebSite","@id":"https:\/\/www.salon-saveurs.com\/printemps\/#website","url":"https:\/\/www.salon-saveurs.com\/printemps\/","name":"Salon saveurs des plaisirs gourmands","description":"","publisher":{"@id":"https:\/\/www.salon-saveurs.com\/printemps\/#organization"},"potentialAction":[{"@type":"SearchAction","target":{"@type":"EntryPoint","urlTemplate":"https:\/\/www.salon-saveurs.com\/printemps\/?s={search_term_string}"},"query-input":{"@type":"PropertyValueSpecification","valueRequired":true,"valueName":"search_term_string"}}],"inLanguage":"fr-FR"},{"@type":"Organization","@id":"https:\/\/www.salon-saveurs.com\/printemps\/#organization","name":"Salon saveurs des plaisirs gourmands","url":"https:\/\/www.salon-saveurs.com\/printemps\/","logo":{"@type":"ImageObject","inLanguage":"fr-FR","@id":"https:\/\/www.salon-saveurs.com\/printemps\/#\/schema\/logo\/image\/","url":"https:\/\/www.salon-saveurs.com\/printemps\/wp-content\/uploads\/2025\/11\/logo-saveurs-COMPLET-TRANSPARENT-1.png","contentUrl":"https:\/\/www.salon-saveurs.com\/printemps\/wp-content\/uploads\/2025\/11\/logo-saveurs-COMPLET-TRANSPARENT-1.png","width":1600,"height":600,"caption":"Salon saveurs des plaisirs gourmands"},"image":{"@id":"https:\/\/www.salon-saveurs.com\/printemps\/#\/schema\/logo\/image\/"}}]}},"_links":{"self":[{"href":"https:\/\/www.salon-saveurs.com\/printemps\/wp-json\/wp\/v2\/pages\/7157","targetHints":{"allow":["GET"]}}],"collection":[{"href":"https:\/\/www.salon-saveurs.com\/printemps\/wp-json\/wp\/v2\/pages"}],"about":[{"href":"https:\/\/www.salon-saveurs.com\/printemps\/wp-json\/wp\/v2\/types\/page"}],"author":[{"embeddable":true,"href":"https:\/\/www.salon-saveurs.com\/printemps\/wp-json\/wp\/v2\/users\/1"}],"replies":[{"embeddable":true,"href":"https:\/\/www.salon-saveurs.com\/printemps\/wp-json\/wp\/v2\/comments?post=7157"}],"version-history":[{"count":0,"href":"https:\/\/www.salon-saveurs.com\/printemps\/wp-json\/wp\/v2\/pages\/7157\/revisions"}],"wp:attachment":[{"href":"https:\/\/www.salon-saveurs.com\/printemps\/wp-json\/wp\/v2\/media?parent=7157"}],"curies":[{"name":"wp","href":"https:\/\/api.w.org\/{rel}","templated":true}]}}