{"id":6981,"date":"2018-04-05T15:32:47","date_gmt":"2018-04-05T13:32:47","guid":{"rendered":"https:\/\/www.salon-saveurs.com\/printemps\/?page_id=6981"},"modified":"2025-09-11T10:35:47","modified_gmt":"2025-09-11T08:35:47","slug":"optimisez-votre-participation","status":"publish","type":"page","link":"https:\/\/www.salon-saveurs.com\/printemps\/exposer\/optimisez-votre-participation\/","title":{"rendered":"Optimisez votre participation"},"content":{"rendered":"<p><strong>Vous \u00eates exposant au salon Saveurs des Plaisirs Gourmands &#8211; printemps 2026, d\u00e9couvrez toutes les opportunit\u00e9s pour optimiser votre participation au salon.<\/strong><\/p>\n<h2>\u00a0<\/h2>\n<h2><span style=\"color: #afc73c;\"><strong>Portraits : Votre activit\u00e9 int\u00e9resse les visiteurs et les journalistes !<\/strong><\/span><\/h2>\n<p>Profitez de cette opportunit\u00e9 pour mettre en avant votre entreprise, vos nouveaut\u00e9s&#8230; Vos informations seront pr\u00e9sent\u00e9es aux visiteurs via le site internet et les r\u00e9seaux sociaux.<\/p>\n<p><span style=\"color: #e5007d;\"><a style=\"color: #e5007d;\" href=\"https:\/\/www.salon-saveurs.com\/printemps\/formulaire-infos-presse\/\">Remplissez le formulaire \u00ab\u00a0Portraits\u00a0\u00bb<\/a><\/span><\/p>\n<h2>\u00a0<\/h2>\n<h2><span style=\"color: #afc73c;\"><strong>Recettes : vos produits mis en sc\u00e8ne<\/strong><\/span><\/h2>\n<p>Pr\u00e9sentez les recettes \u00e9labor\u00e9es \u00e0 partir de vos produits et proposez vos id\u00e9es aux visiteurs. Vos recettes seront publi\u00e9es sur le site internet du salon et affich\u00e9es dans le salon. Maximum 3 recettes par exposant.<\/p>\n<p><span style=\"color: #e5007d;\"><a style=\"color: #e5007d;\" href=\"https:\/\/www.salon-saveurs.com\/printemps\/?p=7166\">Expliquez vos recettes<\/a><\/span><\/p>\n<h2>\u00a0<\/h2>\n<h2><span style=\"color: #afc73c;\"><strong>Nocturne : un soir\u00e9e anim\u00e9e<\/strong><\/span><\/h2>\n<p>Profitez de la nocturne du vendredi 10 avril 2026 pour proposer vos produits \u00e0 la d\u00e9gustation sur votre stand. Pour en savoir plus et participer \u00e0 cet \u00e9v\u00e9nement, remplissez le formulaire d\u00e9di\u00e9 et vos actions seront pr\u00e9sent\u00e9es aux visiteurs \u00e0 partir de septembre.<\/p>\n<p><span style=\"color: #e5007d;\"><a style=\"color: #e5007d;\" href=\"https:\/\/www.salon-saveurs.com\/printemps\/?p=7163\">Pr\u00e9sentez vos produits \u00e0 d\u00e9guster<\/a><\/span><\/p>\n","protected":false},"excerpt":{"rendered":"<p>Vous \u00eates exposant au salon Saveurs des Plaisirs Gourmands &#8211; printemps 2026, d\u00e9couvrez toutes les opportunit\u00e9s pour optimiser votre participation au salon. \u00a0 Portraits : Votre activit\u00e9 int\u00e9resse les visiteurs et les journalistes ! Profitez de cette opportunit\u00e9 pour mettre en avant votre entreprise, vos nouveaut\u00e9s&#8230; Vos informations seront pr\u00e9sent\u00e9es aux visiteurs via le site&hellip; <\/p>\n","protected":false},"author":1,"featured_media":25331,"parent":16,"menu_order":6,"comment_status":"closed","ping_status":"closed","template":"","meta":{"_monsterinsights_skip_tracking":false,"_monsterinsights_sitenote_active":false,"_monsterinsights_sitenote_note":"","_monsterinsights_sitenote_category":0,"footnotes":""},"class_list":["post-6981","page","type-page","status-publish","has-post-thumbnail","hentry"],"yoast_head":"<!-- This site is optimized with the Yoast SEO plugin v27.3 - https:\/\/yoast.com\/product\/yoast-seo-wordpress\/ -->\n<title>Optimisez votre participation - Salon saveurs des plaisirs gourmands<\/title>\n<meta name=\"robots\" content=\"index, follow, max-snippet:-1, max-image-preview:large, max-video-preview:-1\" \/>\n<link rel=\"canonical\" href=\"https:\/\/www.salon-saveurs.com\/printemps\/exposer\/optimisez-votre-participation\/\" \/>\n<meta property=\"og:locale\" content=\"fr_FR\" \/>\n<meta property=\"og:type\" content=\"article\" \/>\n<meta property=\"og:title\" content=\"Optimisez votre participation - Salon saveurs des plaisirs gourmands\" \/>\n<meta property=\"og:description\" content=\"Vous \u00eates exposant au salon Saveurs des Plaisirs Gourmands &#8211; printemps 2026, d\u00e9couvrez toutes les opportunit\u00e9s pour optimiser votre participation au salon. \u00a0 Portraits : Votre activit\u00e9 int\u00e9resse les visiteurs et les journalistes ! Profitez de cette opportunit\u00e9 pour mettre en avant votre entreprise, vos nouveaut\u00e9s&#8230; Vos informations seront pr\u00e9sent\u00e9es aux visiteurs via le site&hellip;\" \/>\n<meta property=\"og:url\" content=\"https:\/\/www.salon-saveurs.com\/printemps\/exposer\/optimisez-votre-participation\/\" \/>\n<meta property=\"og:site_name\" content=\"Salon saveurs des plaisirs gourmands\" \/>\n<meta property=\"article:modified_time\" content=\"2025-09-11T08:35:47+00:00\" \/>\n<meta property=\"og:image\" content=\"https:\/\/www.salon-saveurs.com\/printemps\/wp-content\/uploads\/2025\/04\/3.png\" \/>\n\t<meta property=\"og:image:width\" content=\"2000\" \/>\n\t<meta property=\"og:image:height\" content=\"600\" \/>\n\t<meta property=\"og:image:type\" content=\"image\/png\" \/>\n<meta name=\"twitter:card\" content=\"summary_large_image\" \/>\n<meta name=\"twitter:label1\" content=\"Dur\u00e9e de lecture estim\u00e9e\" \/>\n\t<meta name=\"twitter:data1\" content=\"1 minute\" \/>\n<script type=\"application\/ld+json\" class=\"yoast-schema-graph\">{\"@context\":\"https:\\\/\\\/schema.org\",\"@graph\":[{\"@type\":\"WebPage\",\"@id\":\"https:\\\/\\\/www.salon-saveurs.com\\\/printemps\\\/exposer\\\/optimisez-votre-participation\\\/\",\"url\":\"https:\\\/\\\/www.salon-saveurs.com\\\/printemps\\\/exposer\\\/optimisez-votre-participation\\\/\",\"name\":\"Optimisez votre participation - Salon saveurs des plaisirs gourmands\",\"isPartOf\":{\"@id\":\"https:\\\/\\\/www.salon-saveurs.com\\\/printemps\\\/#website\"},\"primaryImageOfPage\":{\"@id\":\"https:\\\/\\\/www.salon-saveurs.com\\\/printemps\\\/exposer\\\/optimisez-votre-participation\\\/#primaryimage\"},\"image\":{\"@id\":\"https:\\\/\\\/www.salon-saveurs.com\\\/printemps\\\/exposer\\\/optimisez-votre-participation\\\/#primaryimage\"},\"thumbnailUrl\":\"https:\\\/\\\/www.salon-saveurs.com\\\/printemps\\\/wp-content\\\/uploads\\\/2025\\\/04\\\/3.png\",\"datePublished\":\"2018-04-05T13:32:47+00:00\",\"dateModified\":\"2025-09-11T08:35:47+00:00\",\"breadcrumb\":{\"@id\":\"https:\\\/\\\/www.salon-saveurs.com\\\/printemps\\\/exposer\\\/optimisez-votre-participation\\\/#breadcrumb\"},\"inLanguage\":\"fr-FR\",\"potentialAction\":[{\"@type\":\"ReadAction\",\"target\":[\"https:\\\/\\\/www.salon-saveurs.com\\\/printemps\\\/exposer\\\/optimisez-votre-participation\\\/\"]}]},{\"@type\":\"ImageObject\",\"inLanguage\":\"fr-FR\",\"@id\":\"https:\\\/\\\/www.salon-saveurs.com\\\/printemps\\\/exposer\\\/optimisez-votre-participation\\\/#primaryimage\",\"url\":\"https:\\\/\\\/www.salon-saveurs.com\\\/printemps\\\/wp-content\\\/uploads\\\/2025\\\/04\\\/3.png\",\"contentUrl\":\"https:\\\/\\\/www.salon-saveurs.com\\\/printemps\\\/wp-content\\\/uploads\\\/2025\\\/04\\\/3.png\",\"width\":2000,\"height\":600},{\"@type\":\"BreadcrumbList\",\"@id\":\"https:\\\/\\\/www.salon-saveurs.com\\\/printemps\\\/exposer\\\/optimisez-votre-participation\\\/#breadcrumb\",\"itemListElement\":[{\"@type\":\"ListItem\",\"position\":1,\"name\":\"Accueil\",\"item\":\"https:\\\/\\\/www.salon-saveurs.com\\\/printemps\\\/\"},{\"@type\":\"ListItem\",\"position\":2,\"name\":\"Exposer\",\"item\":\"https:\\\/\\\/www.salon-saveurs.com\\\/printemps\\\/exposer\\\/\"},{\"@type\":\"ListItem\",\"position\":3,\"name\":\"Optimisez votre participation\"}]},{\"@type\":\"WebSite\",\"@id\":\"https:\\\/\\\/www.salon-saveurs.com\\\/printemps\\\/#website\",\"url\":\"https:\\\/\\\/www.salon-saveurs.com\\\/printemps\\\/\",\"name\":\"Salon saveurs des plaisirs gourmands\",\"description\":\"\",\"publisher\":{\"@id\":\"https:\\\/\\\/www.salon-saveurs.com\\\/printemps\\\/#organization\"},\"potentialAction\":[{\"@type\":\"SearchAction\",\"target\":{\"@type\":\"EntryPoint\",\"urlTemplate\":\"https:\\\/\\\/www.salon-saveurs.com\\\/printemps\\\/?s={search_term_string}\"},\"query-input\":{\"@type\":\"PropertyValueSpecification\",\"valueRequired\":true,\"valueName\":\"search_term_string\"}}],\"inLanguage\":\"fr-FR\"},{\"@type\":\"Organization\",\"@id\":\"https:\\\/\\\/www.salon-saveurs.com\\\/printemps\\\/#organization\",\"name\":\"Salon saveurs des plaisirs gourmands\",\"url\":\"https:\\\/\\\/www.salon-saveurs.com\\\/printemps\\\/\",\"logo\":{\"@type\":\"ImageObject\",\"inLanguage\":\"fr-FR\",\"@id\":\"https:\\\/\\\/www.salon-saveurs.com\\\/printemps\\\/#\\\/schema\\\/logo\\\/image\\\/\",\"url\":\"https:\\\/\\\/www.salon-saveurs.com\\\/printemps\\\/wp-content\\\/uploads\\\/2025\\\/11\\\/logo-saveurs-COMPLET-TRANSPARENT-1.png\",\"contentUrl\":\"https:\\\/\\\/www.salon-saveurs.com\\\/printemps\\\/wp-content\\\/uploads\\\/2025\\\/11\\\/logo-saveurs-COMPLET-TRANSPARENT-1.png\",\"width\":1600,\"height\":600,\"caption\":\"Salon saveurs des plaisirs gourmands\"},\"image\":{\"@id\":\"https:\\\/\\\/www.salon-saveurs.com\\\/printemps\\\/#\\\/schema\\\/logo\\\/image\\\/\"}}]}<\/script>\n<!-- \/ Yoast SEO plugin. -->","yoast_head_json":{"title":"Optimisez votre participation - Salon saveurs des plaisirs gourmands","robots":{"index":"index","follow":"follow","max-snippet":"max-snippet:-1","max-image-preview":"max-image-preview:large","max-video-preview":"max-video-preview:-1"},"canonical":"https:\/\/www.salon-saveurs.com\/printemps\/exposer\/optimisez-votre-participation\/","og_locale":"fr_FR","og_type":"article","og_title":"Optimisez votre participation - Salon saveurs des plaisirs gourmands","og_description":"Vous \u00eates exposant au salon Saveurs des Plaisirs Gourmands &#8211; printemps 2026, d\u00e9couvrez toutes les opportunit\u00e9s pour optimiser votre participation au salon. \u00a0 Portraits : Votre activit\u00e9 int\u00e9resse les visiteurs et les journalistes ! Profitez de cette opportunit\u00e9 pour mettre en avant votre entreprise, vos nouveaut\u00e9s&#8230; Vos informations seront pr\u00e9sent\u00e9es aux visiteurs via le site&hellip;","og_url":"https:\/\/www.salon-saveurs.com\/printemps\/exposer\/optimisez-votre-participation\/","og_site_name":"Salon saveurs des plaisirs gourmands","article_modified_time":"2025-09-11T08:35:47+00:00","og_image":[{"width":2000,"height":600,"url":"https:\/\/www.salon-saveurs.com\/printemps\/wp-content\/uploads\/2025\/04\/3.png","type":"image\/png"}],"twitter_card":"summary_large_image","twitter_misc":{"Dur\u00e9e de lecture estim\u00e9e":"1 minute"},"schema":{"@context":"https:\/\/schema.org","@graph":[{"@type":"WebPage","@id":"https:\/\/www.salon-saveurs.com\/printemps\/exposer\/optimisez-votre-participation\/","url":"https:\/\/www.salon-saveurs.com\/printemps\/exposer\/optimisez-votre-participation\/","name":"Optimisez votre participation - Salon saveurs des plaisirs gourmands","isPartOf":{"@id":"https:\/\/www.salon-saveurs.com\/printemps\/#website"},"primaryImageOfPage":{"@id":"https:\/\/www.salon-saveurs.com\/printemps\/exposer\/optimisez-votre-participation\/#primaryimage"},"image":{"@id":"https:\/\/www.salon-saveurs.com\/printemps\/exposer\/optimisez-votre-participation\/#primaryimage"},"thumbnailUrl":"https:\/\/www.salon-saveurs.com\/printemps\/wp-content\/uploads\/2025\/04\/3.png","datePublished":"2018-04-05T13:32:47+00:00","dateModified":"2025-09-11T08:35:47+00:00","breadcrumb":{"@id":"https:\/\/www.salon-saveurs.com\/printemps\/exposer\/optimisez-votre-participation\/#breadcrumb"},"inLanguage":"fr-FR","potentialAction":[{"@type":"ReadAction","target":["https:\/\/www.salon-saveurs.com\/printemps\/exposer\/optimisez-votre-participation\/"]}]},{"@type":"ImageObject","inLanguage":"fr-FR","@id":"https:\/\/www.salon-saveurs.com\/printemps\/exposer\/optimisez-votre-participation\/#primaryimage","url":"https:\/\/www.salon-saveurs.com\/printemps\/wp-content\/uploads\/2025\/04\/3.png","contentUrl":"https:\/\/www.salon-saveurs.com\/printemps\/wp-content\/uploads\/2025\/04\/3.png","width":2000,"height":600},{"@type":"BreadcrumbList","@id":"https:\/\/www.salon-saveurs.com\/printemps\/exposer\/optimisez-votre-participation\/#breadcrumb","itemListElement":[{"@type":"ListItem","position":1,"name":"Accueil","item":"https:\/\/www.salon-saveurs.com\/printemps\/"},{"@type":"ListItem","position":2,"name":"Exposer","item":"https:\/\/www.salon-saveurs.com\/printemps\/exposer\/"},{"@type":"ListItem","position":3,"name":"Optimisez votre participation"}]},{"@type":"WebSite","@id":"https:\/\/www.salon-saveurs.com\/printemps\/#website","url":"https:\/\/www.salon-saveurs.com\/printemps\/","name":"Salon saveurs des plaisirs gourmands","description":"","publisher":{"@id":"https:\/\/www.salon-saveurs.com\/printemps\/#organization"},"potentialAction":[{"@type":"SearchAction","target":{"@type":"EntryPoint","urlTemplate":"https:\/\/www.salon-saveurs.com\/printemps\/?s={search_term_string}"},"query-input":{"@type":"PropertyValueSpecification","valueRequired":true,"valueName":"search_term_string"}}],"inLanguage":"fr-FR"},{"@type":"Organization","@id":"https:\/\/www.salon-saveurs.com\/printemps\/#organization","name":"Salon saveurs des plaisirs gourmands","url":"https:\/\/www.salon-saveurs.com\/printemps\/","logo":{"@type":"ImageObject","inLanguage":"fr-FR","@id":"https:\/\/www.salon-saveurs.com\/printemps\/#\/schema\/logo\/image\/","url":"https:\/\/www.salon-saveurs.com\/printemps\/wp-content\/uploads\/2025\/11\/logo-saveurs-COMPLET-TRANSPARENT-1.png","contentUrl":"https:\/\/www.salon-saveurs.com\/printemps\/wp-content\/uploads\/2025\/11\/logo-saveurs-COMPLET-TRANSPARENT-1.png","width":1600,"height":600,"caption":"Salon saveurs des plaisirs gourmands"},"image":{"@id":"https:\/\/www.salon-saveurs.com\/printemps\/#\/schema\/logo\/image\/"}}]}},"_links":{"self":[{"href":"https:\/\/www.salon-saveurs.com\/printemps\/wp-json\/wp\/v2\/pages\/6981","targetHints":{"allow":["GET"]}}],"collection":[{"href":"https:\/\/www.salon-saveurs.com\/printemps\/wp-json\/wp\/v2\/pages"}],"about":[{"href":"https:\/\/www.salon-saveurs.com\/printemps\/wp-json\/wp\/v2\/types\/page"}],"author":[{"embeddable":true,"href":"https:\/\/www.salon-saveurs.com\/printemps\/wp-json\/wp\/v2\/users\/1"}],"replies":[{"embeddable":true,"href":"https:\/\/www.salon-saveurs.com\/printemps\/wp-json\/wp\/v2\/comments?post=6981"}],"version-history":[{"count":0,"href":"https:\/\/www.salon-saveurs.com\/printemps\/wp-json\/wp\/v2\/pages\/6981\/revisions"}],"up":[{"embeddable":true,"href":"https:\/\/www.salon-saveurs.com\/printemps\/wp-json\/wp\/v2\/pages\/16"}],"wp:featuredmedia":[{"embeddable":true,"href":"https:\/\/www.salon-saveurs.com\/printemps\/wp-json\/wp\/v2\/media\/25331"}],"wp:attachment":[{"href":"https:\/\/www.salon-saveurs.com\/printemps\/wp-json\/wp\/v2\/media?parent=6981"}],"curies":[{"name":"wp","href":"https:\/\/api.w.org\/{rel}","templated":true}]}}