{"id":6612,"date":"2018-03-09T10:04:52","date_gmt":"2018-03-09T09:04:52","guid":{"rendered":"https:\/\/www.salon-saveurs.com\/printemps\/?page_id=6612"},"modified":"2020-10-26T10:17:30","modified_gmt":"2020-10-26T09:17:30","slug":"les-nouveautes-2018","status":"publish","type":"page","link":"https:\/\/www.salon-saveurs.com\/printemps\/les-nouveautes-2018\/","title":{"rendered":"Temps forts &#038; nouveaut\u00e9s 2019"},"content":{"rendered":"\r\n<h2><img decoding=\"async\" src=\"https:\/\/www.salon-saveurs.com\/printemps\/wp-content\/uploads\/2019\/07\/soupe.jpg\" \/><\/h2>\r\n<h2>D\u00e9couvrez les nouveaut\u00e9s de cette 23<sup>\u00e8me<\/sup> \u00e9dition<\/h2>\r\n<p><strong>Le village RVF<\/strong> : le salon Saveurs des Plaisirs Gourmands accueillera cette ann\u00e9e le salon de la Revue du Vin de France. Pour les amateurs de\u00a0vin et spiritueux, c&rsquo;est l&rsquo;occasion de d\u00e9guster des vins allant des\u00a0plus grands crus jusqu&rsquo;aux d\u00e9couvertes. Retrouvez les exposants du village <a href=\"https:\/\/www.salon-saveurs.com\/printemps\/visiter\/liste-des-exposants\/wpbdp_category\/le-village-la-revue-du-vin-de-france\/\">par ici<\/a>.<\/p>\r\n<p><strong>Le village des Mara\u00eechers<\/strong> : r\u00e9serv\u00e9 aux\u00a0exploitations de fruits\u00a0et l\u00e9gumes ou plantes\u00a0aromatiques, cet espace est un vrai march\u00e9 primeur au sein du salon. Retrouvez de nombreux produits frais et achetez en direct des producteurs.<\/p>\r\n<h2>Retrouvez les temps forts du salon<\/h2>\r\n<p><strong><a href=\"https:\/\/www.salon-saveurs.com\/printemps\/des-produits-fermiers-sur-le-marche-des-producteurs\/\">Le March\u00e9 des Producteurs<\/a> :<\/strong>\u00a0les producteurs de nos r\u00e9gions vous donnent rendez-vous pour une \u00e9dition r\u00e9solument authentique qui met \u00e0 l&rsquo;honneur les meilleurs produits du terroir. \u00a0Venez acheter en direct aupr\u00e8s des paysans producteurs fermiers !<\/p>\r\n<p><strong>Le Food Lab :<\/strong>\u00a0cet espace est d\u00e9di\u00e9 aux jeunes cr\u00e9ateurs et start-ups qui proposent des produits originaux et gourmands.\u00a0Partez \u00e0 la d\u00e9couverte des produits innovants de demain et consommez diff\u00e9remment avec ces jeunes pousses !<\/p>\r\n<p><strong><a href=\"https:\/\/www.salon-saveurs.com\/printemps\/happy-hour-afterwork-le-vendredi-29-novembre-2019\/\">L&rsquo;Happy Hour &amp; la nocturne anim\u00e9e<\/a> :<\/strong>\u00a0le vendredi soir jusqu&rsquo;\u00e0 21h, venez profiter des diff\u00e9rentes animations sur le th\u00e8me des repas de f\u00eate.\u00a0Participez \u00e0 ce moment de convivialit\u00e9 avec nos vignerons et \u00e9changez avec des producteurs r\u00e9coltants passionn\u00e9s autour d&rsquo;un <strong>ap\u00e9ro g\u00e9ant<\/strong> !<\/p>\r\n<p>&nbsp;<\/p>\r\n<p><strong>Si vous souhaitez en savoir plus :\u00a0<\/strong><\/p>\r\n<ul>\r\n\t<li><a href=\"..\/presentation-du-salon\/\">Pr\u00e9sentation du salon<\/a><\/li>\r\n\t<li><a href=\"..\/les-secteurs-du-salon\/\">Les secteurs du salon<\/a><\/li>\r\n\t<li><a href=\"..\/liste-des-exposants\/\">Liste des exposants<\/a><\/li>\r\n\t<li><a href=\"..\/les-trophees-saveurs\/\">Les Troph\u00e9es Saveurs<\/a><\/li>\r\n\t<li><a href=\"..\/le-salon-en-images-2\/\">Les photos du salon<\/a><\/li>\r\n\t<li><a href=\"..\/les-recettes-des-exposants\/\">Les recettes des exposants<\/a><\/li>\r\n\t<li><a href=\"..\/parcours-de-visite\/\">Les parcours de visite<\/a><\/li>\r\n<\/ul>\r\n","protected":false},"excerpt":{"rendered":"","protected":false},"author":1,"featured_media":0,"parent":0,"menu_order":20,"comment_status":"closed","ping_status":"closed","template":"","meta":{"_monsterinsights_skip_tracking":false,"_monsterinsights_sitenote_active":false,"_monsterinsights_sitenote_note":"","_monsterinsights_sitenote_category":0,"footnotes":""},"class_list":["post-6612","page","type-page","status-publish","hentry"],"yoast_head":"<!-- This site is optimized with the Yoast SEO plugin v27.3 - https:\/\/yoast.com\/product\/yoast-seo-wordpress\/ -->\n<title>Temps forts &amp; nouveaut\u00e9s 2019 - Salon saveurs des plaisirs gourmands<\/title>\n<meta name=\"robots\" content=\"index, follow, max-snippet:-1, max-image-preview:large, max-video-preview:-1\" \/>\n<link rel=\"canonical\" href=\"https:\/\/www.salon-saveurs.com\/printemps\/les-nouveautes-2018\/\" \/>\n<meta property=\"og:locale\" content=\"fr_FR\" \/>\n<meta property=\"og:type\" content=\"article\" \/>\n<meta property=\"og:title\" content=\"Temps forts &amp; nouveaut\u00e9s 2019 - Salon saveurs des plaisirs gourmands\" \/>\n<meta property=\"og:url\" content=\"https:\/\/www.salon-saveurs.com\/printemps\/les-nouveautes-2018\/\" \/>\n<meta property=\"og:site_name\" content=\"Salon saveurs des plaisirs gourmands\" \/>\n<meta property=\"article:modified_time\" content=\"2020-10-26T09:17:30+00:00\" \/>\n<meta property=\"og:image\" content=\"https:\/\/www.salon-saveurs.com\/printemps\/wp-content\/uploads\/2019\/07\/soupe.jpg\" \/>\n<meta name=\"twitter:card\" content=\"summary_large_image\" \/>\n<meta name=\"twitter:label1\" content=\"Dur\u00e9e de lecture estim\u00e9e\" \/>\n\t<meta name=\"twitter:data1\" content=\"1 minute\" \/>\n<script type=\"application\/ld+json\" class=\"yoast-schema-graph\">{\"@context\":\"https:\\\/\\\/schema.org\",\"@graph\":[{\"@type\":\"WebPage\",\"@id\":\"https:\\\/\\\/www.salon-saveurs.com\\\/printemps\\\/les-nouveautes-2018\\\/\",\"url\":\"https:\\\/\\\/www.salon-saveurs.com\\\/printemps\\\/les-nouveautes-2018\\\/\",\"name\":\"Temps forts & nouveaut\u00e9s 2019 - Salon saveurs des plaisirs gourmands\",\"isPartOf\":{\"@id\":\"https:\\\/\\\/www.salon-saveurs.com\\\/printemps\\\/#website\"},\"primaryImageOfPage\":{\"@id\":\"https:\\\/\\\/www.salon-saveurs.com\\\/printemps\\\/les-nouveautes-2018\\\/#primaryimage\"},\"image\":{\"@id\":\"https:\\\/\\\/www.salon-saveurs.com\\\/printemps\\\/les-nouveautes-2018\\\/#primaryimage\"},\"thumbnailUrl\":\"https:\\\/\\\/www.salon-saveurs.com\\\/printemps\\\/wp-content\\\/uploads\\\/2019\\\/07\\\/soupe.jpg\",\"datePublished\":\"2018-03-09T09:04:52+00:00\",\"dateModified\":\"2020-10-26T09:17:30+00:00\",\"breadcrumb\":{\"@id\":\"https:\\\/\\\/www.salon-saveurs.com\\\/printemps\\\/les-nouveautes-2018\\\/#breadcrumb\"},\"inLanguage\":\"fr-FR\",\"potentialAction\":[{\"@type\":\"ReadAction\",\"target\":[\"https:\\\/\\\/www.salon-saveurs.com\\\/printemps\\\/les-nouveautes-2018\\\/\"]}]},{\"@type\":\"ImageObject\",\"inLanguage\":\"fr-FR\",\"@id\":\"https:\\\/\\\/www.salon-saveurs.com\\\/printemps\\\/les-nouveautes-2018\\\/#primaryimage\",\"url\":\"https:\\\/\\\/www.salon-saveurs.com\\\/printemps\\\/wp-content\\\/uploads\\\/2019\\\/07\\\/soupe.jpg\",\"contentUrl\":\"https:\\\/\\\/www.salon-saveurs.com\\\/printemps\\\/wp-content\\\/uploads\\\/2019\\\/07\\\/soupe.jpg\"},{\"@type\":\"BreadcrumbList\",\"@id\":\"https:\\\/\\\/www.salon-saveurs.com\\\/printemps\\\/les-nouveautes-2018\\\/#breadcrumb\",\"itemListElement\":[{\"@type\":\"ListItem\",\"position\":1,\"name\":\"Accueil\",\"item\":\"https:\\\/\\\/www.salon-saveurs.com\\\/printemps\\\/\"},{\"@type\":\"ListItem\",\"position\":2,\"name\":\"Temps forts &#038; nouveaut\u00e9s 2019\"}]},{\"@type\":\"WebSite\",\"@id\":\"https:\\\/\\\/www.salon-saveurs.com\\\/printemps\\\/#website\",\"url\":\"https:\\\/\\\/www.salon-saveurs.com\\\/printemps\\\/\",\"name\":\"Salon saveurs des plaisirs gourmands\",\"description\":\"\",\"publisher\":{\"@id\":\"https:\\\/\\\/www.salon-saveurs.com\\\/printemps\\\/#organization\"},\"potentialAction\":[{\"@type\":\"SearchAction\",\"target\":{\"@type\":\"EntryPoint\",\"urlTemplate\":\"https:\\\/\\\/www.salon-saveurs.com\\\/printemps\\\/?s={search_term_string}\"},\"query-input\":{\"@type\":\"PropertyValueSpecification\",\"valueRequired\":true,\"valueName\":\"search_term_string\"}}],\"inLanguage\":\"fr-FR\"},{\"@type\":\"Organization\",\"@id\":\"https:\\\/\\\/www.salon-saveurs.com\\\/printemps\\\/#organization\",\"name\":\"Salon saveurs des plaisirs gourmands\",\"url\":\"https:\\\/\\\/www.salon-saveurs.com\\\/printemps\\\/\",\"logo\":{\"@type\":\"ImageObject\",\"inLanguage\":\"fr-FR\",\"@id\":\"https:\\\/\\\/www.salon-saveurs.com\\\/printemps\\\/#\\\/schema\\\/logo\\\/image\\\/\",\"url\":\"https:\\\/\\\/www.salon-saveurs.com\\\/printemps\\\/wp-content\\\/uploads\\\/2025\\\/11\\\/logo-saveurs-COMPLET-TRANSPARENT-1.png\",\"contentUrl\":\"https:\\\/\\\/www.salon-saveurs.com\\\/printemps\\\/wp-content\\\/uploads\\\/2025\\\/11\\\/logo-saveurs-COMPLET-TRANSPARENT-1.png\",\"width\":1600,\"height\":600,\"caption\":\"Salon saveurs des plaisirs gourmands\"},\"image\":{\"@id\":\"https:\\\/\\\/www.salon-saveurs.com\\\/printemps\\\/#\\\/schema\\\/logo\\\/image\\\/\"}}]}<\/script>\n<!-- \/ Yoast SEO plugin. -->","yoast_head_json":{"title":"Temps forts & nouveaut\u00e9s 2019 - Salon saveurs des plaisirs gourmands","robots":{"index":"index","follow":"follow","max-snippet":"max-snippet:-1","max-image-preview":"max-image-preview:large","max-video-preview":"max-video-preview:-1"},"canonical":"https:\/\/www.salon-saveurs.com\/printemps\/les-nouveautes-2018\/","og_locale":"fr_FR","og_type":"article","og_title":"Temps forts & nouveaut\u00e9s 2019 - Salon saveurs des plaisirs gourmands","og_url":"https:\/\/www.salon-saveurs.com\/printemps\/les-nouveautes-2018\/","og_site_name":"Salon saveurs des plaisirs gourmands","article_modified_time":"2020-10-26T09:17:30+00:00","og_image":[{"url":"https:\/\/www.salon-saveurs.com\/printemps\/wp-content\/uploads\/2019\/07\/soupe.jpg","type":"","width":"","height":""}],"twitter_card":"summary_large_image","twitter_misc":{"Dur\u00e9e de lecture estim\u00e9e":"1 minute"},"schema":{"@context":"https:\/\/schema.org","@graph":[{"@type":"WebPage","@id":"https:\/\/www.salon-saveurs.com\/printemps\/les-nouveautes-2018\/","url":"https:\/\/www.salon-saveurs.com\/printemps\/les-nouveautes-2018\/","name":"Temps forts & nouveaut\u00e9s 2019 - Salon saveurs des plaisirs gourmands","isPartOf":{"@id":"https:\/\/www.salon-saveurs.com\/printemps\/#website"},"primaryImageOfPage":{"@id":"https:\/\/www.salon-saveurs.com\/printemps\/les-nouveautes-2018\/#primaryimage"},"image":{"@id":"https:\/\/www.salon-saveurs.com\/printemps\/les-nouveautes-2018\/#primaryimage"},"thumbnailUrl":"https:\/\/www.salon-saveurs.com\/printemps\/wp-content\/uploads\/2019\/07\/soupe.jpg","datePublished":"2018-03-09T09:04:52+00:00","dateModified":"2020-10-26T09:17:30+00:00","breadcrumb":{"@id":"https:\/\/www.salon-saveurs.com\/printemps\/les-nouveautes-2018\/#breadcrumb"},"inLanguage":"fr-FR","potentialAction":[{"@type":"ReadAction","target":["https:\/\/www.salon-saveurs.com\/printemps\/les-nouveautes-2018\/"]}]},{"@type":"ImageObject","inLanguage":"fr-FR","@id":"https:\/\/www.salon-saveurs.com\/printemps\/les-nouveautes-2018\/#primaryimage","url":"https:\/\/www.salon-saveurs.com\/printemps\/wp-content\/uploads\/2019\/07\/soupe.jpg","contentUrl":"https:\/\/www.salon-saveurs.com\/printemps\/wp-content\/uploads\/2019\/07\/soupe.jpg"},{"@type":"BreadcrumbList","@id":"https:\/\/www.salon-saveurs.com\/printemps\/les-nouveautes-2018\/#breadcrumb","itemListElement":[{"@type":"ListItem","position":1,"name":"Accueil","item":"https:\/\/www.salon-saveurs.com\/printemps\/"},{"@type":"ListItem","position":2,"name":"Temps forts &#038; nouveaut\u00e9s 2019"}]},{"@type":"WebSite","@id":"https:\/\/www.salon-saveurs.com\/printemps\/#website","url":"https:\/\/www.salon-saveurs.com\/printemps\/","name":"Salon saveurs des plaisirs gourmands","description":"","publisher":{"@id":"https:\/\/www.salon-saveurs.com\/printemps\/#organization"},"potentialAction":[{"@type":"SearchAction","target":{"@type":"EntryPoint","urlTemplate":"https:\/\/www.salon-saveurs.com\/printemps\/?s={search_term_string}"},"query-input":{"@type":"PropertyValueSpecification","valueRequired":true,"valueName":"search_term_string"}}],"inLanguage":"fr-FR"},{"@type":"Organization","@id":"https:\/\/www.salon-saveurs.com\/printemps\/#organization","name":"Salon saveurs des plaisirs gourmands","url":"https:\/\/www.salon-saveurs.com\/printemps\/","logo":{"@type":"ImageObject","inLanguage":"fr-FR","@id":"https:\/\/www.salon-saveurs.com\/printemps\/#\/schema\/logo\/image\/","url":"https:\/\/www.salon-saveurs.com\/printemps\/wp-content\/uploads\/2025\/11\/logo-saveurs-COMPLET-TRANSPARENT-1.png","contentUrl":"https:\/\/www.salon-saveurs.com\/printemps\/wp-content\/uploads\/2025\/11\/logo-saveurs-COMPLET-TRANSPARENT-1.png","width":1600,"height":600,"caption":"Salon saveurs des plaisirs gourmands"},"image":{"@id":"https:\/\/www.salon-saveurs.com\/printemps\/#\/schema\/logo\/image\/"}}]}},"_links":{"self":[{"href":"https:\/\/www.salon-saveurs.com\/printemps\/wp-json\/wp\/v2\/pages\/6612","targetHints":{"allow":["GET"]}}],"collection":[{"href":"https:\/\/www.salon-saveurs.com\/printemps\/wp-json\/wp\/v2\/pages"}],"about":[{"href":"https:\/\/www.salon-saveurs.com\/printemps\/wp-json\/wp\/v2\/types\/page"}],"author":[{"embeddable":true,"href":"https:\/\/www.salon-saveurs.com\/printemps\/wp-json\/wp\/v2\/users\/1"}],"replies":[{"embeddable":true,"href":"https:\/\/www.salon-saveurs.com\/printemps\/wp-json\/wp\/v2\/comments?post=6612"}],"version-history":[{"count":0,"href":"https:\/\/www.salon-saveurs.com\/printemps\/wp-json\/wp\/v2\/pages\/6612\/revisions"}],"wp:attachment":[{"href":"https:\/\/www.salon-saveurs.com\/printemps\/wp-json\/wp\/v2\/media?parent=6612"}],"curies":[{"name":"wp","href":"https:\/\/api.w.org\/{rel}","templated":true}]}}