{"id":575,"date":"2016-06-13T17:13:48","date_gmt":"2016-06-13T15:13:48","guid":{"rendered":"http:\/\/www.salon-biogourmand.com\/?page_id=575"},"modified":"2025-12-23T12:28:52","modified_gmt":"2025-12-23T11:28:52","slug":"communiquez-sur-le-salon","status":"publish","type":"page","link":"https:\/\/www.salon-saveurs.com\/printemps\/exposer\/communiquez-sur-le-salon\/","title":{"rendered":"Communiquez sur le salon"},"content":{"rendered":"\r\n<h2>\u00a0 <a href=\"https:\/\/www.salon-saveurs.com\/printemps\/wp-content\/uploads\/2024\/12\/5-1.png\"><img fetchpriority=\"high\" decoding=\"async\" class=\"alignnone  wp-image-24677\" src=\"https:\/\/www.salon-saveurs.com\/printemps\/wp-content\/uploads\/2024\/12\/5-1-300x100.png\" alt=\"\" width=\"996\" height=\"332\" srcset=\"https:\/\/www.salon-saveurs.com\/printemps\/wp-content\/uploads\/2024\/12\/5-1-300x100.png 300w, https:\/\/www.salon-saveurs.com\/printemps\/wp-content\/uploads\/2024\/12\/5-1-1024x341.png 1024w, https:\/\/www.salon-saveurs.com\/printemps\/wp-content\/uploads\/2024\/12\/5-1-768x256.png 768w, https:\/\/www.salon-saveurs.com\/printemps\/wp-content\/uploads\/2024\/12\/5-1-150x50.png 150w, https:\/\/www.salon-saveurs.com\/printemps\/wp-content\/uploads\/2024\/12\/5-1-500x167.png 500w, https:\/\/www.salon-saveurs.com\/printemps\/wp-content\/uploads\/2024\/12\/5-1.png 1200w\" sizes=\"(max-width: 996px) 100vw, 996px\" \/><\/a><\/h2>\r\n<p>Le Salon Saveurs des Plaisirs Gourmands, c&rsquo;est bient\u00f4t ! Il est temps d&rsquo;informer vos clients de votre pr\u00e9sence au salon.<\/p>\r\n<h2><strong>Annoncez votre participation<\/strong><\/h2>\r\n<h4>Publiez un article d\u00e9di\u00e9 \u00e0 l&rsquo;annonce de votre pr\u00e9sence au salon, sur votre site web :<\/h4>\r\n<ul>\r\n\t<li>Indiquez les <b>infos pratiques<\/b> (dates, horaires, N\u00b0 de stand), les produits et les nouveaut\u00e9s pr\u00e9sentes sur votre stand<\/li>\r\n\t<li>Int\u00e9grez un lien vers <b>www.salon-saveurs.com<\/b><\/li>\r\n\t<li><b>Illustrez votre article<\/b> avec des visuels attractifs (des <a href=\"https:\/\/www.salon-saveurs.com\/printemps\/exposer\/outils-de-communication\/\">visuels du salon<\/a> sont \u00e0 votre disposition).<\/li>\r\n\t<li>Donnez de la <b>visibilit\u00e9<\/b> \u00e0 cet article\u00a0: <b>home page<\/b> de votre site,<b>\u00a0partage<\/b> sur les r\u00e9seaux sociaux&#8230;<\/li>\r\n<\/ul>\r\n<h4>Enrichissez votre base de donn\u00e9es<\/h4>\r\n<ul>\r\n\t<li>Proposez aux<b>\u00a0internautes<\/b> de vous donner <b>leurs coordonn\u00e9es<\/b> pour recevoir une<b> invitation au Salon Saveurs des Plaisirs Gourmands<\/b>.<\/li>\r\n<\/ul>\r\n<h2><strong>Soyez actifs sur les r\u00e9seaux sociaux, avant le salon&#8230;<\/strong><\/h2>\r\n<h4>Suivez Saveurs (<span style=\"color: #e3108b;\"><a id=\"Facebook Salon Saveurs\" style=\"color: #e3108b;\" title=\"Facebook Salon Saveurs\" href=\"https:\/\/www.facebook.com\/SalonSaveurs\/\" target=\"_blank\" rel=\"noopener noreferrer\">Facebook<\/a>, <a id=\"Instagram #Salonsaveurs\" style=\"color: #e3108b;\" title=\"Instagram #Salonsaveurs\" href=\"https:\/\/instagram.com\/salonsaveurs\/\" target=\"_blank\" rel=\"noopener noreferrer\">Instagram<\/a> et <a style=\"color: #e3108b;\" href=\"https:\/\/www.linkedin.com\/showcase\/salon-saveurs-des-plaisirs-gourmands\" target=\"_blank\" rel=\"noopener\">LinkedIn<\/a><\/span>) pour vous tenir au courant de l&rsquo;actualit\u00e9 du salon et la partager.<\/h4>\r\n<h4>Postez sur Facebook et Instagram pour annoncer votre pr\u00e9sence sur le salon et valoriser vos produits.<\/h4>\r\n<ul>\r\n\t<li>Soyez clairs et concis<\/li>\r\n\t<li>Utilisez le hashtag : #SalonSaveurs2026<\/li>\r\n\t<li>Pensez \u00e0 identifier le Salon dans vos posts\u00a0:\u00a0<a href=\"https:\/\/www.facebook.com\/SalonSaveurs\" target=\"_blank\" rel=\"noopener\">Facebook<\/a>, <a href=\"https:\/\/www.instagram.com\/salonsaveurs\/\" target=\"_blank\" rel=\"noopener\">Instagram<\/a> et <a href=\"https:\/\/www.linkedin.com\/showcase\/salon-saveurs-des-plaisirs-gourmands\" target=\"_blank\" rel=\"noopener\">Linkedin<\/a> : @salonsaveurs<\/li>\r\n\t<li>Redirigez les internautes vers votre site (article d\u00e9di\u00e9) ou vers le site du salon pour plus d&rsquo;infos.<\/li>\r\n<\/ul>\r\n<h4>Cr\u00e9ez un \u00e9v\u00e9nement\u00a0afin d&rsquo;augmenter votre visibilit\u00e9 avant le salon. Vos abonn\u00e9s et clients pourront ainsi savoir o\u00f9 vous trouver. Les \u00e9v\u00e8nements ont une meilleure port\u00e9e que les publications.<\/h4>\r\n<ul>\r\n\t<li>Le nom de l&rsquo;\u00e9v\u00e8nement pourra prendre la forme\u00a0: [Nom de l&rsquo;exposant] au salon [Nom du salon].<\/li>\r\n\t<li>N&rsquo;h\u00e9sitez pas \u00e0 nous ajouter en co-organisateur de votre \u00e9v\u00e8nement lors de sa cr\u00e9ation pour que l&rsquo;\u00e9v\u00e8nement soit aussi visible sur notre page Facebook.<\/li>\r\n\t<li>N&rsquo;oubliez pas d&rsquo;ajouter une description, le lieu du salon, ainsi que le lien pour que les personnes puissent demander leur entr\u00e9e.<\/li>\r\n\t<li>Pour cr\u00e9er un \u00e9v\u00e8nement rendez-vous sur la gauche de votre page Facebook dans la section \u00c9v\u00e8nements et cliquez simplement sur le bouton Cr\u00e9er un \u00e9v\u00e8nement.\u00a0<\/li>\r\n<\/ul>\r\n<h2><strong>&#8230; et pendant le salon<\/strong><\/h2>\r\n<ul>\r\n\t<li><b>Valorisez votre pr\u00e9sence<\/b> sur le salon et <b>donnez envie<\/b> aux internautes de venir visiter votre stand\u00a0!<\/li>\r\n\t<li><b>Annoncez r\u00e9guli\u00e8rement<\/b> votre <b>emplacement<\/b> sur le salon (N\u00b0 de Hall, N\u00b0 de Stand, \u00e9v\u00e9nements organis\u00e9s)<\/li>\r\n\t<li>Vous pouvez \u00e9galement <b>encourager vos clients \u00e0 parler de vous<\/b> sur leurs r\u00e9seaux s&rsquo;ils sont satisfaits\u00a0!<\/li>\r\n\t<li><b>Interagissez avec les followers<\/b> qui annoncent leur pr\u00e9sence sur le salon.<\/li>\r\n<\/ul>\r\n<h5>Exemple<\/h5>\r\n<p>Enfin sur <b>#SalonSaveurs2026<\/b>\u00a0: un vrai festival pour les papilles !<\/p>\r\n<p>@nomdel&rsquo;entreprise vos papilles sont les bienvenues sur notre stand n\u00b0K28 <b>#SalonSaveurs2026 <\/b>pour une d\u00e9gustation de #foiegras<\/p>\r\n<p>Vous pouvez aussi remplir nos <a href=\"https:\/\/www.salon-saveurs.com\/printemps\/optimisez-votre-participation\/\">formulaires<\/a> pour augmenter votre visibilit\u00e9 avant et pendant le salon !\u00a0<\/p>\r\n","protected":false},"excerpt":{"rendered":"","protected":false},"author":1,"featured_media":24677,"parent":16,"menu_order":3,"comment_status":"closed","ping_status":"closed","template":"","meta":{"_monsterinsights_skip_tracking":false,"_monsterinsights_sitenote_active":false,"_monsterinsights_sitenote_note":"","_monsterinsights_sitenote_category":0,"footnotes":""},"class_list":["post-575","page","type-page","status-publish","has-post-thumbnail","hentry"],"yoast_head":"<!-- This site is optimized with the Yoast SEO plugin v27.3 - https:\/\/yoast.com\/product\/yoast-seo-wordpress\/ -->\n<title>Communiquez sur le salon - Salon saveurs des plaisirs gourmands<\/title>\n<meta name=\"robots\" content=\"index, follow, max-snippet:-1, max-image-preview:large, max-video-preview:-1\" \/>\n<link rel=\"canonical\" href=\"https:\/\/www.salon-saveurs.com\/printemps\/exposer\/communiquez-sur-le-salon\/\" \/>\n<meta property=\"og:locale\" content=\"fr_FR\" \/>\n<meta property=\"og:type\" content=\"article\" \/>\n<meta property=\"og:title\" content=\"Communiquez sur le salon - Salon saveurs des plaisirs gourmands\" \/>\n<meta property=\"og:url\" content=\"https:\/\/www.salon-saveurs.com\/printemps\/exposer\/communiquez-sur-le-salon\/\" \/>\n<meta property=\"og:site_name\" content=\"Salon saveurs des plaisirs gourmands\" \/>\n<meta property=\"article:modified_time\" content=\"2025-12-23T11:28:52+00:00\" \/>\n<meta property=\"og:image\" content=\"https:\/\/www.salon-saveurs.com\/printemps\/wp-content\/uploads\/2024\/12\/5-1.png\" \/>\n\t<meta property=\"og:image:width\" content=\"1200\" \/>\n\t<meta property=\"og:image:height\" content=\"400\" \/>\n\t<meta property=\"og:image:type\" content=\"image\/png\" \/>\n<meta name=\"twitter:card\" content=\"summary_large_image\" \/>\n<meta name=\"twitter:label1\" content=\"Dur\u00e9e de lecture estim\u00e9e\" \/>\n\t<meta name=\"twitter:data1\" content=\"3 minutes\" \/>\n<script type=\"application\/ld+json\" class=\"yoast-schema-graph\">{\"@context\":\"https:\\\/\\\/schema.org\",\"@graph\":[{\"@type\":\"WebPage\",\"@id\":\"https:\\\/\\\/www.salon-saveurs.com\\\/printemps\\\/exposer\\\/communiquez-sur-le-salon\\\/\",\"url\":\"https:\\\/\\\/www.salon-saveurs.com\\\/printemps\\\/exposer\\\/communiquez-sur-le-salon\\\/\",\"name\":\"Communiquez sur le salon - Salon saveurs des plaisirs gourmands\",\"isPartOf\":{\"@id\":\"https:\\\/\\\/www.salon-saveurs.com\\\/printemps\\\/#website\"},\"primaryImageOfPage\":{\"@id\":\"https:\\\/\\\/www.salon-saveurs.com\\\/printemps\\\/exposer\\\/communiquez-sur-le-salon\\\/#primaryimage\"},\"image\":{\"@id\":\"https:\\\/\\\/www.salon-saveurs.com\\\/printemps\\\/exposer\\\/communiquez-sur-le-salon\\\/#primaryimage\"},\"thumbnailUrl\":\"https:\\\/\\\/www.salon-saveurs.com\\\/printemps\\\/wp-content\\\/uploads\\\/2024\\\/12\\\/5-1.png\",\"datePublished\":\"2016-06-13T15:13:48+00:00\",\"dateModified\":\"2025-12-23T11:28:52+00:00\",\"breadcrumb\":{\"@id\":\"https:\\\/\\\/www.salon-saveurs.com\\\/printemps\\\/exposer\\\/communiquez-sur-le-salon\\\/#breadcrumb\"},\"inLanguage\":\"fr-FR\",\"potentialAction\":[{\"@type\":\"ReadAction\",\"target\":[\"https:\\\/\\\/www.salon-saveurs.com\\\/printemps\\\/exposer\\\/communiquez-sur-le-salon\\\/\"]}]},{\"@type\":\"ImageObject\",\"inLanguage\":\"fr-FR\",\"@id\":\"https:\\\/\\\/www.salon-saveurs.com\\\/printemps\\\/exposer\\\/communiquez-sur-le-salon\\\/#primaryimage\",\"url\":\"https:\\\/\\\/www.salon-saveurs.com\\\/printemps\\\/wp-content\\\/uploads\\\/2024\\\/12\\\/5-1.png\",\"contentUrl\":\"https:\\\/\\\/www.salon-saveurs.com\\\/printemps\\\/wp-content\\\/uploads\\\/2024\\\/12\\\/5-1.png\",\"width\":1200,\"height\":400},{\"@type\":\"BreadcrumbList\",\"@id\":\"https:\\\/\\\/www.salon-saveurs.com\\\/printemps\\\/exposer\\\/communiquez-sur-le-salon\\\/#breadcrumb\",\"itemListElement\":[{\"@type\":\"ListItem\",\"position\":1,\"name\":\"Accueil\",\"item\":\"https:\\\/\\\/www.salon-saveurs.com\\\/printemps\\\/\"},{\"@type\":\"ListItem\",\"position\":2,\"name\":\"Exposer\",\"item\":\"https:\\\/\\\/www.salon-saveurs.com\\\/printemps\\\/exposer\\\/\"},{\"@type\":\"ListItem\",\"position\":3,\"name\":\"Communiquez sur le salon\"}]},{\"@type\":\"WebSite\",\"@id\":\"https:\\\/\\\/www.salon-saveurs.com\\\/printemps\\\/#website\",\"url\":\"https:\\\/\\\/www.salon-saveurs.com\\\/printemps\\\/\",\"name\":\"Salon saveurs des plaisirs gourmands\",\"description\":\"\",\"publisher\":{\"@id\":\"https:\\\/\\\/www.salon-saveurs.com\\\/printemps\\\/#organization\"},\"potentialAction\":[{\"@type\":\"SearchAction\",\"target\":{\"@type\":\"EntryPoint\",\"urlTemplate\":\"https:\\\/\\\/www.salon-saveurs.com\\\/printemps\\\/?s={search_term_string}\"},\"query-input\":{\"@type\":\"PropertyValueSpecification\",\"valueRequired\":true,\"valueName\":\"search_term_string\"}}],\"inLanguage\":\"fr-FR\"},{\"@type\":\"Organization\",\"@id\":\"https:\\\/\\\/www.salon-saveurs.com\\\/printemps\\\/#organization\",\"name\":\"Salon saveurs des plaisirs gourmands\",\"url\":\"https:\\\/\\\/www.salon-saveurs.com\\\/printemps\\\/\",\"logo\":{\"@type\":\"ImageObject\",\"inLanguage\":\"fr-FR\",\"@id\":\"https:\\\/\\\/www.salon-saveurs.com\\\/printemps\\\/#\\\/schema\\\/logo\\\/image\\\/\",\"url\":\"https:\\\/\\\/www.salon-saveurs.com\\\/printemps\\\/wp-content\\\/uploads\\\/2025\\\/11\\\/logo-saveurs-COMPLET-TRANSPARENT-1.png\",\"contentUrl\":\"https:\\\/\\\/www.salon-saveurs.com\\\/printemps\\\/wp-content\\\/uploads\\\/2025\\\/11\\\/logo-saveurs-COMPLET-TRANSPARENT-1.png\",\"width\":1600,\"height\":600,\"caption\":\"Salon saveurs des plaisirs gourmands\"},\"image\":{\"@id\":\"https:\\\/\\\/www.salon-saveurs.com\\\/printemps\\\/#\\\/schema\\\/logo\\\/image\\\/\"}}]}<\/script>\n<!-- \/ Yoast SEO plugin. -->","yoast_head_json":{"title":"Communiquez sur le salon - Salon saveurs des plaisirs gourmands","robots":{"index":"index","follow":"follow","max-snippet":"max-snippet:-1","max-image-preview":"max-image-preview:large","max-video-preview":"max-video-preview:-1"},"canonical":"https:\/\/www.salon-saveurs.com\/printemps\/exposer\/communiquez-sur-le-salon\/","og_locale":"fr_FR","og_type":"article","og_title":"Communiquez sur le salon - Salon saveurs des plaisirs gourmands","og_url":"https:\/\/www.salon-saveurs.com\/printemps\/exposer\/communiquez-sur-le-salon\/","og_site_name":"Salon saveurs des plaisirs gourmands","article_modified_time":"2025-12-23T11:28:52+00:00","og_image":[{"width":1200,"height":400,"url":"https:\/\/www.salon-saveurs.com\/printemps\/wp-content\/uploads\/2024\/12\/5-1.png","type":"image\/png"}],"twitter_card":"summary_large_image","twitter_misc":{"Dur\u00e9e de lecture estim\u00e9e":"3 minutes"},"schema":{"@context":"https:\/\/schema.org","@graph":[{"@type":"WebPage","@id":"https:\/\/www.salon-saveurs.com\/printemps\/exposer\/communiquez-sur-le-salon\/","url":"https:\/\/www.salon-saveurs.com\/printemps\/exposer\/communiquez-sur-le-salon\/","name":"Communiquez sur le salon - Salon saveurs des plaisirs gourmands","isPartOf":{"@id":"https:\/\/www.salon-saveurs.com\/printemps\/#website"},"primaryImageOfPage":{"@id":"https:\/\/www.salon-saveurs.com\/printemps\/exposer\/communiquez-sur-le-salon\/#primaryimage"},"image":{"@id":"https:\/\/www.salon-saveurs.com\/printemps\/exposer\/communiquez-sur-le-salon\/#primaryimage"},"thumbnailUrl":"https:\/\/www.salon-saveurs.com\/printemps\/wp-content\/uploads\/2024\/12\/5-1.png","datePublished":"2016-06-13T15:13:48+00:00","dateModified":"2025-12-23T11:28:52+00:00","breadcrumb":{"@id":"https:\/\/www.salon-saveurs.com\/printemps\/exposer\/communiquez-sur-le-salon\/#breadcrumb"},"inLanguage":"fr-FR","potentialAction":[{"@type":"ReadAction","target":["https:\/\/www.salon-saveurs.com\/printemps\/exposer\/communiquez-sur-le-salon\/"]}]},{"@type":"ImageObject","inLanguage":"fr-FR","@id":"https:\/\/www.salon-saveurs.com\/printemps\/exposer\/communiquez-sur-le-salon\/#primaryimage","url":"https:\/\/www.salon-saveurs.com\/printemps\/wp-content\/uploads\/2024\/12\/5-1.png","contentUrl":"https:\/\/www.salon-saveurs.com\/printemps\/wp-content\/uploads\/2024\/12\/5-1.png","width":1200,"height":400},{"@type":"BreadcrumbList","@id":"https:\/\/www.salon-saveurs.com\/printemps\/exposer\/communiquez-sur-le-salon\/#breadcrumb","itemListElement":[{"@type":"ListItem","position":1,"name":"Accueil","item":"https:\/\/www.salon-saveurs.com\/printemps\/"},{"@type":"ListItem","position":2,"name":"Exposer","item":"https:\/\/www.salon-saveurs.com\/printemps\/exposer\/"},{"@type":"ListItem","position":3,"name":"Communiquez sur le salon"}]},{"@type":"WebSite","@id":"https:\/\/www.salon-saveurs.com\/printemps\/#website","url":"https:\/\/www.salon-saveurs.com\/printemps\/","name":"Salon saveurs des plaisirs gourmands","description":"","publisher":{"@id":"https:\/\/www.salon-saveurs.com\/printemps\/#organization"},"potentialAction":[{"@type":"SearchAction","target":{"@type":"EntryPoint","urlTemplate":"https:\/\/www.salon-saveurs.com\/printemps\/?s={search_term_string}"},"query-input":{"@type":"PropertyValueSpecification","valueRequired":true,"valueName":"search_term_string"}}],"inLanguage":"fr-FR"},{"@type":"Organization","@id":"https:\/\/www.salon-saveurs.com\/printemps\/#organization","name":"Salon saveurs des plaisirs gourmands","url":"https:\/\/www.salon-saveurs.com\/printemps\/","logo":{"@type":"ImageObject","inLanguage":"fr-FR","@id":"https:\/\/www.salon-saveurs.com\/printemps\/#\/schema\/logo\/image\/","url":"https:\/\/www.salon-saveurs.com\/printemps\/wp-content\/uploads\/2025\/11\/logo-saveurs-COMPLET-TRANSPARENT-1.png","contentUrl":"https:\/\/www.salon-saveurs.com\/printemps\/wp-content\/uploads\/2025\/11\/logo-saveurs-COMPLET-TRANSPARENT-1.png","width":1600,"height":600,"caption":"Salon saveurs des plaisirs gourmands"},"image":{"@id":"https:\/\/www.salon-saveurs.com\/printemps\/#\/schema\/logo\/image\/"}}]}},"_links":{"self":[{"href":"https:\/\/www.salon-saveurs.com\/printemps\/wp-json\/wp\/v2\/pages\/575","targetHints":{"allow":["GET"]}}],"collection":[{"href":"https:\/\/www.salon-saveurs.com\/printemps\/wp-json\/wp\/v2\/pages"}],"about":[{"href":"https:\/\/www.salon-saveurs.com\/printemps\/wp-json\/wp\/v2\/types\/page"}],"author":[{"embeddable":true,"href":"https:\/\/www.salon-saveurs.com\/printemps\/wp-json\/wp\/v2\/users\/1"}],"replies":[{"embeddable":true,"href":"https:\/\/www.salon-saveurs.com\/printemps\/wp-json\/wp\/v2\/comments?post=575"}],"version-history":[{"count":0,"href":"https:\/\/www.salon-saveurs.com\/printemps\/wp-json\/wp\/v2\/pages\/575\/revisions"}],"up":[{"embeddable":true,"href":"https:\/\/www.salon-saveurs.com\/printemps\/wp-json\/wp\/v2\/pages\/16"}],"wp:featuredmedia":[{"embeddable":true,"href":"https:\/\/www.salon-saveurs.com\/printemps\/wp-json\/wp\/v2\/media\/24677"}],"wp:attachment":[{"href":"https:\/\/www.salon-saveurs.com\/printemps\/wp-json\/wp\/v2\/media?parent=575"}],"curies":[{"name":"wp","href":"https:\/\/api.w.org\/{rel}","templated":true}]}}