{"id":526,"date":"2016-06-13T15:01:26","date_gmt":"2016-06-13T13:01:26","guid":{"rendered":"http:\/\/www.salon-biogourmand.com\/?page_id=526"},"modified":"2026-03-26T17:00:15","modified_gmt":"2026-03-26T16:00:15","slug":"espace-partenaires","status":"publish","type":"page","link":"https:\/\/www.salon-saveurs.com\/printemps\/pressepartenaires\/espace-partenaires\/","title":{"rendered":"Espace partenaires \/ Parrainage"},"content":{"rendered":"<h3><a href=\"https:\/\/www.salon-saveurs.com\/printemps\/wp-content\/uploads\/2024\/12\/banniere-site-web-saveurs-printemps-2025-4.png\"><img fetchpriority=\"high\" decoding=\"async\" class=\"alignnone  wp-image-24697\" src=\"https:\/\/www.salon-saveurs.com\/printemps\/wp-content\/uploads\/2024\/12\/banniere-site-web-saveurs-printemps-2025-4-300x100.png\" alt=\"\" width=\"822\" height=\"274\" srcset=\"https:\/\/www.salon-saveurs.com\/printemps\/wp-content\/uploads\/2024\/12\/banniere-site-web-saveurs-printemps-2025-4-300x100.png 300w, https:\/\/www.salon-saveurs.com\/printemps\/wp-content\/uploads\/2024\/12\/banniere-site-web-saveurs-printemps-2025-4-1024x341.png 1024w, https:\/\/www.salon-saveurs.com\/printemps\/wp-content\/uploads\/2024\/12\/banniere-site-web-saveurs-printemps-2025-4-768x256.png 768w, https:\/\/www.salon-saveurs.com\/printemps\/wp-content\/uploads\/2024\/12\/banniere-site-web-saveurs-printemps-2025-4-150x50.png 150w, https:\/\/www.salon-saveurs.com\/printemps\/wp-content\/uploads\/2024\/12\/banniere-site-web-saveurs-printemps-2025-4-500x167.png 500w, https:\/\/www.salon-saveurs.com\/printemps\/wp-content\/uploads\/2024\/12\/banniere-site-web-saveurs-printemps-2025-4.png 1200w\" sizes=\"(max-width: 822px) 100vw, 822px\" \/><\/a><\/h3>\n<h2>Partenaires printemps 2026<\/h2>\n<p><a href=\"https:\/\/www.saveurs-magazine.fr\/\" target=\"_blank\" rel=\"noopener\"><img decoding=\"async\" class=\" wp-image-25109 aligncenter\" src=\"https:\/\/www.salon-saveurs.com\/printemps\/wp-content\/uploads\/2025\/03\/logo-SAVEURS-Magazine-1.png\" alt=\"\" width=\"257\" height=\"171\" \/><\/a><\/p>\n<p style=\"text-align: center;\">Saveurs, c\u2019est un\u00a0beau <a href=\"https:\/\/www.saveurs-magazine.fr\/\" target=\"_blank\" rel=\"noopener\">magazine<\/a> mensuel que vous aurez envie de conserver, de relire, avec un papier de qualit\u00e9 et un format g\u00e9n\u00e9reux pour vous donner l\u2019envie de r\u00e9aliser nos recettes. C\u2019est\u00a0aussi une application mobile avec plus de 10 000 recettes issues des magazines, ainsi qu\u2019un site pour prolonger l\u2019exp\u00e9rience culinaire.<\/p>\n<p>&nbsp;<\/p>\n<p style=\"text-align: center;\"><a href=\"https:\/\/www.salon-saveurs.com\/printemps\/wp-content\/uploads\/2026\/01\/logo-pzz.webp\"><img decoding=\"async\" class=\"alignnone size-full wp-image-25862\" src=\"https:\/\/www.salon-saveurs.com\/printemps\/wp-content\/uploads\/2026\/01\/logo-pzz.webp\" alt=\"\" width=\"250\" height=\"115\" srcset=\"https:\/\/www.salon-saveurs.com\/printemps\/wp-content\/uploads\/2026\/01\/logo-pzz.webp 250w, https:\/\/www.salon-saveurs.com\/printemps\/wp-content\/uploads\/2026\/01\/logo-pzz-150x69.webp 150w\" sizes=\"(max-width: 250px) 100vw, 250px\" \/><\/a><\/p>\n<p>&nbsp;<\/p>\n<p><em>Paris Zigzag<\/em>, c\u2019est le site des Parisiens curieux qui d\u00e9sirent\u00a0<a href=\"https:\/\/www.pariszigzag.fr\/\" target=\"_blank\" rel=\"noopener\">d\u00e9couvrir Paris<\/a> hors des sentiers battus.<br \/>\nLanc\u00e9 en 2011 par des passionn\u00e9s de Paris qui voulaient partager leurs bons plans, Paris ZigZag est devenu la r\u00e9f\u00e9rence du Paris insolite et secret.<br \/>\nChasseurs de bons plans, r\u00e9dacteurs, geeks\u2026 : d\u2019ann\u00e9es en ann\u00e9es, la famille des zigzageurs s\u2019agrandit.<br \/>\nQue vous tombiez sur notre site pour la premi\u00e8re fois, ou que vous nous suiviez depuis le d\u00e9but, venez vivre votre aventure urbaine avec nous !<\/p>\n<p><a href=\"https:\/\/playinparis.com\/\" target=\"_blank\" rel=\"noopener\"><img loading=\"lazy\" decoding=\"async\" class=\"wp-image-25879 aligncenter\" src=\"https:\/\/www.salon-saveurs.com\/printemps\/wp-content\/uploads\/2026\/02\/logo-2026-v1-white.png\" alt=\"\" width=\"383\" height=\"171\" srcset=\"https:\/\/www.salon-saveurs.com\/printemps\/wp-content\/uploads\/2026\/02\/logo-2026-v1-white.png 2034w, https:\/\/www.salon-saveurs.com\/printemps\/wp-content\/uploads\/2026\/02\/logo-2026-v1-white-300x134.png 300w, https:\/\/www.salon-saveurs.com\/printemps\/wp-content\/uploads\/2026\/02\/logo-2026-v1-white-1024x458.png 1024w, https:\/\/www.salon-saveurs.com\/printemps\/wp-content\/uploads\/2026\/02\/logo-2026-v1-white-768x343.png 768w, https:\/\/www.salon-saveurs.com\/printemps\/wp-content\/uploads\/2026\/02\/logo-2026-v1-white-1536x686.png 1536w, https:\/\/www.salon-saveurs.com\/printemps\/wp-content\/uploads\/2026\/02\/logo-2026-v1-white-150x67.png 150w, https:\/\/www.salon-saveurs.com\/printemps\/wp-content\/uploads\/2026\/02\/logo-2026-v1-white-500x223.png 500w\" sizes=\"(max-width: 383px) 100vw, 383px\" \/><\/a><\/p>\n<p>Play in Paris est un\u00a0<a href=\"https:\/\/playinparis.com\/\" target=\"_blank\" rel=\"noopener\">site en chinois<\/a> qui pr\u00e9sente la vie parisienne, la gastronomie et les id\u00e9es sorties. Nous partageons des adresses, des \u00e9v\u00e9nements et des conseils pratiques pour d\u00e9couvrir Paris au quotidien.\u00a0<\/p>\n<p><a href=\"https:\/\/www.salondesseniors.com\/content\/demandez-votre-badge-visiteur?utm_source=Communication&amp;utm_medium=Communication&amp;utm_campaign=communication_saveurs_et_plaisirsgourmands\" target=\"_blank\" rel=\"noopener\"><img loading=\"lazy\" decoding=\"async\" class=\"wp-image-25860 aligncenter\" src=\"https:\/\/www.salon-saveurs.com\/printemps\/wp-content\/uploads\/2026\/01\/LOGO_ROSE_SALON.DES_.SENIORS-scaled.jpg\" alt=\"\" width=\"209\" height=\"209\" srcset=\"https:\/\/www.salon-saveurs.com\/printemps\/wp-content\/uploads\/2026\/01\/LOGO_ROSE_SALON.DES_.SENIORS-scaled.jpg 2560w, https:\/\/www.salon-saveurs.com\/printemps\/wp-content\/uploads\/2026\/01\/LOGO_ROSE_SALON.DES_.SENIORS-300x300.jpg 300w, https:\/\/www.salon-saveurs.com\/printemps\/wp-content\/uploads\/2026\/01\/LOGO_ROSE_SALON.DES_.SENIORS-1024x1024.jpg 1024w, https:\/\/www.salon-saveurs.com\/printemps\/wp-content\/uploads\/2026\/01\/LOGO_ROSE_SALON.DES_.SENIORS-150x150.jpg 150w, https:\/\/www.salon-saveurs.com\/printemps\/wp-content\/uploads\/2026\/01\/LOGO_ROSE_SALON.DES_.SENIORS-768x768.jpg 768w, https:\/\/www.salon-saveurs.com\/printemps\/wp-content\/uploads\/2026\/01\/LOGO_ROSE_SALON.DES_.SENIORS-1536x1536.jpg 1536w, https:\/\/www.salon-saveurs.com\/printemps\/wp-content\/uploads\/2026\/01\/LOGO_ROSE_SALON.DES_.SENIORS-2048x2048.jpg 2048w, https:\/\/www.salon-saveurs.com\/printemps\/wp-content\/uploads\/2026\/01\/LOGO_ROSE_SALON.DES_.SENIORS-500x500.jpg 500w, https:\/\/www.salon-saveurs.com\/printemps\/wp-content\/uploads\/2026\/01\/LOGO_ROSE_SALON.DES_.SENIORS-45x45.jpg 45w\" sizes=\"(max-width: 209px) 100vw, 209px\" \/><\/a><\/p>\n<p>Le <a href=\"https:\/\/www.salondesseniors.com\/content\/demandez-votre-badge-visiteur?utm_source=Communication&amp;utm_medium=Communication&amp;utm_campaign=communication_saveurs_et_plaisirsgourmands\" target=\"_blank\" rel=\"noopener\">Salon des Seniors<\/a> se tiendra\u00a0du 11 au 14 mars 2026 \u00e0 Paris Expo \u2013 Porte de Versailles.\u00a0Cet \u00e9v\u00e9nement de r\u00e9f\u00e9rence s\u2019adresse aux personnes de 55 ans et plus et propose, pendant quatre jours, des rencontres, conf\u00e9rences et solutions pratiques pour bien vivre cette \u00e9tape de la vie. L\u2019\u00e9dition 2026 met la sant\u00e9 au c\u0153ur de son fil rouge, avec une approche globale ax\u00e9e sur la pr\u00e9vention, le bien-\u00eatre et le maintien de l\u2019autonomie. Le salon invite ainsi les visiteurs \u00e0 mieux comprendre leur sant\u00e9, \u00e0 agir au quotidien et \u00e0 la cultiver durablement. Un rendez-vous incontournable pour rester inform\u00e9, actif et acteur de sa qualit\u00e9 de vie.<\/p>\n<p>&nbsp;<\/p>\n<p><a href=\"https:\/\/www.salon-saveurs.com\/printemps\/?p=25694\" target=\"_blank\" rel=\"noopener\">Retrouvez nos partenaires &#8211; printemps 2025<\/a><\/p>\n<div class=\"vc_row wpb_row vc_row-fluid\" data-midnight=\"default\">\n<div class=\"wpb_column vc_column_container vc_col-sm-12\">\n<div class=\"vc_column-inner \">\n<div class=\"wpb_wrapper\">\n<div class=\"wpb_text_column wpb_content_element\">\n<div class=\"wpb_wrapper\">\u00a0<\/div>\n<\/div>\n<\/div>\n<\/div>\n<\/div>\n<\/div>\n","protected":false},"excerpt":{"rendered":"<p>Partenaires printemps 2026 Saveurs, c\u2019est un\u00a0beau magazine mensuel que vous aurez envie de conserver, de relire, avec un papier de qualit\u00e9 et un format g\u00e9n\u00e9reux pour vous donner l\u2019envie de r\u00e9aliser nos recettes. C\u2019est\u00a0aussi une application mobile avec plus de 10 000 recettes issues des magazines, ainsi qu\u2019un site pour prolonger l\u2019exp\u00e9rience culinaire. &nbsp; &nbsp;&hellip; <\/p>\n","protected":false},"author":1,"featured_media":0,"parent":24,"menu_order":0,"comment_status":"closed","ping_status":"closed","template":"","meta":{"_monsterinsights_skip_tracking":false,"_monsterinsights_sitenote_active":false,"_monsterinsights_sitenote_note":"","_monsterinsights_sitenote_category":0,"footnotes":""},"class_list":["post-526","page","type-page","status-publish","hentry"],"yoast_head":"<!-- This site is optimized with the Yoast SEO plugin v27.3 - https:\/\/yoast.com\/product\/yoast-seo-wordpress\/ -->\n<title>Espace partenaires \/ Parrainage - Salon saveurs des plaisirs gourmands<\/title>\n<meta name=\"robots\" content=\"index, follow, max-snippet:-1, max-image-preview:large, max-video-preview:-1\" \/>\n<link rel=\"canonical\" href=\"https:\/\/www.salon-saveurs.com\/printemps\/pressepartenaires\/espace-partenaires\/\" \/>\n<meta property=\"og:locale\" content=\"fr_FR\" \/>\n<meta property=\"og:type\" content=\"article\" \/>\n<meta property=\"og:title\" content=\"Espace partenaires \/ Parrainage - Salon saveurs des plaisirs gourmands\" \/>\n<meta property=\"og:description\" content=\"Partenaires printemps 2026 Saveurs, c\u2019est un\u00a0beau magazine mensuel que vous aurez envie de conserver, de relire, avec un papier de qualit\u00e9 et un format g\u00e9n\u00e9reux pour vous donner l\u2019envie de r\u00e9aliser nos recettes. C\u2019est\u00a0aussi une application mobile avec plus de 10 000 recettes issues des magazines, ainsi qu\u2019un site pour prolonger l\u2019exp\u00e9rience culinaire. &nbsp; &nbsp;&hellip;\" \/>\n<meta property=\"og:url\" content=\"https:\/\/www.salon-saveurs.com\/printemps\/pressepartenaires\/espace-partenaires\/\" \/>\n<meta property=\"og:site_name\" content=\"Salon saveurs des plaisirs gourmands\" \/>\n<meta property=\"article:modified_time\" content=\"2026-03-26T16:00:15+00:00\" \/>\n<meta property=\"og:image\" content=\"https:\/\/www.salon-saveurs.com\/printemps\/wp-content\/uploads\/2024\/12\/banniere-site-web-saveurs-printemps-2025-4.png\" \/>\n\t<meta property=\"og:image:width\" content=\"1200\" \/>\n\t<meta property=\"og:image:height\" content=\"400\" \/>\n\t<meta property=\"og:image:type\" content=\"image\/png\" \/>\n<meta name=\"twitter:card\" content=\"summary_large_image\" \/>\n<meta name=\"twitter:label1\" content=\"Dur\u00e9e de lecture estim\u00e9e\" \/>\n\t<meta name=\"twitter:data1\" content=\"3 minutes\" \/>\n<script type=\"application\/ld+json\" class=\"yoast-schema-graph\">{\"@context\":\"https:\\\/\\\/schema.org\",\"@graph\":[{\"@type\":\"WebPage\",\"@id\":\"https:\\\/\\\/www.salon-saveurs.com\\\/printemps\\\/pressepartenaires\\\/espace-partenaires\\\/\",\"url\":\"https:\\\/\\\/www.salon-saveurs.com\\\/printemps\\\/pressepartenaires\\\/espace-partenaires\\\/\",\"name\":\"Espace partenaires \\\/ Parrainage - Salon saveurs des plaisirs gourmands\",\"isPartOf\":{\"@id\":\"https:\\\/\\\/www.salon-saveurs.com\\\/printemps\\\/#website\"},\"primaryImageOfPage\":{\"@id\":\"https:\\\/\\\/www.salon-saveurs.com\\\/printemps\\\/pressepartenaires\\\/espace-partenaires\\\/#primaryimage\"},\"image\":{\"@id\":\"https:\\\/\\\/www.salon-saveurs.com\\\/printemps\\\/pressepartenaires\\\/espace-partenaires\\\/#primaryimage\"},\"thumbnailUrl\":\"https:\\\/\\\/www.salon-saveurs.com\\\/printemps\\\/wp-content\\\/uploads\\\/2024\\\/12\\\/banniere-site-web-saveurs-printemps-2025-4-300x100.png\",\"datePublished\":\"2016-06-13T13:01:26+00:00\",\"dateModified\":\"2026-03-26T16:00:15+00:00\",\"breadcrumb\":{\"@id\":\"https:\\\/\\\/www.salon-saveurs.com\\\/printemps\\\/pressepartenaires\\\/espace-partenaires\\\/#breadcrumb\"},\"inLanguage\":\"fr-FR\",\"potentialAction\":[{\"@type\":\"ReadAction\",\"target\":[\"https:\\\/\\\/www.salon-saveurs.com\\\/printemps\\\/pressepartenaires\\\/espace-partenaires\\\/\"]}]},{\"@type\":\"ImageObject\",\"inLanguage\":\"fr-FR\",\"@id\":\"https:\\\/\\\/www.salon-saveurs.com\\\/printemps\\\/pressepartenaires\\\/espace-partenaires\\\/#primaryimage\",\"url\":\"https:\\\/\\\/www.salon-saveurs.com\\\/printemps\\\/wp-content\\\/uploads\\\/2024\\\/12\\\/banniere-site-web-saveurs-printemps-2025-4.png\",\"contentUrl\":\"https:\\\/\\\/www.salon-saveurs.com\\\/printemps\\\/wp-content\\\/uploads\\\/2024\\\/12\\\/banniere-site-web-saveurs-printemps-2025-4.png\",\"width\":1200,\"height\":400},{\"@type\":\"BreadcrumbList\",\"@id\":\"https:\\\/\\\/www.salon-saveurs.com\\\/printemps\\\/pressepartenaires\\\/espace-partenaires\\\/#breadcrumb\",\"itemListElement\":[{\"@type\":\"ListItem\",\"position\":1,\"name\":\"Accueil\",\"item\":\"https:\\\/\\\/www.salon-saveurs.com\\\/printemps\\\/\"},{\"@type\":\"ListItem\",\"position\":2,\"name\":\"Presse\\\/partenaires\",\"item\":\"https:\\\/\\\/www.salon-saveurs.com\\\/printemps\\\/pressepartenaires\\\/\"},{\"@type\":\"ListItem\",\"position\":3,\"name\":\"Espace partenaires \\\/ Parrainage\"}]},{\"@type\":\"WebSite\",\"@id\":\"https:\\\/\\\/www.salon-saveurs.com\\\/printemps\\\/#website\",\"url\":\"https:\\\/\\\/www.salon-saveurs.com\\\/printemps\\\/\",\"name\":\"Salon saveurs des plaisirs gourmands\",\"description\":\"\",\"publisher\":{\"@id\":\"https:\\\/\\\/www.salon-saveurs.com\\\/printemps\\\/#organization\"},\"potentialAction\":[{\"@type\":\"SearchAction\",\"target\":{\"@type\":\"EntryPoint\",\"urlTemplate\":\"https:\\\/\\\/www.salon-saveurs.com\\\/printemps\\\/?s={search_term_string}\"},\"query-input\":{\"@type\":\"PropertyValueSpecification\",\"valueRequired\":true,\"valueName\":\"search_term_string\"}}],\"inLanguage\":\"fr-FR\"},{\"@type\":\"Organization\",\"@id\":\"https:\\\/\\\/www.salon-saveurs.com\\\/printemps\\\/#organization\",\"name\":\"Salon saveurs des plaisirs gourmands\",\"url\":\"https:\\\/\\\/www.salon-saveurs.com\\\/printemps\\\/\",\"logo\":{\"@type\":\"ImageObject\",\"inLanguage\":\"fr-FR\",\"@id\":\"https:\\\/\\\/www.salon-saveurs.com\\\/printemps\\\/#\\\/schema\\\/logo\\\/image\\\/\",\"url\":\"https:\\\/\\\/www.salon-saveurs.com\\\/printemps\\\/wp-content\\\/uploads\\\/2025\\\/11\\\/logo-saveurs-COMPLET-TRANSPARENT-1.png\",\"contentUrl\":\"https:\\\/\\\/www.salon-saveurs.com\\\/printemps\\\/wp-content\\\/uploads\\\/2025\\\/11\\\/logo-saveurs-COMPLET-TRANSPARENT-1.png\",\"width\":1600,\"height\":600,\"caption\":\"Salon saveurs des plaisirs gourmands\"},\"image\":{\"@id\":\"https:\\\/\\\/www.salon-saveurs.com\\\/printemps\\\/#\\\/schema\\\/logo\\\/image\\\/\"}}]}<\/script>\n<!-- \/ Yoast SEO plugin. -->","yoast_head_json":{"title":"Espace partenaires \/ Parrainage - Salon saveurs des plaisirs gourmands","robots":{"index":"index","follow":"follow","max-snippet":"max-snippet:-1","max-image-preview":"max-image-preview:large","max-video-preview":"max-video-preview:-1"},"canonical":"https:\/\/www.salon-saveurs.com\/printemps\/pressepartenaires\/espace-partenaires\/","og_locale":"fr_FR","og_type":"article","og_title":"Espace partenaires \/ Parrainage - Salon saveurs des plaisirs gourmands","og_description":"Partenaires printemps 2026 Saveurs, c\u2019est un\u00a0beau magazine mensuel que vous aurez envie de conserver, de relire, avec un papier de qualit\u00e9 et un format g\u00e9n\u00e9reux pour vous donner l\u2019envie de r\u00e9aliser nos recettes. C\u2019est\u00a0aussi une application mobile avec plus de 10 000 recettes issues des magazines, ainsi qu\u2019un site pour prolonger l\u2019exp\u00e9rience culinaire. &nbsp; &nbsp;&hellip;","og_url":"https:\/\/www.salon-saveurs.com\/printemps\/pressepartenaires\/espace-partenaires\/","og_site_name":"Salon saveurs des plaisirs gourmands","article_modified_time":"2026-03-26T16:00:15+00:00","og_image":[{"width":1200,"height":400,"url":"https:\/\/www.salon-saveurs.com\/printemps\/wp-content\/uploads\/2024\/12\/banniere-site-web-saveurs-printemps-2025-4.png","type":"image\/png"}],"twitter_card":"summary_large_image","twitter_misc":{"Dur\u00e9e de lecture estim\u00e9e":"3 minutes"},"schema":{"@context":"https:\/\/schema.org","@graph":[{"@type":"WebPage","@id":"https:\/\/www.salon-saveurs.com\/printemps\/pressepartenaires\/espace-partenaires\/","url":"https:\/\/www.salon-saveurs.com\/printemps\/pressepartenaires\/espace-partenaires\/","name":"Espace partenaires \/ Parrainage - Salon saveurs des plaisirs gourmands","isPartOf":{"@id":"https:\/\/www.salon-saveurs.com\/printemps\/#website"},"primaryImageOfPage":{"@id":"https:\/\/www.salon-saveurs.com\/printemps\/pressepartenaires\/espace-partenaires\/#primaryimage"},"image":{"@id":"https:\/\/www.salon-saveurs.com\/printemps\/pressepartenaires\/espace-partenaires\/#primaryimage"},"thumbnailUrl":"https:\/\/www.salon-saveurs.com\/printemps\/wp-content\/uploads\/2024\/12\/banniere-site-web-saveurs-printemps-2025-4-300x100.png","datePublished":"2016-06-13T13:01:26+00:00","dateModified":"2026-03-26T16:00:15+00:00","breadcrumb":{"@id":"https:\/\/www.salon-saveurs.com\/printemps\/pressepartenaires\/espace-partenaires\/#breadcrumb"},"inLanguage":"fr-FR","potentialAction":[{"@type":"ReadAction","target":["https:\/\/www.salon-saveurs.com\/printemps\/pressepartenaires\/espace-partenaires\/"]}]},{"@type":"ImageObject","inLanguage":"fr-FR","@id":"https:\/\/www.salon-saveurs.com\/printemps\/pressepartenaires\/espace-partenaires\/#primaryimage","url":"https:\/\/www.salon-saveurs.com\/printemps\/wp-content\/uploads\/2024\/12\/banniere-site-web-saveurs-printemps-2025-4.png","contentUrl":"https:\/\/www.salon-saveurs.com\/printemps\/wp-content\/uploads\/2024\/12\/banniere-site-web-saveurs-printemps-2025-4.png","width":1200,"height":400},{"@type":"BreadcrumbList","@id":"https:\/\/www.salon-saveurs.com\/printemps\/pressepartenaires\/espace-partenaires\/#breadcrumb","itemListElement":[{"@type":"ListItem","position":1,"name":"Accueil","item":"https:\/\/www.salon-saveurs.com\/printemps\/"},{"@type":"ListItem","position":2,"name":"Presse\/partenaires","item":"https:\/\/www.salon-saveurs.com\/printemps\/pressepartenaires\/"},{"@type":"ListItem","position":3,"name":"Espace partenaires \/ Parrainage"}]},{"@type":"WebSite","@id":"https:\/\/www.salon-saveurs.com\/printemps\/#website","url":"https:\/\/www.salon-saveurs.com\/printemps\/","name":"Salon saveurs des plaisirs gourmands","description":"","publisher":{"@id":"https:\/\/www.salon-saveurs.com\/printemps\/#organization"},"potentialAction":[{"@type":"SearchAction","target":{"@type":"EntryPoint","urlTemplate":"https:\/\/www.salon-saveurs.com\/printemps\/?s={search_term_string}"},"query-input":{"@type":"PropertyValueSpecification","valueRequired":true,"valueName":"search_term_string"}}],"inLanguage":"fr-FR"},{"@type":"Organization","@id":"https:\/\/www.salon-saveurs.com\/printemps\/#organization","name":"Salon saveurs des plaisirs gourmands","url":"https:\/\/www.salon-saveurs.com\/printemps\/","logo":{"@type":"ImageObject","inLanguage":"fr-FR","@id":"https:\/\/www.salon-saveurs.com\/printemps\/#\/schema\/logo\/image\/","url":"https:\/\/www.salon-saveurs.com\/printemps\/wp-content\/uploads\/2025\/11\/logo-saveurs-COMPLET-TRANSPARENT-1.png","contentUrl":"https:\/\/www.salon-saveurs.com\/printemps\/wp-content\/uploads\/2025\/11\/logo-saveurs-COMPLET-TRANSPARENT-1.png","width":1600,"height":600,"caption":"Salon saveurs des plaisirs gourmands"},"image":{"@id":"https:\/\/www.salon-saveurs.com\/printemps\/#\/schema\/logo\/image\/"}}]}},"_links":{"self":[{"href":"https:\/\/www.salon-saveurs.com\/printemps\/wp-json\/wp\/v2\/pages\/526","targetHints":{"allow":["GET"]}}],"collection":[{"href":"https:\/\/www.salon-saveurs.com\/printemps\/wp-json\/wp\/v2\/pages"}],"about":[{"href":"https:\/\/www.salon-saveurs.com\/printemps\/wp-json\/wp\/v2\/types\/page"}],"author":[{"embeddable":true,"href":"https:\/\/www.salon-saveurs.com\/printemps\/wp-json\/wp\/v2\/users\/1"}],"replies":[{"embeddable":true,"href":"https:\/\/www.salon-saveurs.com\/printemps\/wp-json\/wp\/v2\/comments?post=526"}],"version-history":[{"count":0,"href":"https:\/\/www.salon-saveurs.com\/printemps\/wp-json\/wp\/v2\/pages\/526\/revisions"}],"up":[{"embeddable":true,"href":"https:\/\/www.salon-saveurs.com\/printemps\/wp-json\/wp\/v2\/pages\/24"}],"wp:attachment":[{"href":"https:\/\/www.salon-saveurs.com\/printemps\/wp-json\/wp\/v2\/media?parent=526"}],"curies":[{"name":"wp","href":"https:\/\/api.w.org\/{rel}","templated":true}]}}