{"id":4793,"date":"2017-09-18T10:47:49","date_gmt":"2017-09-18T08:47:49","guid":{"rendered":"https:\/\/www.salon-saveurs.com\/printemps\/?page_id=4793"},"modified":"2025-08-25T17:07:08","modified_gmt":"2025-08-25T15:07:08","slug":"paris-friendly","status":"publish","type":"page","link":"https:\/\/www.salon-saveurs.com\/printemps\/pressepartenaires\/espace-partenaires\/paris-friendly\/","title":{"rendered":"Paris Friendly"},"content":{"rendered":"<p><a href=\"https:\/\/www.salon-saveurs.com\/printemps\/wp-content\/uploads\/2023\/07\/logo_paris-friendly_150x100.jpg\"><img fetchpriority=\"high\" decoding=\"async\" class=\" wp-image-19377 aligncenter\" src=\"https:\/\/www.salon-saveurs.com\/printemps\/wp-content\/uploads\/2023\/07\/logo_paris-friendly_150x100.jpg\" alt=\"\" width=\"311\" height=\"207\" \/><\/a><\/p>\n<p>Vous aimez les bons plans gratuits, pas chers ou insolites pour des sorties \u00e0 Paris dont vous vous souviendrez ? Retrouvez-en en illimit\u00e9 sur <a href=\"http:\/\/www.paris-friendly.fr\">Paris Friendly<\/a>, le site qui aime rendre heureux les parisiens et parisiennes. Nous vous d\u00e9nichons des bons plans restos, sorties, loisirs, culture, sport, shopping, bien-\u00eatre et m\u00eame voyages pour vivre d\u2019excellents moments seuls, entre amis ou en famille durant la semaine ou le weekend. Et pour gagner de nombreux cadeaux, profiter de promos exclusives, d\u2019entr\u00e9es gratuites pour des salons, du th\u00e9\u00e2tre \u2026, inscrivez-vous \u00e0 notre <a href=\"http:\/\/www.paris-friendly.fr\/inscription-newsletter-les-bons-plans-paris-fr.php\">newsletter<\/a> sans plus tarder : Paris Friendly, site de sorties avec pour mission vous permettre de d\u00e9couvrir une multitude d\u2019activit\u00e9s gratuites, \u00e0 prix abordables ou totalement insolites. C\u2019est avant tout l\u2019histoire de deux amies d\u2019enfance (Myriam et Linda). Nous sommes toutes deux parisiennes, des meneuses de sorties et sp\u00e9cialistes pour d\u00e9nicher des plans astucieux ou des soir\u00e9es originales dans la capitale. Apr\u00e8s avoir partag\u00e9 nos trouvailles \u00e0 nos proches pendant de nombreuses ann\u00e9es, nous avons d\u00e9cid\u00e9 de mettre notre dynamisme au service de tous sur le web. C\u2019est en 2007 que notre site Internet a vu le jour et d&rsquo;autres amis sont venus nous rejoindre dans cette belle aventure ! Suite au succ\u00e8s rencontr\u00e9, nous avons fait appel \u00e0 nos amis pour nous aider. Gr\u00e2ce \u00e0 notre volont\u00e9 de partager, Paris Friendly regroupe actuellement plus de 8000 visiteurs par jour adeptes de sorties parisiennes. Sorties, \u00e9v\u00e9nements, voyages, cadeaux, concerts, bons plans avec ou sans enfants, ici, tout est mis \u00e0 votre service depuis plus de 10 ans pour vous faire profiter de Paris \u00e0 petits prix ! Le bonheur est ici avec Paris Friendly !<\/p>\n<p><em><strong>Site internet<\/strong> <\/em>: <a href=\"http:\/\/www.paris-friendly.fr\/\" target=\"_blank\" rel=\"noopener noreferrer\">Paris Friendly<\/a><\/p>\n","protected":false},"excerpt":{"rendered":"<p>Vous aimez les bons plans gratuits, pas chers ou insolites pour des sorties \u00e0 Paris dont vous vous souviendrez ? Retrouvez-en en illimit\u00e9 sur Paris Friendly, le site qui aime rendre heureux les parisiens et parisiennes. Nous vous d\u00e9nichons des bons plans restos, sorties, loisirs, culture, sport, shopping, bien-\u00eatre et m\u00eame voyages pour vivre d\u2019excellents&hellip; <\/p>\n","protected":false},"author":1,"featured_media":0,"parent":526,"menu_order":0,"comment_status":"closed","ping_status":"closed","template":"","meta":{"_monsterinsights_skip_tracking":false,"_monsterinsights_sitenote_active":false,"_monsterinsights_sitenote_note":"","_monsterinsights_sitenote_category":0,"footnotes":""},"class_list":["post-4793","page","type-page","status-publish","hentry"],"yoast_head":"<!-- This site is optimized with the Yoast SEO plugin v27.5 - https:\/\/yoast.com\/product\/yoast-seo-wordpress\/ -->\n<title>Paris Friendly - Salon saveurs des plaisirs gourmands<\/title>\n<meta name=\"robots\" content=\"index, follow, max-snippet:-1, max-image-preview:large, max-video-preview:-1\" \/>\n<link rel=\"canonical\" href=\"https:\/\/www.salon-saveurs.com\/printemps\/pressepartenaires\/espace-partenaires\/paris-friendly\/\" \/>\n<meta property=\"og:locale\" content=\"fr_FR\" \/>\n<meta property=\"og:type\" content=\"article\" \/>\n<meta property=\"og:title\" content=\"Paris Friendly - Salon saveurs des plaisirs gourmands\" \/>\n<meta property=\"og:description\" content=\"Vous aimez les bons plans gratuits, pas chers ou insolites pour des sorties \u00e0 Paris dont vous vous souviendrez ? Retrouvez-en en illimit\u00e9 sur Paris Friendly, le site qui aime rendre heureux les parisiens et parisiennes. Nous vous d\u00e9nichons des bons plans restos, sorties, loisirs, culture, sport, shopping, bien-\u00eatre et m\u00eame voyages pour vivre d\u2019excellents&hellip;\" \/>\n<meta property=\"og:url\" content=\"https:\/\/www.salon-saveurs.com\/printemps\/pressepartenaires\/espace-partenaires\/paris-friendly\/\" \/>\n<meta property=\"og:site_name\" content=\"Salon saveurs des plaisirs gourmands\" \/>\n<meta property=\"article:modified_time\" content=\"2025-08-25T15:07:08+00:00\" \/>\n<meta property=\"og:image\" content=\"https:\/\/www.salon-saveurs.com\/printemps\/wp-content\/uploads\/2023\/07\/logo_paris-friendly_150x100.jpg\" \/>\n\t<meta property=\"og:image:width\" content=\"150\" \/>\n\t<meta property=\"og:image:height\" content=\"100\" \/>\n\t<meta property=\"og:image:type\" content=\"image\/jpeg\" \/>\n<meta name=\"twitter:card\" content=\"summary_large_image\" \/>\n<meta name=\"twitter:label1\" content=\"Dur\u00e9e de lecture estim\u00e9e\" \/>\n\t<meta name=\"twitter:data1\" content=\"2 minutes\" \/>\n<script type=\"application\/ld+json\" class=\"yoast-schema-graph\">{\"@context\":\"https:\\\/\\\/schema.org\",\"@graph\":[{\"@type\":\"WebPage\",\"@id\":\"https:\\\/\\\/www.salon-saveurs.com\\\/printemps\\\/pressepartenaires\\\/espace-partenaires\\\/paris-friendly\\\/\",\"url\":\"https:\\\/\\\/www.salon-saveurs.com\\\/printemps\\\/pressepartenaires\\\/espace-partenaires\\\/paris-friendly\\\/\",\"name\":\"Paris Friendly - Salon saveurs des plaisirs gourmands\",\"isPartOf\":{\"@id\":\"https:\\\/\\\/www.salon-saveurs.com\\\/printemps\\\/#website\"},\"primaryImageOfPage\":{\"@id\":\"https:\\\/\\\/www.salon-saveurs.com\\\/printemps\\\/pressepartenaires\\\/espace-partenaires\\\/paris-friendly\\\/#primaryimage\"},\"image\":{\"@id\":\"https:\\\/\\\/www.salon-saveurs.com\\\/printemps\\\/pressepartenaires\\\/espace-partenaires\\\/paris-friendly\\\/#primaryimage\"},\"thumbnailUrl\":\"https:\\\/\\\/www.salon-saveurs.com\\\/printemps\\\/wp-content\\\/uploads\\\/2023\\\/07\\\/logo_paris-friendly_150x100.jpg\",\"datePublished\":\"2017-09-18T08:47:49+00:00\",\"dateModified\":\"2025-08-25T15:07:08+00:00\",\"breadcrumb\":{\"@id\":\"https:\\\/\\\/www.salon-saveurs.com\\\/printemps\\\/pressepartenaires\\\/espace-partenaires\\\/paris-friendly\\\/#breadcrumb\"},\"inLanguage\":\"fr-FR\",\"potentialAction\":[{\"@type\":\"ReadAction\",\"target\":[\"https:\\\/\\\/www.salon-saveurs.com\\\/printemps\\\/pressepartenaires\\\/espace-partenaires\\\/paris-friendly\\\/\"]}]},{\"@type\":\"ImageObject\",\"inLanguage\":\"fr-FR\",\"@id\":\"https:\\\/\\\/www.salon-saveurs.com\\\/printemps\\\/pressepartenaires\\\/espace-partenaires\\\/paris-friendly\\\/#primaryimage\",\"url\":\"https:\\\/\\\/www.salon-saveurs.com\\\/printemps\\\/wp-content\\\/uploads\\\/2023\\\/07\\\/logo_paris-friendly_150x100.jpg\",\"contentUrl\":\"https:\\\/\\\/www.salon-saveurs.com\\\/printemps\\\/wp-content\\\/uploads\\\/2023\\\/07\\\/logo_paris-friendly_150x100.jpg\"},{\"@type\":\"BreadcrumbList\",\"@id\":\"https:\\\/\\\/www.salon-saveurs.com\\\/printemps\\\/pressepartenaires\\\/espace-partenaires\\\/paris-friendly\\\/#breadcrumb\",\"itemListElement\":[{\"@type\":\"ListItem\",\"position\":1,\"name\":\"Accueil\",\"item\":\"https:\\\/\\\/www.salon-saveurs.com\\\/printemps\\\/\"},{\"@type\":\"ListItem\",\"position\":2,\"name\":\"Presse\\\/partenaires\",\"item\":\"https:\\\/\\\/www.salon-saveurs.com\\\/printemps\\\/pressepartenaires\\\/\"},{\"@type\":\"ListItem\",\"position\":3,\"name\":\"Espace partenaires \\\/ Parrainage\",\"item\":\"https:\\\/\\\/www.salon-saveurs.com\\\/printemps\\\/pressepartenaires\\\/espace-partenaires\\\/\"},{\"@type\":\"ListItem\",\"position\":4,\"name\":\"Paris Friendly\"}]},{\"@type\":\"WebSite\",\"@id\":\"https:\\\/\\\/www.salon-saveurs.com\\\/printemps\\\/#website\",\"url\":\"https:\\\/\\\/www.salon-saveurs.com\\\/printemps\\\/\",\"name\":\"Salon saveurs des plaisirs gourmands\",\"description\":\"\",\"publisher\":{\"@id\":\"https:\\\/\\\/www.salon-saveurs.com\\\/printemps\\\/#organization\"},\"potentialAction\":[{\"@type\":\"SearchAction\",\"target\":{\"@type\":\"EntryPoint\",\"urlTemplate\":\"https:\\\/\\\/www.salon-saveurs.com\\\/printemps\\\/?s={search_term_string}\"},\"query-input\":{\"@type\":\"PropertyValueSpecification\",\"valueRequired\":true,\"valueName\":\"search_term_string\"}}],\"inLanguage\":\"fr-FR\"},{\"@type\":\"Organization\",\"@id\":\"https:\\\/\\\/www.salon-saveurs.com\\\/printemps\\\/#organization\",\"name\":\"Salon saveurs des plaisirs gourmands\",\"url\":\"https:\\\/\\\/www.salon-saveurs.com\\\/printemps\\\/\",\"logo\":{\"@type\":\"ImageObject\",\"inLanguage\":\"fr-FR\",\"@id\":\"https:\\\/\\\/www.salon-saveurs.com\\\/printemps\\\/#\\\/schema\\\/logo\\\/image\\\/\",\"url\":\"https:\\\/\\\/www.salon-saveurs.com\\\/printemps\\\/wp-content\\\/uploads\\\/2025\\\/11\\\/logo-saveurs-COMPLET-TRANSPARENT-1.png\",\"contentUrl\":\"https:\\\/\\\/www.salon-saveurs.com\\\/printemps\\\/wp-content\\\/uploads\\\/2025\\\/11\\\/logo-saveurs-COMPLET-TRANSPARENT-1.png\",\"width\":1600,\"height\":600,\"caption\":\"Salon saveurs des plaisirs gourmands\"},\"image\":{\"@id\":\"https:\\\/\\\/www.salon-saveurs.com\\\/printemps\\\/#\\\/schema\\\/logo\\\/image\\\/\"}}]}<\/script>\n<!-- \/ Yoast SEO plugin. -->","yoast_head_json":{"title":"Paris Friendly - Salon saveurs des plaisirs gourmands","robots":{"index":"index","follow":"follow","max-snippet":"max-snippet:-1","max-image-preview":"max-image-preview:large","max-video-preview":"max-video-preview:-1"},"canonical":"https:\/\/www.salon-saveurs.com\/printemps\/pressepartenaires\/espace-partenaires\/paris-friendly\/","og_locale":"fr_FR","og_type":"article","og_title":"Paris Friendly - Salon saveurs des plaisirs gourmands","og_description":"Vous aimez les bons plans gratuits, pas chers ou insolites pour des sorties \u00e0 Paris dont vous vous souviendrez ? Retrouvez-en en illimit\u00e9 sur Paris Friendly, le site qui aime rendre heureux les parisiens et parisiennes. Nous vous d\u00e9nichons des bons plans restos, sorties, loisirs, culture, sport, shopping, bien-\u00eatre et m\u00eame voyages pour vivre d\u2019excellents&hellip;","og_url":"https:\/\/www.salon-saveurs.com\/printemps\/pressepartenaires\/espace-partenaires\/paris-friendly\/","og_site_name":"Salon saveurs des plaisirs gourmands","article_modified_time":"2025-08-25T15:07:08+00:00","og_image":[{"width":150,"height":100,"url":"https:\/\/www.salon-saveurs.com\/printemps\/wp-content\/uploads\/2023\/07\/logo_paris-friendly_150x100.jpg","type":"image\/jpeg"}],"twitter_card":"summary_large_image","twitter_misc":{"Dur\u00e9e de lecture estim\u00e9e":"2 minutes"},"schema":{"@context":"https:\/\/schema.org","@graph":[{"@type":"WebPage","@id":"https:\/\/www.salon-saveurs.com\/printemps\/pressepartenaires\/espace-partenaires\/paris-friendly\/","url":"https:\/\/www.salon-saveurs.com\/printemps\/pressepartenaires\/espace-partenaires\/paris-friendly\/","name":"Paris Friendly - Salon saveurs des plaisirs gourmands","isPartOf":{"@id":"https:\/\/www.salon-saveurs.com\/printemps\/#website"},"primaryImageOfPage":{"@id":"https:\/\/www.salon-saveurs.com\/printemps\/pressepartenaires\/espace-partenaires\/paris-friendly\/#primaryimage"},"image":{"@id":"https:\/\/www.salon-saveurs.com\/printemps\/pressepartenaires\/espace-partenaires\/paris-friendly\/#primaryimage"},"thumbnailUrl":"https:\/\/www.salon-saveurs.com\/printemps\/wp-content\/uploads\/2023\/07\/logo_paris-friendly_150x100.jpg","datePublished":"2017-09-18T08:47:49+00:00","dateModified":"2025-08-25T15:07:08+00:00","breadcrumb":{"@id":"https:\/\/www.salon-saveurs.com\/printemps\/pressepartenaires\/espace-partenaires\/paris-friendly\/#breadcrumb"},"inLanguage":"fr-FR","potentialAction":[{"@type":"ReadAction","target":["https:\/\/www.salon-saveurs.com\/printemps\/pressepartenaires\/espace-partenaires\/paris-friendly\/"]}]},{"@type":"ImageObject","inLanguage":"fr-FR","@id":"https:\/\/www.salon-saveurs.com\/printemps\/pressepartenaires\/espace-partenaires\/paris-friendly\/#primaryimage","url":"https:\/\/www.salon-saveurs.com\/printemps\/wp-content\/uploads\/2023\/07\/logo_paris-friendly_150x100.jpg","contentUrl":"https:\/\/www.salon-saveurs.com\/printemps\/wp-content\/uploads\/2023\/07\/logo_paris-friendly_150x100.jpg"},{"@type":"BreadcrumbList","@id":"https:\/\/www.salon-saveurs.com\/printemps\/pressepartenaires\/espace-partenaires\/paris-friendly\/#breadcrumb","itemListElement":[{"@type":"ListItem","position":1,"name":"Accueil","item":"https:\/\/www.salon-saveurs.com\/printemps\/"},{"@type":"ListItem","position":2,"name":"Presse\/partenaires","item":"https:\/\/www.salon-saveurs.com\/printemps\/pressepartenaires\/"},{"@type":"ListItem","position":3,"name":"Espace partenaires \/ Parrainage","item":"https:\/\/www.salon-saveurs.com\/printemps\/pressepartenaires\/espace-partenaires\/"},{"@type":"ListItem","position":4,"name":"Paris Friendly"}]},{"@type":"WebSite","@id":"https:\/\/www.salon-saveurs.com\/printemps\/#website","url":"https:\/\/www.salon-saveurs.com\/printemps\/","name":"Salon saveurs des plaisirs gourmands","description":"","publisher":{"@id":"https:\/\/www.salon-saveurs.com\/printemps\/#organization"},"potentialAction":[{"@type":"SearchAction","target":{"@type":"EntryPoint","urlTemplate":"https:\/\/www.salon-saveurs.com\/printemps\/?s={search_term_string}"},"query-input":{"@type":"PropertyValueSpecification","valueRequired":true,"valueName":"search_term_string"}}],"inLanguage":"fr-FR"},{"@type":"Organization","@id":"https:\/\/www.salon-saveurs.com\/printemps\/#organization","name":"Salon saveurs des plaisirs gourmands","url":"https:\/\/www.salon-saveurs.com\/printemps\/","logo":{"@type":"ImageObject","inLanguage":"fr-FR","@id":"https:\/\/www.salon-saveurs.com\/printemps\/#\/schema\/logo\/image\/","url":"https:\/\/www.salon-saveurs.com\/printemps\/wp-content\/uploads\/2025\/11\/logo-saveurs-COMPLET-TRANSPARENT-1.png","contentUrl":"https:\/\/www.salon-saveurs.com\/printemps\/wp-content\/uploads\/2025\/11\/logo-saveurs-COMPLET-TRANSPARENT-1.png","width":1600,"height":600,"caption":"Salon saveurs des plaisirs gourmands"},"image":{"@id":"https:\/\/www.salon-saveurs.com\/printemps\/#\/schema\/logo\/image\/"}}]}},"_links":{"self":[{"href":"https:\/\/www.salon-saveurs.com\/printemps\/wp-json\/wp\/v2\/pages\/4793","targetHints":{"allow":["GET"]}}],"collection":[{"href":"https:\/\/www.salon-saveurs.com\/printemps\/wp-json\/wp\/v2\/pages"}],"about":[{"href":"https:\/\/www.salon-saveurs.com\/printemps\/wp-json\/wp\/v2\/types\/page"}],"author":[{"embeddable":true,"href":"https:\/\/www.salon-saveurs.com\/printemps\/wp-json\/wp\/v2\/users\/1"}],"replies":[{"embeddable":true,"href":"https:\/\/www.salon-saveurs.com\/printemps\/wp-json\/wp\/v2\/comments?post=4793"}],"version-history":[{"count":0,"href":"https:\/\/www.salon-saveurs.com\/printemps\/wp-json\/wp\/v2\/pages\/4793\/revisions"}],"up":[{"embeddable":true,"href":"https:\/\/www.salon-saveurs.com\/printemps\/wp-json\/wp\/v2\/pages\/526"}],"wp:attachment":[{"href":"https:\/\/www.salon-saveurs.com\/printemps\/wp-json\/wp\/v2\/media?parent=4793"}],"curies":[{"name":"wp","href":"https:\/\/api.w.org\/{rel}","templated":true}]}}