{"id":24983,"date":"2025-03-12T10:48:46","date_gmt":"2025-03-12T09:48:46","guid":{"rendered":"https:\/\/www.salon-saveurs.com\/printemps\/?page_id=24983"},"modified":"2025-03-24T09:48:23","modified_gmt":"2025-03-24T08:48:23","slug":"saveurs-magazine","status":"publish","type":"page","link":"https:\/\/www.salon-saveurs.com\/printemps\/saveurs-magazine\/","title":{"rendered":"Saveurs Magazine"},"content":{"rendered":"<p><a href=\"https:\/\/www.salon-saveurs.com\/printemps\/saveurs-magazine\/\" target=\"_blank\" rel=\"noopener\"><img decoding=\"async\" class=\" wp-image-25109 aligncenter\" src=\"https:\/\/www.salon-saveurs.com\/printemps\/wp-content\/uploads\/2025\/03\/logo-SAVEURS-Magazine-1.png\" alt=\"\" width=\"257\" height=\"171\" \/><\/a><\/p>\n<p>&nbsp;<\/p>\n<p style=\"font-weight: 400;\"><strong>SAVEURS, LE MAGAZINE DE L\u2019ART DE VIVRE GOURMAND<\/strong><\/p>\n<p style=\"font-weight: 400;\">Saveurs vous propose chaque mois des recettes totalement in\u00e9dites. Elles sont r\u00e9alis\u00e9es pour vous, par des chefs, des auteurs culinaires qui imaginent des chefs-d\u2019\u0153uvre de gourmandise.<\/p>\n<p style=\"font-weight: 400;\">Saveurs inspire tous les gourmets de tous niveaux en suivant les tendances culinaires, en explorant les terroirs, mais \u00e9galement en partant \u00e0 la d\u00e9couverte de go\u00fbts et d\u2019alliances cr\u00e9atives inspir\u00e9es d\u2019ici et d\u2019ailleurs.<\/p>\n<p>Saveurs, c\u2019est un\u00a0beau magazine mensuel que vous aurez envie de conserver, de relire, avec un papier de qualit\u00e9 et un format g\u00e9n\u00e9reux pour vous donner l\u2019envie de r\u00e9aliser nos recettes. C\u2019est\u00a0aussi une application mobile avec plus de 10 000 recettes issues des magazines, ainsi qu\u2019un site pour prolonger l\u2019exp\u00e9rience culinaire.<\/p>\n<p><a href=\"https:\/\/www.saveurs-magazine.fr\/?utm_source=salonsaveursprintemps2025&amp;utm_medium=partenariatsalonsaveurs&amp;utm_term=&amp;utm_content=&amp;utm_campaign=SalonSaveursDesPlaisirsGourmandsPrintemps2025\" target=\"_blank\" rel=\"noopener\">Voir le site Saveurs Magazine<\/a><\/p>\n","protected":false},"excerpt":{"rendered":"<p>&nbsp; SAVEURS, LE MAGAZINE DE L\u2019ART DE VIVRE GOURMAND Saveurs vous propose chaque mois des recettes totalement in\u00e9dites. Elles sont r\u00e9alis\u00e9es pour vous, par des chefs, des auteurs culinaires qui imaginent des chefs-d\u2019\u0153uvre de gourmandise. Saveurs inspire tous les gourmets de tous niveaux en suivant les tendances culinaires, en explorant les terroirs, mais \u00e9galement en&hellip; <\/p>\n","protected":false},"author":8,"featured_media":0,"parent":0,"menu_order":0,"comment_status":"closed","ping_status":"closed","template":"","meta":{"_monsterinsights_skip_tracking":false,"_monsterinsights_sitenote_active":false,"_monsterinsights_sitenote_note":"","_monsterinsights_sitenote_category":0,"footnotes":""},"class_list":["post-24983","page","type-page","status-publish","hentry"],"yoast_head":"<!-- This site is optimized with the Yoast SEO plugin v27.3 - https:\/\/yoast.com\/product\/yoast-seo-wordpress\/ -->\n<title>Saveurs Magazine - Salon saveurs des plaisirs gourmands<\/title>\n<meta name=\"robots\" content=\"index, follow, max-snippet:-1, max-image-preview:large, max-video-preview:-1\" \/>\n<link rel=\"canonical\" href=\"https:\/\/www.salon-saveurs.com\/printemps\/saveurs-magazine\/\" \/>\n<meta property=\"og:locale\" content=\"fr_FR\" \/>\n<meta property=\"og:type\" content=\"article\" \/>\n<meta property=\"og:title\" content=\"Saveurs Magazine - Salon saveurs des plaisirs gourmands\" \/>\n<meta property=\"og:description\" content=\"&nbsp; SAVEURS, LE MAGAZINE DE L\u2019ART DE VIVRE GOURMAND Saveurs vous propose chaque mois des recettes totalement in\u00e9dites. Elles sont r\u00e9alis\u00e9es pour vous, par des chefs, des auteurs culinaires qui imaginent des chefs-d\u2019\u0153uvre de gourmandise. Saveurs inspire tous les gourmets de tous niveaux en suivant les tendances culinaires, en explorant les terroirs, mais \u00e9galement en&hellip;\" \/>\n<meta property=\"og:url\" content=\"https:\/\/www.salon-saveurs.com\/printemps\/saveurs-magazine\/\" \/>\n<meta property=\"og:site_name\" content=\"Salon saveurs des plaisirs gourmands\" \/>\n<meta property=\"article:modified_time\" content=\"2025-03-24T08:48:23+00:00\" \/>\n<meta property=\"og:image\" content=\"https:\/\/www.salon-saveurs.com\/printemps\/wp-content\/uploads\/2025\/03\/logo-SAVEURS-Magazine-1.png\" \/>\n<meta name=\"twitter:card\" content=\"summary_large_image\" \/>\n<meta name=\"twitter:label1\" content=\"Dur\u00e9e de lecture estim\u00e9e\" \/>\n\t<meta name=\"twitter:data1\" content=\"1 minute\" \/>\n<script type=\"application\/ld+json\" class=\"yoast-schema-graph\">{\"@context\":\"https:\\\/\\\/schema.org\",\"@graph\":[{\"@type\":\"WebPage\",\"@id\":\"https:\\\/\\\/www.salon-saveurs.com\\\/printemps\\\/saveurs-magazine\\\/\",\"url\":\"https:\\\/\\\/www.salon-saveurs.com\\\/printemps\\\/saveurs-magazine\\\/\",\"name\":\"Saveurs Magazine - Salon saveurs des plaisirs gourmands\",\"isPartOf\":{\"@id\":\"https:\\\/\\\/www.salon-saveurs.com\\\/printemps\\\/#website\"},\"primaryImageOfPage\":{\"@id\":\"https:\\\/\\\/www.salon-saveurs.com\\\/printemps\\\/saveurs-magazine\\\/#primaryimage\"},\"image\":{\"@id\":\"https:\\\/\\\/www.salon-saveurs.com\\\/printemps\\\/saveurs-magazine\\\/#primaryimage\"},\"thumbnailUrl\":\"https:\\\/\\\/www.salon-saveurs.com\\\/printemps\\\/wp-content\\\/uploads\\\/2025\\\/03\\\/logo-SAVEURS-Magazine-1.png\",\"datePublished\":\"2025-03-12T09:48:46+00:00\",\"dateModified\":\"2025-03-24T08:48:23+00:00\",\"breadcrumb\":{\"@id\":\"https:\\\/\\\/www.salon-saveurs.com\\\/printemps\\\/saveurs-magazine\\\/#breadcrumb\"},\"inLanguage\":\"fr-FR\",\"potentialAction\":[{\"@type\":\"ReadAction\",\"target\":[\"https:\\\/\\\/www.salon-saveurs.com\\\/printemps\\\/saveurs-magazine\\\/\"]}]},{\"@type\":\"ImageObject\",\"inLanguage\":\"fr-FR\",\"@id\":\"https:\\\/\\\/www.salon-saveurs.com\\\/printemps\\\/saveurs-magazine\\\/#primaryimage\",\"url\":\"https:\\\/\\\/www.salon-saveurs.com\\\/printemps\\\/wp-content\\\/uploads\\\/2025\\\/03\\\/logo-SAVEURS-Magazine-1.png\",\"contentUrl\":\"https:\\\/\\\/www.salon-saveurs.com\\\/printemps\\\/wp-content\\\/uploads\\\/2025\\\/03\\\/logo-SAVEURS-Magazine-1.png\",\"width\":150,\"height\":100},{\"@type\":\"BreadcrumbList\",\"@id\":\"https:\\\/\\\/www.salon-saveurs.com\\\/printemps\\\/saveurs-magazine\\\/#breadcrumb\",\"itemListElement\":[{\"@type\":\"ListItem\",\"position\":1,\"name\":\"Accueil\",\"item\":\"https:\\\/\\\/www.salon-saveurs.com\\\/printemps\\\/\"},{\"@type\":\"ListItem\",\"position\":2,\"name\":\"Saveurs Magazine\"}]},{\"@type\":\"WebSite\",\"@id\":\"https:\\\/\\\/www.salon-saveurs.com\\\/printemps\\\/#website\",\"url\":\"https:\\\/\\\/www.salon-saveurs.com\\\/printemps\\\/\",\"name\":\"Salon saveurs des plaisirs gourmands\",\"description\":\"\",\"publisher\":{\"@id\":\"https:\\\/\\\/www.salon-saveurs.com\\\/printemps\\\/#organization\"},\"potentialAction\":[{\"@type\":\"SearchAction\",\"target\":{\"@type\":\"EntryPoint\",\"urlTemplate\":\"https:\\\/\\\/www.salon-saveurs.com\\\/printemps\\\/?s={search_term_string}\"},\"query-input\":{\"@type\":\"PropertyValueSpecification\",\"valueRequired\":true,\"valueName\":\"search_term_string\"}}],\"inLanguage\":\"fr-FR\"},{\"@type\":\"Organization\",\"@id\":\"https:\\\/\\\/www.salon-saveurs.com\\\/printemps\\\/#organization\",\"name\":\"Salon saveurs des plaisirs gourmands\",\"url\":\"https:\\\/\\\/www.salon-saveurs.com\\\/printemps\\\/\",\"logo\":{\"@type\":\"ImageObject\",\"inLanguage\":\"fr-FR\",\"@id\":\"https:\\\/\\\/www.salon-saveurs.com\\\/printemps\\\/#\\\/schema\\\/logo\\\/image\\\/\",\"url\":\"https:\\\/\\\/www.salon-saveurs.com\\\/printemps\\\/wp-content\\\/uploads\\\/2025\\\/11\\\/logo-saveurs-COMPLET-TRANSPARENT-1.png\",\"contentUrl\":\"https:\\\/\\\/www.salon-saveurs.com\\\/printemps\\\/wp-content\\\/uploads\\\/2025\\\/11\\\/logo-saveurs-COMPLET-TRANSPARENT-1.png\",\"width\":1600,\"height\":600,\"caption\":\"Salon saveurs des plaisirs gourmands\"},\"image\":{\"@id\":\"https:\\\/\\\/www.salon-saveurs.com\\\/printemps\\\/#\\\/schema\\\/logo\\\/image\\\/\"}}]}<\/script>\n<!-- \/ Yoast SEO plugin. -->","yoast_head_json":{"title":"Saveurs Magazine - Salon saveurs des plaisirs gourmands","robots":{"index":"index","follow":"follow","max-snippet":"max-snippet:-1","max-image-preview":"max-image-preview:large","max-video-preview":"max-video-preview:-1"},"canonical":"https:\/\/www.salon-saveurs.com\/printemps\/saveurs-magazine\/","og_locale":"fr_FR","og_type":"article","og_title":"Saveurs Magazine - Salon saveurs des plaisirs gourmands","og_description":"&nbsp; SAVEURS, LE MAGAZINE DE L\u2019ART DE VIVRE GOURMAND Saveurs vous propose chaque mois des recettes totalement in\u00e9dites. Elles sont r\u00e9alis\u00e9es pour vous, par des chefs, des auteurs culinaires qui imaginent des chefs-d\u2019\u0153uvre de gourmandise. Saveurs inspire tous les gourmets de tous niveaux en suivant les tendances culinaires, en explorant les terroirs, mais \u00e9galement en&hellip;","og_url":"https:\/\/www.salon-saveurs.com\/printemps\/saveurs-magazine\/","og_site_name":"Salon saveurs des plaisirs gourmands","article_modified_time":"2025-03-24T08:48:23+00:00","og_image":[{"url":"https:\/\/www.salon-saveurs.com\/printemps\/wp-content\/uploads\/2025\/03\/logo-SAVEURS-Magazine-1.png","type":"","width":"","height":""}],"twitter_card":"summary_large_image","twitter_misc":{"Dur\u00e9e de lecture estim\u00e9e":"1 minute"},"schema":{"@context":"https:\/\/schema.org","@graph":[{"@type":"WebPage","@id":"https:\/\/www.salon-saveurs.com\/printemps\/saveurs-magazine\/","url":"https:\/\/www.salon-saveurs.com\/printemps\/saveurs-magazine\/","name":"Saveurs Magazine - Salon saveurs des plaisirs gourmands","isPartOf":{"@id":"https:\/\/www.salon-saveurs.com\/printemps\/#website"},"primaryImageOfPage":{"@id":"https:\/\/www.salon-saveurs.com\/printemps\/saveurs-magazine\/#primaryimage"},"image":{"@id":"https:\/\/www.salon-saveurs.com\/printemps\/saveurs-magazine\/#primaryimage"},"thumbnailUrl":"https:\/\/www.salon-saveurs.com\/printemps\/wp-content\/uploads\/2025\/03\/logo-SAVEURS-Magazine-1.png","datePublished":"2025-03-12T09:48:46+00:00","dateModified":"2025-03-24T08:48:23+00:00","breadcrumb":{"@id":"https:\/\/www.salon-saveurs.com\/printemps\/saveurs-magazine\/#breadcrumb"},"inLanguage":"fr-FR","potentialAction":[{"@type":"ReadAction","target":["https:\/\/www.salon-saveurs.com\/printemps\/saveurs-magazine\/"]}]},{"@type":"ImageObject","inLanguage":"fr-FR","@id":"https:\/\/www.salon-saveurs.com\/printemps\/saveurs-magazine\/#primaryimage","url":"https:\/\/www.salon-saveurs.com\/printemps\/wp-content\/uploads\/2025\/03\/logo-SAVEURS-Magazine-1.png","contentUrl":"https:\/\/www.salon-saveurs.com\/printemps\/wp-content\/uploads\/2025\/03\/logo-SAVEURS-Magazine-1.png","width":150,"height":100},{"@type":"BreadcrumbList","@id":"https:\/\/www.salon-saveurs.com\/printemps\/saveurs-magazine\/#breadcrumb","itemListElement":[{"@type":"ListItem","position":1,"name":"Accueil","item":"https:\/\/www.salon-saveurs.com\/printemps\/"},{"@type":"ListItem","position":2,"name":"Saveurs Magazine"}]},{"@type":"WebSite","@id":"https:\/\/www.salon-saveurs.com\/printemps\/#website","url":"https:\/\/www.salon-saveurs.com\/printemps\/","name":"Salon saveurs des plaisirs gourmands","description":"","publisher":{"@id":"https:\/\/www.salon-saveurs.com\/printemps\/#organization"},"potentialAction":[{"@type":"SearchAction","target":{"@type":"EntryPoint","urlTemplate":"https:\/\/www.salon-saveurs.com\/printemps\/?s={search_term_string}"},"query-input":{"@type":"PropertyValueSpecification","valueRequired":true,"valueName":"search_term_string"}}],"inLanguage":"fr-FR"},{"@type":"Organization","@id":"https:\/\/www.salon-saveurs.com\/printemps\/#organization","name":"Salon saveurs des plaisirs gourmands","url":"https:\/\/www.salon-saveurs.com\/printemps\/","logo":{"@type":"ImageObject","inLanguage":"fr-FR","@id":"https:\/\/www.salon-saveurs.com\/printemps\/#\/schema\/logo\/image\/","url":"https:\/\/www.salon-saveurs.com\/printemps\/wp-content\/uploads\/2025\/11\/logo-saveurs-COMPLET-TRANSPARENT-1.png","contentUrl":"https:\/\/www.salon-saveurs.com\/printemps\/wp-content\/uploads\/2025\/11\/logo-saveurs-COMPLET-TRANSPARENT-1.png","width":1600,"height":600,"caption":"Salon saveurs des plaisirs gourmands"},"image":{"@id":"https:\/\/www.salon-saveurs.com\/printemps\/#\/schema\/logo\/image\/"}}]}},"_links":{"self":[{"href":"https:\/\/www.salon-saveurs.com\/printemps\/wp-json\/wp\/v2\/pages\/24983","targetHints":{"allow":["GET"]}}],"collection":[{"href":"https:\/\/www.salon-saveurs.com\/printemps\/wp-json\/wp\/v2\/pages"}],"about":[{"href":"https:\/\/www.salon-saveurs.com\/printemps\/wp-json\/wp\/v2\/types\/page"}],"author":[{"embeddable":true,"href":"https:\/\/www.salon-saveurs.com\/printemps\/wp-json\/wp\/v2\/users\/8"}],"replies":[{"embeddable":true,"href":"https:\/\/www.salon-saveurs.com\/printemps\/wp-json\/wp\/v2\/comments?post=24983"}],"version-history":[{"count":0,"href":"https:\/\/www.salon-saveurs.com\/printemps\/wp-json\/wp\/v2\/pages\/24983\/revisions"}],"wp:attachment":[{"href":"https:\/\/www.salon-saveurs.com\/printemps\/wp-json\/wp\/v2\/media?parent=24983"}],"curies":[{"name":"wp","href":"https:\/\/api.w.org\/{rel}","templated":true}]}}