{"id":24620,"date":"2024-12-16T14:46:08","date_gmt":"2024-12-16T13:46:08","guid":{"rendered":"https:\/\/www.salon-saveurs.com\/printemps\/?page_id=24620"},"modified":"2024-12-16T14:46:08","modified_gmt":"2024-12-16T13:46:08","slug":"le-parrain-du-salon-2024","status":"publish","type":"page","link":"https:\/\/www.salon-saveurs.com\/printemps\/le-parrain-du-salon-2024\/","title":{"rendered":"Le parrain du salon 2024"},"content":{"rendered":"<p><strong>LE SALON SAVEURS DES PLAISIRS GOURMANDS 2024, PLAC\u00c9 SOUS LE SIGNE DE L\u2019ENGAGEMENT AVEC LE CHEF GR\u00c9GORY COHEN, PARRAIN DE CETTE 27<sup>e<\/sup> EDITION<\/strong><\/p>\n<p class=\"p1\">L\u2019\u00e9dition 2024 du Salon Saveurs des Plaisirs Gourmands aura lieu du 6 au 9 d\u00e9cembre \u00e0 l\u2019Espace Champerret. Pour tous les gourmands \u00e0 la recherche de p\u00e9pites culinaires ou d\u2019incontournables du patrimoine gastronomique, cet \u00e9v\u00e9nement est le rendezvous \u00e0 ne pas manquer !<\/p>\n<p class=\"p1\">C\u2019est le Chef Gr\u00e9gory Cohen, reconnu tant pour son savoir-faire que son engagement pour le \u00ab bien manger \u00bb, qui parrainera cette nouvelle \u00e9dition pour mettre en lumi\u00e8re la bistronomie fran\u00e7aise.<\/p>\n<p><a href=\"https:\/\/www.salon-saveurs.com\/printemps\/wp-content\/uploads\/2024\/07\/36A1185.jpg\"><img fetchpriority=\"high\" decoding=\"async\" class=\"alignnone wp-image-21450 size-large\" src=\"https:\/\/www.salon-saveurs.com\/printemps\/wp-content\/uploads\/2024\/07\/36A1185-683x1024.jpg\" alt=\"\" width=\"683\" height=\"1024\" srcset=\"https:\/\/www.salon-saveurs.com\/printemps\/wp-content\/uploads\/2024\/07\/36A1185-683x1024.jpg 683w, https:\/\/www.salon-saveurs.com\/printemps\/wp-content\/uploads\/2024\/07\/36A1185-200x300.jpg 200w, https:\/\/www.salon-saveurs.com\/printemps\/wp-content\/uploads\/2024\/07\/36A1185-768x1152.jpg 768w, https:\/\/www.salon-saveurs.com\/printemps\/wp-content\/uploads\/2024\/07\/36A1185-1024x1536.jpg 1024w, https:\/\/www.salon-saveurs.com\/printemps\/wp-content\/uploads\/2024\/07\/36A1185-150x225.jpg 150w, https:\/\/www.salon-saveurs.com\/printemps\/wp-content\/uploads\/2024\/07\/36A1185-333x500.jpg 333w, https:\/\/www.salon-saveurs.com\/printemps\/wp-content\/uploads\/2024\/07\/36A1185.jpg 1365w\" sizes=\"(max-width: 683px) 100vw, 683px\" \/><\/a><\/p>\n<p><strong>UN PARRAIN ENGAG\u00c9<\/strong><\/p>\n<p class=\"p1\">\u00ab\u00a0Bien manger ne veut pas forc\u00e9ment dire cher et gastronomique, mais travailler des produits bons et sains, c\u2019est manger avec bon sens\u00a0\u00bb, d\u00e9clare Gr\u00e9gory Cohen.<\/p>\n<p class=\"p1\">Chef cuisinier, animateur t\u00e9l\u00e9 et entrepreneur fran\u00e7ais, G\u00e9gory Cohen est devenu au fil des ann\u00e9es une figure de la gastronomie fran\u00e7aise. Proche des producteurs et artisans, il re\u00e7oit en 2023 la m\u00e9daille de Chevalier de l\u2019Ordre du M\u00e9rite Agricole, r\u00e9compensant son engagement sans faille pour des produits locaux durables et de qualit\u00e9.<\/p>\n<p class=\"p1\">Gr\u00e9gory Cohen fait ses premiers pas dans la cuisine du restaurant familial au plus jeune \u00e2ge. \u00c0 40 ans, apr\u00e8s une carri\u00e8re en marketing \u00e0 l\u2019international, il d\u00e9cide de se consacrer pleinement \u00e0 sa passion pour la gastronomie.<\/p>\n<p class=\"p1\">En quelques ann\u00e9es seulement, il franchit les portes de cuisines de renom. Chef et entrepreneur, il d\u00e9bute en partageant ses recettes sur son blog \u00ab\u00a0Un homme aux fourneaux\u00a0\u00bb avant d\u2019ouvrir ses propres restaurants. Le grand public le d\u00e9couvre dans plusieurs \u00e9missions culinaires \u00e0 succ\u00e8s telles que \u00ab\u00a0Le meilleur p\u00e2tissier\u00a0\u00bb.<\/p>\n<p class=\"p1\">Engag\u00e9 et passionn\u00e9, il soutient activement de nombreuses associations oeuvrant pour le \u00ab\u00a0bien manger\u00a0\u00bb comme Chef et solidaire, les Toques Fran\u00e7aises, ou encore Chefs4theplanet, dont il est l\u2019ambassadeur.<\/p>\n<p class=\"p1\">Dans les prochains mois, ce chef engag\u00e9 d\u00e9voilera une nouvelle Food exp\u00e9rience en ouvrant \u00ab\u00a0One Place\u00a0\u00bb. Situ\u00e9 en plein coeur du Parc Icade Paris Orly-Rungis, ce projet sur 1 650 m2 offrira au rez-de-chauss\u00e9e 5 concepts culinaires distincts et, \u00e0 l\u2019\u00e9tage, un lounge priv\u00e9 et la table gastronomique du Chef.<\/p>\n<p class=\"p1\">En tant que parrain de cette 27<span class=\"s1\">e \u00e9<\/span>dition, le chef Cohen partagera son histoire, talent et ses conseils \u00e0 la rencontre des producteurs.<\/p>\n<p><a href=\"https:\/\/www.salon-saveurs.com\/printemps\/wp-content\/uploads\/2024\/07\/6.jpg\"><img decoding=\"async\" class=\"alignnone wp-image-21449 size-large\" src=\"https:\/\/www.salon-saveurs.com\/printemps\/wp-content\/uploads\/2024\/07\/6-1024x1024.jpg\" alt=\"\" width=\"790\" height=\"790\" srcset=\"https:\/\/www.salon-saveurs.com\/printemps\/wp-content\/uploads\/2024\/07\/6-1024x1024.jpg 1024w, https:\/\/www.salon-saveurs.com\/printemps\/wp-content\/uploads\/2024\/07\/6-300x300.jpg 300w, https:\/\/www.salon-saveurs.com\/printemps\/wp-content\/uploads\/2024\/07\/6-150x150.jpg 150w, https:\/\/www.salon-saveurs.com\/printemps\/wp-content\/uploads\/2024\/07\/6-768x768.jpg 768w, https:\/\/www.salon-saveurs.com\/printemps\/wp-content\/uploads\/2024\/07\/6-500x500.jpg 500w, https:\/\/www.salon-saveurs.com\/printemps\/wp-content\/uploads\/2024\/07\/6-45x45.jpg 45w, https:\/\/www.salon-saveurs.com\/printemps\/wp-content\/uploads\/2024\/07\/6.jpg 1080w\" sizes=\"(max-width: 790px) 100vw, 790px\" \/><\/a><\/p>\n","protected":false},"excerpt":{"rendered":"<p>LE SALON SAVEURS DES PLAISIRS GOURMANDS 2024, PLAC\u00c9 SOUS LE SIGNE DE L\u2019ENGAGEMENT AVEC LE CHEF GR\u00c9GORY COHEN, PARRAIN DE CETTE 27e EDITION L\u2019\u00e9dition 2024 du Salon Saveurs des Plaisirs Gourmands aura lieu du 6 au 9 d\u00e9cembre \u00e0 l\u2019Espace Champerret. Pour tous les gourmands \u00e0 la recherche de p\u00e9pites culinaires ou d\u2019incontournables du patrimoine&hellip; <\/p>\n","protected":false},"author":8,"featured_media":0,"parent":0,"menu_order":0,"comment_status":"closed","ping_status":"closed","template":"","meta":{"_monsterinsights_skip_tracking":false,"_monsterinsights_sitenote_active":false,"_monsterinsights_sitenote_note":"","_monsterinsights_sitenote_category":0,"footnotes":""},"class_list":["post-24620","page","type-page","status-publish","hentry"],"yoast_head":"<!-- This site is optimized with the Yoast SEO plugin v27.5 - https:\/\/yoast.com\/product\/yoast-seo-wordpress\/ -->\n<title>Le parrain du salon 2024 - Salon saveurs des plaisirs gourmands<\/title>\n<meta name=\"robots\" content=\"index, follow, max-snippet:-1, max-image-preview:large, max-video-preview:-1\" \/>\n<link rel=\"canonical\" href=\"https:\/\/www.salon-saveurs.com\/printemps\/le-parrain-du-salon-2024\/\" \/>\n<meta property=\"og:locale\" content=\"fr_FR\" \/>\n<meta property=\"og:type\" content=\"article\" \/>\n<meta property=\"og:title\" content=\"Le parrain du salon 2024 - Salon saveurs des plaisirs gourmands\" \/>\n<meta property=\"og:description\" content=\"LE SALON SAVEURS DES PLAISIRS GOURMANDS 2024, PLAC\u00c9 SOUS LE SIGNE DE L\u2019ENGAGEMENT AVEC LE CHEF GR\u00c9GORY COHEN, PARRAIN DE CETTE 27e EDITION L\u2019\u00e9dition 2024 du Salon Saveurs des Plaisirs Gourmands aura lieu du 6 au 9 d\u00e9cembre \u00e0 l\u2019Espace Champerret. Pour tous les gourmands \u00e0 la recherche de p\u00e9pites culinaires ou d\u2019incontournables du patrimoine&hellip;\" \/>\n<meta property=\"og:url\" content=\"https:\/\/www.salon-saveurs.com\/printemps\/le-parrain-du-salon-2024\/\" \/>\n<meta property=\"og:site_name\" content=\"Salon saveurs des plaisirs gourmands\" \/>\n<meta property=\"og:image\" content=\"https:\/\/www.salon-saveurs.com\/printemps\/wp-content\/uploads\/2024\/07\/36A1185-683x1024.jpg\" \/>\n<meta name=\"twitter:card\" content=\"summary_large_image\" \/>\n<meta name=\"twitter:label1\" content=\"Dur\u00e9e de lecture estim\u00e9e\" \/>\n\t<meta name=\"twitter:data1\" content=\"3 minutes\" \/>\n<script type=\"application\/ld+json\" class=\"yoast-schema-graph\">{\"@context\":\"https:\\\/\\\/schema.org\",\"@graph\":[{\"@type\":\"WebPage\",\"@id\":\"https:\\\/\\\/www.salon-saveurs.com\\\/printemps\\\/le-parrain-du-salon-2024\\\/\",\"url\":\"https:\\\/\\\/www.salon-saveurs.com\\\/printemps\\\/le-parrain-du-salon-2024\\\/\",\"name\":\"Le parrain du salon 2024 - Salon saveurs des plaisirs gourmands\",\"isPartOf\":{\"@id\":\"https:\\\/\\\/www.salon-saveurs.com\\\/printemps\\\/#website\"},\"primaryImageOfPage\":{\"@id\":\"https:\\\/\\\/www.salon-saveurs.com\\\/printemps\\\/le-parrain-du-salon-2024\\\/#primaryimage\"},\"image\":{\"@id\":\"https:\\\/\\\/www.salon-saveurs.com\\\/printemps\\\/le-parrain-du-salon-2024\\\/#primaryimage\"},\"thumbnailUrl\":\"https:\\\/\\\/www.salon-saveurs.com\\\/printemps\\\/wp-content\\\/uploads\\\/2024\\\/07\\\/36A1185-683x1024.jpg\",\"datePublished\":\"2024-12-16T13:46:08+00:00\",\"breadcrumb\":{\"@id\":\"https:\\\/\\\/www.salon-saveurs.com\\\/printemps\\\/le-parrain-du-salon-2024\\\/#breadcrumb\"},\"inLanguage\":\"fr-FR\",\"potentialAction\":[{\"@type\":\"ReadAction\",\"target\":[\"https:\\\/\\\/www.salon-saveurs.com\\\/printemps\\\/le-parrain-du-salon-2024\\\/\"]}]},{\"@type\":\"ImageObject\",\"inLanguage\":\"fr-FR\",\"@id\":\"https:\\\/\\\/www.salon-saveurs.com\\\/printemps\\\/le-parrain-du-salon-2024\\\/#primaryimage\",\"url\":\"https:\\\/\\\/www.salon-saveurs.com\\\/printemps\\\/wp-content\\\/uploads\\\/2024\\\/07\\\/36A1185.jpg\",\"contentUrl\":\"https:\\\/\\\/www.salon-saveurs.com\\\/printemps\\\/wp-content\\\/uploads\\\/2024\\\/07\\\/36A1185.jpg\",\"width\":1365,\"height\":2048},{\"@type\":\"BreadcrumbList\",\"@id\":\"https:\\\/\\\/www.salon-saveurs.com\\\/printemps\\\/le-parrain-du-salon-2024\\\/#breadcrumb\",\"itemListElement\":[{\"@type\":\"ListItem\",\"position\":1,\"name\":\"Accueil\",\"item\":\"https:\\\/\\\/www.salon-saveurs.com\\\/printemps\\\/\"},{\"@type\":\"ListItem\",\"position\":2,\"name\":\"Le parrain du salon 2024\"}]},{\"@type\":\"WebSite\",\"@id\":\"https:\\\/\\\/www.salon-saveurs.com\\\/printemps\\\/#website\",\"url\":\"https:\\\/\\\/www.salon-saveurs.com\\\/printemps\\\/\",\"name\":\"Salon saveurs des plaisirs gourmands\",\"description\":\"\",\"publisher\":{\"@id\":\"https:\\\/\\\/www.salon-saveurs.com\\\/printemps\\\/#organization\"},\"potentialAction\":[{\"@type\":\"SearchAction\",\"target\":{\"@type\":\"EntryPoint\",\"urlTemplate\":\"https:\\\/\\\/www.salon-saveurs.com\\\/printemps\\\/?s={search_term_string}\"},\"query-input\":{\"@type\":\"PropertyValueSpecification\",\"valueRequired\":true,\"valueName\":\"search_term_string\"}}],\"inLanguage\":\"fr-FR\"},{\"@type\":\"Organization\",\"@id\":\"https:\\\/\\\/www.salon-saveurs.com\\\/printemps\\\/#organization\",\"name\":\"Salon saveurs des plaisirs gourmands\",\"url\":\"https:\\\/\\\/www.salon-saveurs.com\\\/printemps\\\/\",\"logo\":{\"@type\":\"ImageObject\",\"inLanguage\":\"fr-FR\",\"@id\":\"https:\\\/\\\/www.salon-saveurs.com\\\/printemps\\\/#\\\/schema\\\/logo\\\/image\\\/\",\"url\":\"https:\\\/\\\/www.salon-saveurs.com\\\/printemps\\\/wp-content\\\/uploads\\\/2025\\\/11\\\/logo-saveurs-COMPLET-TRANSPARENT-1.png\",\"contentUrl\":\"https:\\\/\\\/www.salon-saveurs.com\\\/printemps\\\/wp-content\\\/uploads\\\/2025\\\/11\\\/logo-saveurs-COMPLET-TRANSPARENT-1.png\",\"width\":1600,\"height\":600,\"caption\":\"Salon saveurs des plaisirs gourmands\"},\"image\":{\"@id\":\"https:\\\/\\\/www.salon-saveurs.com\\\/printemps\\\/#\\\/schema\\\/logo\\\/image\\\/\"}}]}<\/script>\n<!-- \/ Yoast SEO plugin. -->","yoast_head_json":{"title":"Le parrain du salon 2024 - Salon saveurs des plaisirs gourmands","robots":{"index":"index","follow":"follow","max-snippet":"max-snippet:-1","max-image-preview":"max-image-preview:large","max-video-preview":"max-video-preview:-1"},"canonical":"https:\/\/www.salon-saveurs.com\/printemps\/le-parrain-du-salon-2024\/","og_locale":"fr_FR","og_type":"article","og_title":"Le parrain du salon 2024 - Salon saveurs des plaisirs gourmands","og_description":"LE SALON SAVEURS DES PLAISIRS GOURMANDS 2024, PLAC\u00c9 SOUS LE SIGNE DE L\u2019ENGAGEMENT AVEC LE CHEF GR\u00c9GORY COHEN, PARRAIN DE CETTE 27e EDITION L\u2019\u00e9dition 2024 du Salon Saveurs des Plaisirs Gourmands aura lieu du 6 au 9 d\u00e9cembre \u00e0 l\u2019Espace Champerret. Pour tous les gourmands \u00e0 la recherche de p\u00e9pites culinaires ou d\u2019incontournables du patrimoine&hellip;","og_url":"https:\/\/www.salon-saveurs.com\/printemps\/le-parrain-du-salon-2024\/","og_site_name":"Salon saveurs des plaisirs gourmands","og_image":[{"url":"https:\/\/www.salon-saveurs.com\/printemps\/wp-content\/uploads\/2024\/07\/36A1185-683x1024.jpg","type":"","width":"","height":""}],"twitter_card":"summary_large_image","twitter_misc":{"Dur\u00e9e de lecture estim\u00e9e":"3 minutes"},"schema":{"@context":"https:\/\/schema.org","@graph":[{"@type":"WebPage","@id":"https:\/\/www.salon-saveurs.com\/printemps\/le-parrain-du-salon-2024\/","url":"https:\/\/www.salon-saveurs.com\/printemps\/le-parrain-du-salon-2024\/","name":"Le parrain du salon 2024 - Salon saveurs des plaisirs gourmands","isPartOf":{"@id":"https:\/\/www.salon-saveurs.com\/printemps\/#website"},"primaryImageOfPage":{"@id":"https:\/\/www.salon-saveurs.com\/printemps\/le-parrain-du-salon-2024\/#primaryimage"},"image":{"@id":"https:\/\/www.salon-saveurs.com\/printemps\/le-parrain-du-salon-2024\/#primaryimage"},"thumbnailUrl":"https:\/\/www.salon-saveurs.com\/printemps\/wp-content\/uploads\/2024\/07\/36A1185-683x1024.jpg","datePublished":"2024-12-16T13:46:08+00:00","breadcrumb":{"@id":"https:\/\/www.salon-saveurs.com\/printemps\/le-parrain-du-salon-2024\/#breadcrumb"},"inLanguage":"fr-FR","potentialAction":[{"@type":"ReadAction","target":["https:\/\/www.salon-saveurs.com\/printemps\/le-parrain-du-salon-2024\/"]}]},{"@type":"ImageObject","inLanguage":"fr-FR","@id":"https:\/\/www.salon-saveurs.com\/printemps\/le-parrain-du-salon-2024\/#primaryimage","url":"https:\/\/www.salon-saveurs.com\/printemps\/wp-content\/uploads\/2024\/07\/36A1185.jpg","contentUrl":"https:\/\/www.salon-saveurs.com\/printemps\/wp-content\/uploads\/2024\/07\/36A1185.jpg","width":1365,"height":2048},{"@type":"BreadcrumbList","@id":"https:\/\/www.salon-saveurs.com\/printemps\/le-parrain-du-salon-2024\/#breadcrumb","itemListElement":[{"@type":"ListItem","position":1,"name":"Accueil","item":"https:\/\/www.salon-saveurs.com\/printemps\/"},{"@type":"ListItem","position":2,"name":"Le parrain du salon 2024"}]},{"@type":"WebSite","@id":"https:\/\/www.salon-saveurs.com\/printemps\/#website","url":"https:\/\/www.salon-saveurs.com\/printemps\/","name":"Salon saveurs des plaisirs gourmands","description":"","publisher":{"@id":"https:\/\/www.salon-saveurs.com\/printemps\/#organization"},"potentialAction":[{"@type":"SearchAction","target":{"@type":"EntryPoint","urlTemplate":"https:\/\/www.salon-saveurs.com\/printemps\/?s={search_term_string}"},"query-input":{"@type":"PropertyValueSpecification","valueRequired":true,"valueName":"search_term_string"}}],"inLanguage":"fr-FR"},{"@type":"Organization","@id":"https:\/\/www.salon-saveurs.com\/printemps\/#organization","name":"Salon saveurs des plaisirs gourmands","url":"https:\/\/www.salon-saveurs.com\/printemps\/","logo":{"@type":"ImageObject","inLanguage":"fr-FR","@id":"https:\/\/www.salon-saveurs.com\/printemps\/#\/schema\/logo\/image\/","url":"https:\/\/www.salon-saveurs.com\/printemps\/wp-content\/uploads\/2025\/11\/logo-saveurs-COMPLET-TRANSPARENT-1.png","contentUrl":"https:\/\/www.salon-saveurs.com\/printemps\/wp-content\/uploads\/2025\/11\/logo-saveurs-COMPLET-TRANSPARENT-1.png","width":1600,"height":600,"caption":"Salon saveurs des plaisirs gourmands"},"image":{"@id":"https:\/\/www.salon-saveurs.com\/printemps\/#\/schema\/logo\/image\/"}}]}},"_links":{"self":[{"href":"https:\/\/www.salon-saveurs.com\/printemps\/wp-json\/wp\/v2\/pages\/24620","targetHints":{"allow":["GET"]}}],"collection":[{"href":"https:\/\/www.salon-saveurs.com\/printemps\/wp-json\/wp\/v2\/pages"}],"about":[{"href":"https:\/\/www.salon-saveurs.com\/printemps\/wp-json\/wp\/v2\/types\/page"}],"author":[{"embeddable":true,"href":"https:\/\/www.salon-saveurs.com\/printemps\/wp-json\/wp\/v2\/users\/8"}],"replies":[{"embeddable":true,"href":"https:\/\/www.salon-saveurs.com\/printemps\/wp-json\/wp\/v2\/comments?post=24620"}],"version-history":[{"count":0,"href":"https:\/\/www.salon-saveurs.com\/printemps\/wp-json\/wp\/v2\/pages\/24620\/revisions"}],"wp:attachment":[{"href":"https:\/\/www.salon-saveurs.com\/printemps\/wp-json\/wp\/v2\/media?parent=24620"}],"curies":[{"name":"wp","href":"https:\/\/api.w.org\/{rel}","templated":true}]}}