{"id":17361,"date":"2022-05-19T17:17:38","date_gmt":"2022-05-19T15:17:38","guid":{"rendered":"https:\/\/www.salon-saveurs.com\/printemps\/?page_id=17361"},"modified":"2022-05-19T17:17:38","modified_gmt":"2022-05-19T15:17:38","slug":"animations-2021","status":"publish","type":"page","link":"https:\/\/www.salon-saveurs.com\/printemps\/animations-2021\/","title":{"rendered":"Animations 2021"},"content":{"rendered":"<h2>Vendredi 3 d\u00e9cembre\u00a0<\/h2>\n<ul>\n<li>12h00-13h00 : <strong>D\u00e9gustation comment\u00e9e autour des accords vins et fromages<\/strong> par Mich\u00e8le H\u00e9line &#8211; Paris Sur Vins<\/li>\n<li>16h30-17h30 : <strong>D\u00e9gustation comment\u00e9e par le Meilleur sommelier du monde<\/strong>, Philippe Faure Brac<br \/>\n15h-18h : <strong>D\u00e9dicace de ses livres R\u00e9galades (bible des produits indispensables) et Chaud (recettes des chefs pour s\u00e9duire aux fourneaux)<\/strong> par Victoire Loup, auteure, journaliste gastronomique et consultante culinaire<\/li>\n<li>18h00-19h00 : <strong>Sp\u00e9cial repas de f\u00eates : les vins et le foie gras<\/strong>\u00a0par Mich\u00e8le H\u00e9line &#8211; Paris Sur Vins<\/li>\n<\/ul>\n<p>Durant la soir\u00e9e after-work, s\u00e9ance d\u00e9dicaces de <b> Pierrick Bourgault <\/b>sur l&rsquo;espace animations du Chai de Saveurs.\u00a0<br \/>\nListe des livres en d\u00e9dicaces : <i>Voyage dans les bistrots de l&rsquo;Ouest<\/i><span class=\"apple-converted-space\"><i>\u00a0<\/i><\/span>(\u00e9d. Ouest-France) \/ <i>La M\u00e8re Lapipe dans son bistrot<\/i><span class=\"apple-converted-space\"><i>\u00a0<\/i><\/span>(\u00e9d. Henry Dougier) \/ <i>Un bistrot sinon rien<\/i><span class=\"apple-converted-space\"><i>\u00a0<\/i><\/span>(\u00e9d. Chamina) \/ <i>L&rsquo;\u00e9cho des bistrots<\/i><span class=\"apple-converted-space\">\u00a0<\/span>(\u00e9d. Transbor\u00e9al) \/ <i>Nos racines paysannes<\/i><span class=\"apple-converted-space\">\u00a0<\/span>(\u00e9d. Ouest-France).<\/p>\n<h2>Samedi 4 d\u00e9cembre\u00a0<\/h2>\n<ul>\n<li>12h00-13h00 : <strong>D\u00e9gustation comment\u00e9e accords spiritueux et douceurs<\/strong>\u00a0par Mich\u00e8le H\u00e9line &#8211; Paris Sur Vins<\/li>\n<li>16h30-17h30 : <strong>D\u00e9couverte des vins du Chai de Saveurs : Initiation \u00e0 la d\u00e9gustation<\/strong> par Mich\u00e8le H\u00e9line &#8211; Paris Sur Vins<\/li>\n<li>15h-18h : <strong>D\u00e9dicace de son livre \u00ab\u00a0C&rsquo;est meilleur quand c&rsquo;est bon\u00a0\u00bb<\/strong> &#8211; Emmanuelle Jary, journaliste sp\u00e9cialis\u00e9e dans le voyage et la gastronomie<\/li>\n<\/ul>\n<h2>Dimanche 5 d\u00e9cembre\u00a0<\/h2>\n<ul>\n<li>12h00-13h00 : <strong>D\u00e9gustation comment\u00e9e : accords vins et charcuteries fines<\/strong>\u00a0par Mich\u00e8le H\u00e9line &#8211; Paris Sur Vins<\/li>\n<li>18h00-19h00 :<strong> Initiation \u00e0 la d\u00e9gustation : les accords mets &amp; vins<\/strong>\u00a0par Mich\u00e8le H\u00e9line &#8211; Paris Sur Vins<\/li>\n<\/ul>\n<h2>Lundi 6 d\u00e9cembre<\/h2>\n<ul>\n<li>12h00-13h00 : <strong>D\u00e9gustation comment\u00e9e autour des accords\u00a0vins et produits de la mer<\/strong>\u00a0par Mich\u00e8le H\u00e9line &#8211; Paris Sur Vins<\/li>\n<\/ul>\n<hr \/>\n<p><a href=\"https:\/\/www.salon-saveurs.com\/printemps\/wp-content\/uploads\/2020\/10\/LE-CHAI-DE-SAVEURS.png\"><img fetchpriority=\"high\" decoding=\"async\" class=\"wp-image-14411  aligncenter\" src=\"https:\/\/www.salon-saveurs.com\/printemps\/wp-content\/uploads\/2020\/10\/LE-CHAI-DE-SAVEURS-300x200.png\" alt=\"\" width=\"353\" height=\"235\" srcset=\"https:\/\/www.salon-saveurs.com\/printemps\/wp-content\/uploads\/2020\/10\/LE-CHAI-DE-SAVEURS-300x200.png 300w, https:\/\/www.salon-saveurs.com\/printemps\/wp-content\/uploads\/2020\/10\/LE-CHAI-DE-SAVEURS-150x100.png 150w, https:\/\/www.salon-saveurs.com\/printemps\/wp-content\/uploads\/2020\/10\/LE-CHAI-DE-SAVEURS-500x333.png 500w, https:\/\/www.salon-saveurs.com\/printemps\/wp-content\/uploads\/2020\/10\/LE-CHAI-DE-SAVEURS.png 718w\" sizes=\"(max-width: 353px) 100vw, 353px\" \/><\/a><\/p>\n<p style=\"text-align: justify;\">Retrouvez Le Chai de Saveurs, un nouvel espace vin,\u00a0d\u00e9di\u00e9 exclusivement aux producteurs de vin et spiritueux accueillera des producteurs s\u00e9lectionn\u00e9s avec soin. A travers de nombreuses d\u00e9gustations comment\u00e9es en direct avec le concours des vignerons, les amateurs de vins et spiritueux seront combl\u00e9s par la fine s\u00e9lection et les conseils d\u2019experts qui leur seront offerts. Ce nouveau coin ravira les plus oenophiles.<\/p>\n<p>Durant les 4 jours de salon, venez d\u00e9couvrir l&rsquo;exposition <strong>Bistrots et caf\u00e9s du monde, photographies de Pierrick Bourgault <\/strong>sur l&rsquo;espace du Chai de Saveurs.<br \/>\n<strong><a href=\"http:\/\/www.monbar.net\/\" target=\"_blank\" rel=\"noopener\"><em>Pour en savoir plus&#8230;<\/em><\/a><\/strong><\/p>\n","protected":false},"excerpt":{"rendered":"<p>Vendredi 3 d\u00e9cembre\u00a0 12h00-13h00 : D\u00e9gustation comment\u00e9e autour des accords vins et fromages par Mich\u00e8le H\u00e9line &#8211; Paris Sur Vins 16h30-17h30 : D\u00e9gustation comment\u00e9e par le Meilleur sommelier du monde, Philippe Faure Brac 15h-18h : D\u00e9dicace de ses livres R\u00e9galades (bible des produits indispensables) et Chaud (recettes des chefs pour s\u00e9duire aux fourneaux) par Victoire&hellip; <\/p>\n","protected":false},"author":1,"featured_media":0,"parent":0,"menu_order":0,"comment_status":"closed","ping_status":"closed","template":"","meta":{"_monsterinsights_skip_tracking":false,"_monsterinsights_sitenote_active":false,"_monsterinsights_sitenote_note":"","_monsterinsights_sitenote_category":0,"footnotes":""},"class_list":["post-17361","page","type-page","status-publish","hentry"],"yoast_head":"<!-- This site is optimized with the Yoast SEO plugin v27.3 - https:\/\/yoast.com\/product\/yoast-seo-wordpress\/ -->\n<title>Animations 2021 - Salon saveurs des plaisirs gourmands<\/title>\n<meta name=\"robots\" content=\"index, follow, max-snippet:-1, max-image-preview:large, max-video-preview:-1\" \/>\n<link rel=\"canonical\" href=\"https:\/\/www.salon-saveurs.com\/printemps\/animations-2021\/\" \/>\n<meta property=\"og:locale\" content=\"fr_FR\" \/>\n<meta property=\"og:type\" content=\"article\" \/>\n<meta property=\"og:title\" content=\"Animations 2021 - Salon saveurs des plaisirs gourmands\" \/>\n<meta property=\"og:description\" content=\"Vendredi 3 d\u00e9cembre\u00a0 12h00-13h00 : D\u00e9gustation comment\u00e9e autour des accords vins et fromages par Mich\u00e8le H\u00e9line &#8211; Paris Sur Vins 16h30-17h30 : D\u00e9gustation comment\u00e9e par le Meilleur sommelier du monde, Philippe Faure Brac 15h-18h : D\u00e9dicace de ses livres R\u00e9galades (bible des produits indispensables) et Chaud (recettes des chefs pour s\u00e9duire aux fourneaux) par Victoire&hellip;\" \/>\n<meta property=\"og:url\" content=\"https:\/\/www.salon-saveurs.com\/printemps\/animations-2021\/\" \/>\n<meta property=\"og:site_name\" content=\"Salon saveurs des plaisirs gourmands\" \/>\n<meta property=\"og:image\" content=\"https:\/\/www.salon-saveurs.com\/printemps\/wp-content\/uploads\/2020\/10\/LE-CHAI-DE-SAVEURS-300x200.png\" \/>\n<meta name=\"twitter:card\" content=\"summary_large_image\" \/>\n<meta name=\"twitter:label1\" content=\"Dur\u00e9e de lecture estim\u00e9e\" \/>\n\t<meta name=\"twitter:data1\" content=\"2 minutes\" \/>\n<script type=\"application\/ld+json\" class=\"yoast-schema-graph\">{\"@context\":\"https:\\\/\\\/schema.org\",\"@graph\":[{\"@type\":\"WebPage\",\"@id\":\"https:\\\/\\\/www.salon-saveurs.com\\\/printemps\\\/animations-2021\\\/\",\"url\":\"https:\\\/\\\/www.salon-saveurs.com\\\/printemps\\\/animations-2021\\\/\",\"name\":\"Animations 2021 - Salon saveurs des plaisirs gourmands\",\"isPartOf\":{\"@id\":\"https:\\\/\\\/www.salon-saveurs.com\\\/printemps\\\/#website\"},\"primaryImageOfPage\":{\"@id\":\"https:\\\/\\\/www.salon-saveurs.com\\\/printemps\\\/animations-2021\\\/#primaryimage\"},\"image\":{\"@id\":\"https:\\\/\\\/www.salon-saveurs.com\\\/printemps\\\/animations-2021\\\/#primaryimage\"},\"thumbnailUrl\":\"https:\\\/\\\/www.salon-saveurs.com\\\/printemps\\\/wp-content\\\/uploads\\\/2020\\\/10\\\/LE-CHAI-DE-SAVEURS-300x200.png\",\"datePublished\":\"2022-05-19T15:17:38+00:00\",\"breadcrumb\":{\"@id\":\"https:\\\/\\\/www.salon-saveurs.com\\\/printemps\\\/animations-2021\\\/#breadcrumb\"},\"inLanguage\":\"fr-FR\",\"potentialAction\":[{\"@type\":\"ReadAction\",\"target\":[\"https:\\\/\\\/www.salon-saveurs.com\\\/printemps\\\/animations-2021\\\/\"]}]},{\"@type\":\"ImageObject\",\"inLanguage\":\"fr-FR\",\"@id\":\"https:\\\/\\\/www.salon-saveurs.com\\\/printemps\\\/animations-2021\\\/#primaryimage\",\"url\":\"https:\\\/\\\/www.salon-saveurs.com\\\/printemps\\\/wp-content\\\/uploads\\\/2020\\\/10\\\/LE-CHAI-DE-SAVEURS.png\",\"contentUrl\":\"https:\\\/\\\/www.salon-saveurs.com\\\/printemps\\\/wp-content\\\/uploads\\\/2020\\\/10\\\/LE-CHAI-DE-SAVEURS.png\",\"width\":718,\"height\":478},{\"@type\":\"BreadcrumbList\",\"@id\":\"https:\\\/\\\/www.salon-saveurs.com\\\/printemps\\\/animations-2021\\\/#breadcrumb\",\"itemListElement\":[{\"@type\":\"ListItem\",\"position\":1,\"name\":\"Accueil\",\"item\":\"https:\\\/\\\/www.salon-saveurs.com\\\/printemps\\\/\"},{\"@type\":\"ListItem\",\"position\":2,\"name\":\"Animations 2021\"}]},{\"@type\":\"WebSite\",\"@id\":\"https:\\\/\\\/www.salon-saveurs.com\\\/printemps\\\/#website\",\"url\":\"https:\\\/\\\/www.salon-saveurs.com\\\/printemps\\\/\",\"name\":\"Salon saveurs des plaisirs gourmands\",\"description\":\"\",\"publisher\":{\"@id\":\"https:\\\/\\\/www.salon-saveurs.com\\\/printemps\\\/#organization\"},\"potentialAction\":[{\"@type\":\"SearchAction\",\"target\":{\"@type\":\"EntryPoint\",\"urlTemplate\":\"https:\\\/\\\/www.salon-saveurs.com\\\/printemps\\\/?s={search_term_string}\"},\"query-input\":{\"@type\":\"PropertyValueSpecification\",\"valueRequired\":true,\"valueName\":\"search_term_string\"}}],\"inLanguage\":\"fr-FR\"},{\"@type\":\"Organization\",\"@id\":\"https:\\\/\\\/www.salon-saveurs.com\\\/printemps\\\/#organization\",\"name\":\"Salon saveurs des plaisirs gourmands\",\"url\":\"https:\\\/\\\/www.salon-saveurs.com\\\/printemps\\\/\",\"logo\":{\"@type\":\"ImageObject\",\"inLanguage\":\"fr-FR\",\"@id\":\"https:\\\/\\\/www.salon-saveurs.com\\\/printemps\\\/#\\\/schema\\\/logo\\\/image\\\/\",\"url\":\"https:\\\/\\\/www.salon-saveurs.com\\\/printemps\\\/wp-content\\\/uploads\\\/2025\\\/11\\\/logo-saveurs-COMPLET-TRANSPARENT-1.png\",\"contentUrl\":\"https:\\\/\\\/www.salon-saveurs.com\\\/printemps\\\/wp-content\\\/uploads\\\/2025\\\/11\\\/logo-saveurs-COMPLET-TRANSPARENT-1.png\",\"width\":1600,\"height\":600,\"caption\":\"Salon saveurs des plaisirs gourmands\"},\"image\":{\"@id\":\"https:\\\/\\\/www.salon-saveurs.com\\\/printemps\\\/#\\\/schema\\\/logo\\\/image\\\/\"}}]}<\/script>\n<!-- \/ Yoast SEO plugin. -->","yoast_head_json":{"title":"Animations 2021 - Salon saveurs des plaisirs gourmands","robots":{"index":"index","follow":"follow","max-snippet":"max-snippet:-1","max-image-preview":"max-image-preview:large","max-video-preview":"max-video-preview:-1"},"canonical":"https:\/\/www.salon-saveurs.com\/printemps\/animations-2021\/","og_locale":"fr_FR","og_type":"article","og_title":"Animations 2021 - Salon saveurs des plaisirs gourmands","og_description":"Vendredi 3 d\u00e9cembre\u00a0 12h00-13h00 : D\u00e9gustation comment\u00e9e autour des accords vins et fromages par Mich\u00e8le H\u00e9line &#8211; Paris Sur Vins 16h30-17h30 : D\u00e9gustation comment\u00e9e par le Meilleur sommelier du monde, Philippe Faure Brac 15h-18h : D\u00e9dicace de ses livres R\u00e9galades (bible des produits indispensables) et Chaud (recettes des chefs pour s\u00e9duire aux fourneaux) par Victoire&hellip;","og_url":"https:\/\/www.salon-saveurs.com\/printemps\/animations-2021\/","og_site_name":"Salon saveurs des plaisirs gourmands","og_image":[{"url":"https:\/\/www.salon-saveurs.com\/printemps\/wp-content\/uploads\/2020\/10\/LE-CHAI-DE-SAVEURS-300x200.png","type":"","width":"","height":""}],"twitter_card":"summary_large_image","twitter_misc":{"Dur\u00e9e de lecture estim\u00e9e":"2 minutes"},"schema":{"@context":"https:\/\/schema.org","@graph":[{"@type":"WebPage","@id":"https:\/\/www.salon-saveurs.com\/printemps\/animations-2021\/","url":"https:\/\/www.salon-saveurs.com\/printemps\/animations-2021\/","name":"Animations 2021 - Salon saveurs des plaisirs gourmands","isPartOf":{"@id":"https:\/\/www.salon-saveurs.com\/printemps\/#website"},"primaryImageOfPage":{"@id":"https:\/\/www.salon-saveurs.com\/printemps\/animations-2021\/#primaryimage"},"image":{"@id":"https:\/\/www.salon-saveurs.com\/printemps\/animations-2021\/#primaryimage"},"thumbnailUrl":"https:\/\/www.salon-saveurs.com\/printemps\/wp-content\/uploads\/2020\/10\/LE-CHAI-DE-SAVEURS-300x200.png","datePublished":"2022-05-19T15:17:38+00:00","breadcrumb":{"@id":"https:\/\/www.salon-saveurs.com\/printemps\/animations-2021\/#breadcrumb"},"inLanguage":"fr-FR","potentialAction":[{"@type":"ReadAction","target":["https:\/\/www.salon-saveurs.com\/printemps\/animations-2021\/"]}]},{"@type":"ImageObject","inLanguage":"fr-FR","@id":"https:\/\/www.salon-saveurs.com\/printemps\/animations-2021\/#primaryimage","url":"https:\/\/www.salon-saveurs.com\/printemps\/wp-content\/uploads\/2020\/10\/LE-CHAI-DE-SAVEURS.png","contentUrl":"https:\/\/www.salon-saveurs.com\/printemps\/wp-content\/uploads\/2020\/10\/LE-CHAI-DE-SAVEURS.png","width":718,"height":478},{"@type":"BreadcrumbList","@id":"https:\/\/www.salon-saveurs.com\/printemps\/animations-2021\/#breadcrumb","itemListElement":[{"@type":"ListItem","position":1,"name":"Accueil","item":"https:\/\/www.salon-saveurs.com\/printemps\/"},{"@type":"ListItem","position":2,"name":"Animations 2021"}]},{"@type":"WebSite","@id":"https:\/\/www.salon-saveurs.com\/printemps\/#website","url":"https:\/\/www.salon-saveurs.com\/printemps\/","name":"Salon saveurs des plaisirs gourmands","description":"","publisher":{"@id":"https:\/\/www.salon-saveurs.com\/printemps\/#organization"},"potentialAction":[{"@type":"SearchAction","target":{"@type":"EntryPoint","urlTemplate":"https:\/\/www.salon-saveurs.com\/printemps\/?s={search_term_string}"},"query-input":{"@type":"PropertyValueSpecification","valueRequired":true,"valueName":"search_term_string"}}],"inLanguage":"fr-FR"},{"@type":"Organization","@id":"https:\/\/www.salon-saveurs.com\/printemps\/#organization","name":"Salon saveurs des plaisirs gourmands","url":"https:\/\/www.salon-saveurs.com\/printemps\/","logo":{"@type":"ImageObject","inLanguage":"fr-FR","@id":"https:\/\/www.salon-saveurs.com\/printemps\/#\/schema\/logo\/image\/","url":"https:\/\/www.salon-saveurs.com\/printemps\/wp-content\/uploads\/2025\/11\/logo-saveurs-COMPLET-TRANSPARENT-1.png","contentUrl":"https:\/\/www.salon-saveurs.com\/printemps\/wp-content\/uploads\/2025\/11\/logo-saveurs-COMPLET-TRANSPARENT-1.png","width":1600,"height":600,"caption":"Salon saveurs des plaisirs gourmands"},"image":{"@id":"https:\/\/www.salon-saveurs.com\/printemps\/#\/schema\/logo\/image\/"}}]}},"_links":{"self":[{"href":"https:\/\/www.salon-saveurs.com\/printemps\/wp-json\/wp\/v2\/pages\/17361","targetHints":{"allow":["GET"]}}],"collection":[{"href":"https:\/\/www.salon-saveurs.com\/printemps\/wp-json\/wp\/v2\/pages"}],"about":[{"href":"https:\/\/www.salon-saveurs.com\/printemps\/wp-json\/wp\/v2\/types\/page"}],"author":[{"embeddable":true,"href":"https:\/\/www.salon-saveurs.com\/printemps\/wp-json\/wp\/v2\/users\/1"}],"replies":[{"embeddable":true,"href":"https:\/\/www.salon-saveurs.com\/printemps\/wp-json\/wp\/v2\/comments?post=17361"}],"version-history":[{"count":0,"href":"https:\/\/www.salon-saveurs.com\/printemps\/wp-json\/wp\/v2\/pages\/17361\/revisions"}],"wp:attachment":[{"href":"https:\/\/www.salon-saveurs.com\/printemps\/wp-json\/wp\/v2\/media?parent=17361"}],"curies":[{"name":"wp","href":"https:\/\/api.w.org\/{rel}","templated":true}]}}