{"id":1657,"date":"2016-10-20T10:15:52","date_gmt":"2016-10-20T08:15:52","guid":{"rendered":"https:\/\/www.salon-saveurs.com\/printemps\/?page_id=1657"},"modified":"2018-10-31T17:16:09","modified_gmt":"2018-10-31T16:16:09","slug":"decouvertes-gourmandes","status":"publish","type":"page","link":"https:\/\/www.salon-saveurs.com\/printemps\/2017-2\/programme-2017\/decouvertes-gourmandes\/","title":{"rendered":"D\u00e9couvertes gourmandes 2017"},"content":{"rendered":"<p><img decoding=\"async\" src=\"https:\/\/www.salon-saveurs.com\/printemps\/wp-content\/uploads\/2018\/03\/ban-saveurs-caviar.jpg\" \/><\/p>\n<h2>Le salon Saveurs des Plaisirs Gourmands vous propose de partir \u00e0 la d\u00e9couverte des exposants du salon 2017 :<\/h2>\n<ul>\n<li><a href=\"https:\/\/www.salon-saveurs.com\/printemps\/?p=5759\">Embarquez pour un tour du monde avec les exposants du salon\n<p><\/a><\/li>\n<li><a href=\"https:\/\/www.salon-saveurs.com\/printemps\/?p=5793\">Pr\u00e9parez vos diners de f\u00eate\n<p><\/a><\/li>\n<li><a href=\"https:\/\/www.salon-saveurs.com\/printemps\/?p=5791\">Bio et bon\n<p><\/a><\/li>\n<li><a href=\"https:\/\/www.salon-saveurs.com\/printemps\/?p=5777\">Toutes les id\u00e9es cadeaux sont l\u00e0\n<p><\/a><\/li>\n<li><a href=\"https:\/\/www.salon-saveurs.com\/printemps\/?p=5763\">La s\u00e9lection \u00ab\u00a0No\u00ebl\u00a0\u00bb\n<p><\/a><\/li>\n<li><a href=\"https:\/\/www.salon-saveurs.com\/printemps\/?p=5797\">Itin\u00e9raire pour une balade gourmande<\/a><\/li>\n<\/ul>\n<h2 class=\"p1\">D\u00e9couvertes gourmandes des \u00e9ditions pr\u00e9c\u00e9dentes :<\/h2>\n<ul>\n<li style=\"list-style-type: none;\">\n<ul>\n<li><a href=\"https:\/\/www.salon-saveurs.com\/printemps\/?p=1367\">D\u00e9couvertes gourmandes pour repas de f\u00eates r\u00e9ussies<\/a><\/li>\n<li><a href=\"https:\/\/www.salon-saveurs.com\/printemps\/?p=1388\">Inspirations gastronomiques pour un \u00e9t\u00e9 gourmand<\/a><\/li>\n<li><a href=\"https:\/\/www.salon-saveurs.com\/printemps\/?p=1373\">La gastronomie italienne \u00e0 l&rsquo;honneur<br \/>\n<\/a><\/li>\n<li><a href=\"https:\/\/www.salon-saveurs.com\/printemps\/?p=1375\">La s\u00e9lection gourmande des produits du terroir fran\u00e7ais par Saveurs <\/a><\/li>\n<li><a href=\"https:\/\/www.salon-saveurs.com\/printemps\/?p=1377\">Les coups de coeur du Salon de la Gastronomie \u00e0 Paris <\/a><\/li>\n<li><a href=\"https:\/\/www.salon-saveurs.com\/printemps\/?p=1383\">Une rentr\u00e9e plac\u00e9e sous le signe de l&rsquo;\u00e9picerie fine<\/a><\/li>\n<\/ul>\n<\/li>\n<\/ul>\n","protected":false},"excerpt":{"rendered":"<p>Le salon Saveurs des Plaisirs Gourmands vous propose de partir \u00e0 la d\u00e9couverte des exposants du salon 2017 : Embarquez pour un tour du monde avec les exposants du salon Pr\u00e9parez vos diners de f\u00eate Bio et bon Toutes les id\u00e9es cadeaux sont l\u00e0 La s\u00e9lection \u00ab\u00a0No\u00ebl\u00a0\u00bb Itin\u00e9raire pour une balade gourmande D\u00e9couvertes gourmandes des&hellip; <\/p>\n","protected":false},"author":1,"featured_media":0,"parent":8093,"menu_order":50,"comment_status":"closed","ping_status":"closed","template":"","meta":{"_monsterinsights_skip_tracking":false,"_monsterinsights_sitenote_active":false,"_monsterinsights_sitenote_note":"","_monsterinsights_sitenote_category":0,"footnotes":""},"class_list":["post-1657","page","type-page","status-publish","hentry"],"yoast_head":"<!-- This site is optimized with the Yoast SEO plugin v27.3 - https:\/\/yoast.com\/product\/yoast-seo-wordpress\/ -->\n<title>D\u00e9couvertes gourmandes 2017 - Salon saveurs des plaisirs gourmands<\/title>\n<meta name=\"robots\" content=\"index, follow, max-snippet:-1, max-image-preview:large, max-video-preview:-1\" \/>\n<link rel=\"canonical\" href=\"https:\/\/www.salon-saveurs.com\/printemps\/2017-2\/programme-2017\/decouvertes-gourmandes\/\" \/>\n<meta property=\"og:locale\" content=\"fr_FR\" \/>\n<meta property=\"og:type\" content=\"article\" \/>\n<meta property=\"og:title\" content=\"D\u00e9couvertes gourmandes 2017 - Salon saveurs des plaisirs gourmands\" \/>\n<meta property=\"og:description\" content=\"Le salon Saveurs des Plaisirs Gourmands vous propose de partir \u00e0 la d\u00e9couverte des exposants du salon 2017 : Embarquez pour un tour du monde avec les exposants du salon Pr\u00e9parez vos diners de f\u00eate Bio et bon Toutes les id\u00e9es cadeaux sont l\u00e0 La s\u00e9lection \u00ab\u00a0No\u00ebl\u00a0\u00bb Itin\u00e9raire pour une balade gourmande D\u00e9couvertes gourmandes des&hellip;\" \/>\n<meta property=\"og:url\" content=\"https:\/\/www.salon-saveurs.com\/printemps\/2017-2\/programme-2017\/decouvertes-gourmandes\/\" \/>\n<meta property=\"og:site_name\" content=\"Salon saveurs des plaisirs gourmands\" \/>\n<meta property=\"article:modified_time\" content=\"2018-10-31T16:16:09+00:00\" \/>\n<meta property=\"og:image\" content=\"https:\/\/www.salon-saveurs.com\/printemps\/wp-content\/uploads\/2018\/03\/ban-saveurs-caviar.jpg\" \/>\n<meta name=\"twitter:card\" content=\"summary_large_image\" \/>\n<meta name=\"twitter:label1\" content=\"Dur\u00e9e de lecture estim\u00e9e\" \/>\n\t<meta name=\"twitter:data1\" content=\"1 minute\" \/>\n<script type=\"application\/ld+json\" class=\"yoast-schema-graph\">{\"@context\":\"https:\\\/\\\/schema.org\",\"@graph\":[{\"@type\":\"WebPage\",\"@id\":\"https:\\\/\\\/www.salon-saveurs.com\\\/printemps\\\/2017-2\\\/programme-2017\\\/decouvertes-gourmandes\\\/\",\"url\":\"https:\\\/\\\/www.salon-saveurs.com\\\/printemps\\\/2017-2\\\/programme-2017\\\/decouvertes-gourmandes\\\/\",\"name\":\"D\u00e9couvertes gourmandes 2017 - Salon saveurs des plaisirs gourmands\",\"isPartOf\":{\"@id\":\"https:\\\/\\\/www.salon-saveurs.com\\\/printemps\\\/#website\"},\"primaryImageOfPage\":{\"@id\":\"https:\\\/\\\/www.salon-saveurs.com\\\/printemps\\\/2017-2\\\/programme-2017\\\/decouvertes-gourmandes\\\/#primaryimage\"},\"image\":{\"@id\":\"https:\\\/\\\/www.salon-saveurs.com\\\/printemps\\\/2017-2\\\/programme-2017\\\/decouvertes-gourmandes\\\/#primaryimage\"},\"thumbnailUrl\":\"https:\\\/\\\/www.salon-saveurs.com\\\/printemps\\\/wp-content\\\/uploads\\\/2018\\\/03\\\/ban-saveurs-caviar.jpg\",\"datePublished\":\"2016-10-20T08:15:52+00:00\",\"dateModified\":\"2018-10-31T16:16:09+00:00\",\"breadcrumb\":{\"@id\":\"https:\\\/\\\/www.salon-saveurs.com\\\/printemps\\\/2017-2\\\/programme-2017\\\/decouvertes-gourmandes\\\/#breadcrumb\"},\"inLanguage\":\"fr-FR\",\"potentialAction\":[{\"@type\":\"ReadAction\",\"target\":[\"https:\\\/\\\/www.salon-saveurs.com\\\/printemps\\\/2017-2\\\/programme-2017\\\/decouvertes-gourmandes\\\/\"]}]},{\"@type\":\"ImageObject\",\"inLanguage\":\"fr-FR\",\"@id\":\"https:\\\/\\\/www.salon-saveurs.com\\\/printemps\\\/2017-2\\\/programme-2017\\\/decouvertes-gourmandes\\\/#primaryimage\",\"url\":\"https:\\\/\\\/www.salon-saveurs.com\\\/printemps\\\/wp-content\\\/uploads\\\/2018\\\/03\\\/ban-saveurs-caviar.jpg\",\"contentUrl\":\"https:\\\/\\\/www.salon-saveurs.com\\\/printemps\\\/wp-content\\\/uploads\\\/2018\\\/03\\\/ban-saveurs-caviar.jpg\",\"width\":841,\"height\":198},{\"@type\":\"BreadcrumbList\",\"@id\":\"https:\\\/\\\/www.salon-saveurs.com\\\/printemps\\\/2017-2\\\/programme-2017\\\/decouvertes-gourmandes\\\/#breadcrumb\",\"itemListElement\":[{\"@type\":\"ListItem\",\"position\":1,\"name\":\"Accueil\",\"item\":\"https:\\\/\\\/www.salon-saveurs.com\\\/printemps\\\/\"},{\"@type\":\"ListItem\",\"position\":2,\"name\":\"2017\",\"item\":\"https:\\\/\\\/www.salon-saveurs.com\\\/printemps\\\/2017-2\\\/\"},{\"@type\":\"ListItem\",\"position\":3,\"name\":\"Programme 2017\",\"item\":\"https:\\\/\\\/www.salon-saveurs.com\\\/printemps\\\/2017-2\\\/programme-2017\\\/\"},{\"@type\":\"ListItem\",\"position\":4,\"name\":\"D\u00e9couvertes gourmandes 2017\"}]},{\"@type\":\"WebSite\",\"@id\":\"https:\\\/\\\/www.salon-saveurs.com\\\/printemps\\\/#website\",\"url\":\"https:\\\/\\\/www.salon-saveurs.com\\\/printemps\\\/\",\"name\":\"Salon saveurs des plaisirs gourmands\",\"description\":\"\",\"publisher\":{\"@id\":\"https:\\\/\\\/www.salon-saveurs.com\\\/printemps\\\/#organization\"},\"potentialAction\":[{\"@type\":\"SearchAction\",\"target\":{\"@type\":\"EntryPoint\",\"urlTemplate\":\"https:\\\/\\\/www.salon-saveurs.com\\\/printemps\\\/?s={search_term_string}\"},\"query-input\":{\"@type\":\"PropertyValueSpecification\",\"valueRequired\":true,\"valueName\":\"search_term_string\"}}],\"inLanguage\":\"fr-FR\"},{\"@type\":\"Organization\",\"@id\":\"https:\\\/\\\/www.salon-saveurs.com\\\/printemps\\\/#organization\",\"name\":\"Salon saveurs des plaisirs gourmands\",\"url\":\"https:\\\/\\\/www.salon-saveurs.com\\\/printemps\\\/\",\"logo\":{\"@type\":\"ImageObject\",\"inLanguage\":\"fr-FR\",\"@id\":\"https:\\\/\\\/www.salon-saveurs.com\\\/printemps\\\/#\\\/schema\\\/logo\\\/image\\\/\",\"url\":\"https:\\\/\\\/www.salon-saveurs.com\\\/printemps\\\/wp-content\\\/uploads\\\/2025\\\/11\\\/logo-saveurs-COMPLET-TRANSPARENT-1.png\",\"contentUrl\":\"https:\\\/\\\/www.salon-saveurs.com\\\/printemps\\\/wp-content\\\/uploads\\\/2025\\\/11\\\/logo-saveurs-COMPLET-TRANSPARENT-1.png\",\"width\":1600,\"height\":600,\"caption\":\"Salon saveurs des plaisirs gourmands\"},\"image\":{\"@id\":\"https:\\\/\\\/www.salon-saveurs.com\\\/printemps\\\/#\\\/schema\\\/logo\\\/image\\\/\"}}]}<\/script>\n<!-- \/ Yoast SEO plugin. -->","yoast_head_json":{"title":"D\u00e9couvertes gourmandes 2017 - Salon saveurs des plaisirs gourmands","robots":{"index":"index","follow":"follow","max-snippet":"max-snippet:-1","max-image-preview":"max-image-preview:large","max-video-preview":"max-video-preview:-1"},"canonical":"https:\/\/www.salon-saveurs.com\/printemps\/2017-2\/programme-2017\/decouvertes-gourmandes\/","og_locale":"fr_FR","og_type":"article","og_title":"D\u00e9couvertes gourmandes 2017 - Salon saveurs des plaisirs gourmands","og_description":"Le salon Saveurs des Plaisirs Gourmands vous propose de partir \u00e0 la d\u00e9couverte des exposants du salon 2017 : Embarquez pour un tour du monde avec les exposants du salon Pr\u00e9parez vos diners de f\u00eate Bio et bon Toutes les id\u00e9es cadeaux sont l\u00e0 La s\u00e9lection \u00ab\u00a0No\u00ebl\u00a0\u00bb Itin\u00e9raire pour une balade gourmande D\u00e9couvertes gourmandes des&hellip;","og_url":"https:\/\/www.salon-saveurs.com\/printemps\/2017-2\/programme-2017\/decouvertes-gourmandes\/","og_site_name":"Salon saveurs des plaisirs gourmands","article_modified_time":"2018-10-31T16:16:09+00:00","og_image":[{"url":"https:\/\/www.salon-saveurs.com\/printemps\/wp-content\/uploads\/2018\/03\/ban-saveurs-caviar.jpg","type":"","width":"","height":""}],"twitter_card":"summary_large_image","twitter_misc":{"Dur\u00e9e de lecture estim\u00e9e":"1 minute"},"schema":{"@context":"https:\/\/schema.org","@graph":[{"@type":"WebPage","@id":"https:\/\/www.salon-saveurs.com\/printemps\/2017-2\/programme-2017\/decouvertes-gourmandes\/","url":"https:\/\/www.salon-saveurs.com\/printemps\/2017-2\/programme-2017\/decouvertes-gourmandes\/","name":"D\u00e9couvertes gourmandes 2017 - Salon saveurs des plaisirs gourmands","isPartOf":{"@id":"https:\/\/www.salon-saveurs.com\/printemps\/#website"},"primaryImageOfPage":{"@id":"https:\/\/www.salon-saveurs.com\/printemps\/2017-2\/programme-2017\/decouvertes-gourmandes\/#primaryimage"},"image":{"@id":"https:\/\/www.salon-saveurs.com\/printemps\/2017-2\/programme-2017\/decouvertes-gourmandes\/#primaryimage"},"thumbnailUrl":"https:\/\/www.salon-saveurs.com\/printemps\/wp-content\/uploads\/2018\/03\/ban-saveurs-caviar.jpg","datePublished":"2016-10-20T08:15:52+00:00","dateModified":"2018-10-31T16:16:09+00:00","breadcrumb":{"@id":"https:\/\/www.salon-saveurs.com\/printemps\/2017-2\/programme-2017\/decouvertes-gourmandes\/#breadcrumb"},"inLanguage":"fr-FR","potentialAction":[{"@type":"ReadAction","target":["https:\/\/www.salon-saveurs.com\/printemps\/2017-2\/programme-2017\/decouvertes-gourmandes\/"]}]},{"@type":"ImageObject","inLanguage":"fr-FR","@id":"https:\/\/www.salon-saveurs.com\/printemps\/2017-2\/programme-2017\/decouvertes-gourmandes\/#primaryimage","url":"https:\/\/www.salon-saveurs.com\/printemps\/wp-content\/uploads\/2018\/03\/ban-saveurs-caviar.jpg","contentUrl":"https:\/\/www.salon-saveurs.com\/printemps\/wp-content\/uploads\/2018\/03\/ban-saveurs-caviar.jpg","width":841,"height":198},{"@type":"BreadcrumbList","@id":"https:\/\/www.salon-saveurs.com\/printemps\/2017-2\/programme-2017\/decouvertes-gourmandes\/#breadcrumb","itemListElement":[{"@type":"ListItem","position":1,"name":"Accueil","item":"https:\/\/www.salon-saveurs.com\/printemps\/"},{"@type":"ListItem","position":2,"name":"2017","item":"https:\/\/www.salon-saveurs.com\/printemps\/2017-2\/"},{"@type":"ListItem","position":3,"name":"Programme 2017","item":"https:\/\/www.salon-saveurs.com\/printemps\/2017-2\/programme-2017\/"},{"@type":"ListItem","position":4,"name":"D\u00e9couvertes gourmandes 2017"}]},{"@type":"WebSite","@id":"https:\/\/www.salon-saveurs.com\/printemps\/#website","url":"https:\/\/www.salon-saveurs.com\/printemps\/","name":"Salon saveurs des plaisirs gourmands","description":"","publisher":{"@id":"https:\/\/www.salon-saveurs.com\/printemps\/#organization"},"potentialAction":[{"@type":"SearchAction","target":{"@type":"EntryPoint","urlTemplate":"https:\/\/www.salon-saveurs.com\/printemps\/?s={search_term_string}"},"query-input":{"@type":"PropertyValueSpecification","valueRequired":true,"valueName":"search_term_string"}}],"inLanguage":"fr-FR"},{"@type":"Organization","@id":"https:\/\/www.salon-saveurs.com\/printemps\/#organization","name":"Salon saveurs des plaisirs gourmands","url":"https:\/\/www.salon-saveurs.com\/printemps\/","logo":{"@type":"ImageObject","inLanguage":"fr-FR","@id":"https:\/\/www.salon-saveurs.com\/printemps\/#\/schema\/logo\/image\/","url":"https:\/\/www.salon-saveurs.com\/printemps\/wp-content\/uploads\/2025\/11\/logo-saveurs-COMPLET-TRANSPARENT-1.png","contentUrl":"https:\/\/www.salon-saveurs.com\/printemps\/wp-content\/uploads\/2025\/11\/logo-saveurs-COMPLET-TRANSPARENT-1.png","width":1600,"height":600,"caption":"Salon saveurs des plaisirs gourmands"},"image":{"@id":"https:\/\/www.salon-saveurs.com\/printemps\/#\/schema\/logo\/image\/"}}]}},"_links":{"self":[{"href":"https:\/\/www.salon-saveurs.com\/printemps\/wp-json\/wp\/v2\/pages\/1657","targetHints":{"allow":["GET"]}}],"collection":[{"href":"https:\/\/www.salon-saveurs.com\/printemps\/wp-json\/wp\/v2\/pages"}],"about":[{"href":"https:\/\/www.salon-saveurs.com\/printemps\/wp-json\/wp\/v2\/types\/page"}],"author":[{"embeddable":true,"href":"https:\/\/www.salon-saveurs.com\/printemps\/wp-json\/wp\/v2\/users\/1"}],"replies":[{"embeddable":true,"href":"https:\/\/www.salon-saveurs.com\/printemps\/wp-json\/wp\/v2\/comments?post=1657"}],"version-history":[{"count":0,"href":"https:\/\/www.salon-saveurs.com\/printemps\/wp-json\/wp\/v2\/pages\/1657\/revisions"}],"up":[{"embeddable":true,"href":"https:\/\/www.salon-saveurs.com\/printemps\/wp-json\/wp\/v2\/pages\/8093"}],"wp:attachment":[{"href":"https:\/\/www.salon-saveurs.com\/printemps\/wp-json\/wp\/v2\/media?parent=1657"}],"curies":[{"name":"wp","href":"https:\/\/api.w.org\/{rel}","templated":true}]}}