{"id":1433,"date":"2016-06-28T09:04:14","date_gmt":"2016-06-28T07:04:14","guid":{"rendered":"http:\/\/www.salon-biogourmand.com\/?page_id=1433"},"modified":"2026-03-27T10:31:06","modified_gmt":"2026-03-27T09:31:06","slug":"plan-du-salon","status":"publish","type":"page","link":"https:\/\/www.salon-saveurs.com\/printemps\/infos-pratiques\/plan-du-salon\/","title":{"rendered":"Plan du salon"},"content":{"rendered":"<p><strong><a href=\"https:\/\/www.salon-saveurs.com\/printemps\/wp-content\/uploads\/2025\/04\/4.png\"><img fetchpriority=\"high\" decoding=\"async\" class=\"alignnone wp-image-25332 size-full\" src=\"https:\/\/www.salon-saveurs.com\/printemps\/wp-content\/uploads\/2025\/04\/4.png\" alt=\"\" width=\"2000\" height=\"600\" srcset=\"https:\/\/www.salon-saveurs.com\/printemps\/wp-content\/uploads\/2025\/04\/4.png 2000w, https:\/\/www.salon-saveurs.com\/printemps\/wp-content\/uploads\/2025\/04\/4-300x90.png 300w, https:\/\/www.salon-saveurs.com\/printemps\/wp-content\/uploads\/2025\/04\/4-1024x307.png 1024w, https:\/\/www.salon-saveurs.com\/printemps\/wp-content\/uploads\/2025\/04\/4-768x230.png 768w, https:\/\/www.salon-saveurs.com\/printemps\/wp-content\/uploads\/2025\/04\/4-1536x461.png 1536w, https:\/\/www.salon-saveurs.com\/printemps\/wp-content\/uploads\/2025\/04\/4-150x45.png 150w, https:\/\/www.salon-saveurs.com\/printemps\/wp-content\/uploads\/2025\/04\/4-500x150.png 500w\" sizes=\"(max-width: 2000px) 100vw, 2000px\" \/><\/a><\/strong><\/p>\n<p><strong>D\u00e9couvrez le plan du salon de cette \u00e9dition printemps 2026 ! <br \/>\nRDV au Hall C, Espace Champerret &#8211; Paris 17e <\/strong><\/p>\n<p><a href=\"https:\/\/www.salon-saveurs.com\/printemps\/wp-content\/uploads\/2026\/03\/Capture-decran-2026-03-27-a-10.30.08.png\"><img decoding=\"async\" class=\"alignnone size-full wp-image-26231\" src=\"https:\/\/www.salon-saveurs.com\/printemps\/wp-content\/uploads\/2026\/03\/Capture-decran-2026-03-27-a-10.30.08.png\" alt=\"\" width=\"1062\" height=\"1108\" srcset=\"https:\/\/www.salon-saveurs.com\/printemps\/wp-content\/uploads\/2026\/03\/Capture-decran-2026-03-27-a-10.30.08.png 1062w, https:\/\/www.salon-saveurs.com\/printemps\/wp-content\/uploads\/2026\/03\/Capture-decran-2026-03-27-a-10.30.08-288x300.png 288w, https:\/\/www.salon-saveurs.com\/printemps\/wp-content\/uploads\/2026\/03\/Capture-decran-2026-03-27-a-10.30.08-981x1024.png 981w, https:\/\/www.salon-saveurs.com\/printemps\/wp-content\/uploads\/2026\/03\/Capture-decran-2026-03-27-a-10.30.08-768x801.png 768w, https:\/\/www.salon-saveurs.com\/printemps\/wp-content\/uploads\/2026\/03\/Capture-decran-2026-03-27-a-10.30.08-150x156.png 150w, https:\/\/www.salon-saveurs.com\/printemps\/wp-content\/uploads\/2026\/03\/Capture-decran-2026-03-27-a-10.30.08-479x500.png 479w\" sizes=\"(max-width: 1062px) 100vw, 1062px\" \/><\/a> <a href=\"https:\/\/www.salon-saveurs.com\/printemps\/wp-content\/uploads\/2026\/03\/Capture-decran-2026-03-27-a-10.30.21.png\"><img decoding=\"async\" class=\"alignnone size-full wp-image-26232\" src=\"https:\/\/www.salon-saveurs.com\/printemps\/wp-content\/uploads\/2026\/03\/Capture-decran-2026-03-27-a-10.30.21.png\" alt=\"\" width=\"1628\" height=\"1044\" srcset=\"https:\/\/www.salon-saveurs.com\/printemps\/wp-content\/uploads\/2026\/03\/Capture-decran-2026-03-27-a-10.30.21.png 1628w, https:\/\/www.salon-saveurs.com\/printemps\/wp-content\/uploads\/2026\/03\/Capture-decran-2026-03-27-a-10.30.21-300x192.png 300w, https:\/\/www.salon-saveurs.com\/printemps\/wp-content\/uploads\/2026\/03\/Capture-decran-2026-03-27-a-10.30.21-1024x657.png 1024w, https:\/\/www.salon-saveurs.com\/printemps\/wp-content\/uploads\/2026\/03\/Capture-decran-2026-03-27-a-10.30.21-768x493.png 768w, https:\/\/www.salon-saveurs.com\/printemps\/wp-content\/uploads\/2026\/03\/Capture-decran-2026-03-27-a-10.30.21-1536x985.png 1536w, https:\/\/www.salon-saveurs.com\/printemps\/wp-content\/uploads\/2026\/03\/Capture-decran-2026-03-27-a-10.30.21-150x96.png 150w, https:\/\/www.salon-saveurs.com\/printemps\/wp-content\/uploads\/2026\/03\/Capture-decran-2026-03-27-a-10.30.21-500x321.png 500w\" sizes=\"(max-width: 1628px) 100vw, 1628px\" \/><\/a><\/p>\n<hr \/>\n<p><a href=\"https:\/\/www.salon-saveurs.com\/printemps\/?p=25395\" target=\"_blank\" rel=\"noopener\"><em>Consultez le plan de l&rsquo;\u00e9dition printemps 2025<\/em><\/a><\/p>\n","protected":false},"excerpt":{"rendered":"<p>D\u00e9couvrez le plan du salon de cette \u00e9dition printemps 2026 ! RDV au Hall C, Espace Champerret &#8211; Paris 17e Consultez le plan de l&rsquo;\u00e9dition printemps 2025<\/p>\n","protected":false},"author":1,"featured_media":25332,"parent":18,"menu_order":3,"comment_status":"closed","ping_status":"closed","template":"","meta":{"_monsterinsights_skip_tracking":false,"_monsterinsights_sitenote_active":false,"_monsterinsights_sitenote_note":"","_monsterinsights_sitenote_category":0,"footnotes":""},"class_list":["post-1433","page","type-page","status-publish","has-post-thumbnail","hentry"],"yoast_head":"<!-- This site is optimized with the Yoast SEO plugin v27.3 - https:\/\/yoast.com\/product\/yoast-seo-wordpress\/ -->\n<title>Le plan du salon Saveurs des Plaisirs Gourmands<\/title>\n<meta name=\"description\" content=\"Pour mieux pr\u00e9parer votre visite, vous pouvez consulter et t\u00e9l\u00e9charger d\u00e8s \u00e0 pr\u00e9sent le plan du salon, \u00e9dition 2022.\" \/>\n<meta name=\"robots\" content=\"index, follow, max-snippet:-1, max-image-preview:large, max-video-preview:-1\" \/>\n<link rel=\"canonical\" href=\"https:\/\/www.salon-saveurs.com\/printemps\/infos-pratiques\/plan-du-salon\/\" \/>\n<meta property=\"og:locale\" content=\"fr_FR\" \/>\n<meta property=\"og:type\" content=\"article\" \/>\n<meta property=\"og:title\" content=\"Le plan du salon Saveurs des Plaisirs Gourmands\" \/>\n<meta property=\"og:description\" content=\"Pour mieux pr\u00e9parer votre visite, vous pouvez consulter et t\u00e9l\u00e9charger d\u00e8s \u00e0 pr\u00e9sent le plan du salon, \u00e9dition 2022.\" \/>\n<meta property=\"og:url\" content=\"https:\/\/www.salon-saveurs.com\/printemps\/infos-pratiques\/plan-du-salon\/\" \/>\n<meta property=\"og:site_name\" content=\"Salon saveurs des plaisirs gourmands\" \/>\n<meta property=\"article:modified_time\" content=\"2026-03-27T09:31:06+00:00\" \/>\n<meta property=\"og:image\" content=\"https:\/\/www.salon-saveurs.com\/printemps\/wp-content\/uploads\/2025\/04\/4.png\" \/>\n\t<meta property=\"og:image:width\" content=\"2000\" \/>\n\t<meta property=\"og:image:height\" content=\"600\" \/>\n\t<meta property=\"og:image:type\" content=\"image\/png\" \/>\n<meta name=\"twitter:card\" content=\"summary_large_image\" \/>\n<meta name=\"twitter:label1\" content=\"Dur\u00e9e de lecture estim\u00e9e\" \/>\n\t<meta name=\"twitter:data1\" content=\"1 minute\" \/>\n<script type=\"application\/ld+json\" class=\"yoast-schema-graph\">{\"@context\":\"https:\\\/\\\/schema.org\",\"@graph\":[{\"@type\":\"WebPage\",\"@id\":\"https:\\\/\\\/www.salon-saveurs.com\\\/printemps\\\/infos-pratiques\\\/plan-du-salon\\\/\",\"url\":\"https:\\\/\\\/www.salon-saveurs.com\\\/printemps\\\/infos-pratiques\\\/plan-du-salon\\\/\",\"name\":\"Le plan du salon Saveurs des Plaisirs Gourmands\",\"isPartOf\":{\"@id\":\"https:\\\/\\\/www.salon-saveurs.com\\\/printemps\\\/#website\"},\"primaryImageOfPage\":{\"@id\":\"https:\\\/\\\/www.salon-saveurs.com\\\/printemps\\\/infos-pratiques\\\/plan-du-salon\\\/#primaryimage\"},\"image\":{\"@id\":\"https:\\\/\\\/www.salon-saveurs.com\\\/printemps\\\/infos-pratiques\\\/plan-du-salon\\\/#primaryimage\"},\"thumbnailUrl\":\"https:\\\/\\\/www.salon-saveurs.com\\\/printemps\\\/wp-content\\\/uploads\\\/2025\\\/04\\\/4.png\",\"datePublished\":\"2016-06-28T07:04:14+00:00\",\"dateModified\":\"2026-03-27T09:31:06+00:00\",\"description\":\"Pour mieux pr\u00e9parer votre visite, vous pouvez consulter et t\u00e9l\u00e9charger d\u00e8s \u00e0 pr\u00e9sent le plan du salon, \u00e9dition 2022.\",\"breadcrumb\":{\"@id\":\"https:\\\/\\\/www.salon-saveurs.com\\\/printemps\\\/infos-pratiques\\\/plan-du-salon\\\/#breadcrumb\"},\"inLanguage\":\"fr-FR\",\"potentialAction\":[{\"@type\":\"ReadAction\",\"target\":[\"https:\\\/\\\/www.salon-saveurs.com\\\/printemps\\\/infos-pratiques\\\/plan-du-salon\\\/\"]}]},{\"@type\":\"ImageObject\",\"inLanguage\":\"fr-FR\",\"@id\":\"https:\\\/\\\/www.salon-saveurs.com\\\/printemps\\\/infos-pratiques\\\/plan-du-salon\\\/#primaryimage\",\"url\":\"https:\\\/\\\/www.salon-saveurs.com\\\/printemps\\\/wp-content\\\/uploads\\\/2025\\\/04\\\/4.png\",\"contentUrl\":\"https:\\\/\\\/www.salon-saveurs.com\\\/printemps\\\/wp-content\\\/uploads\\\/2025\\\/04\\\/4.png\",\"width\":2000,\"height\":600},{\"@type\":\"BreadcrumbList\",\"@id\":\"https:\\\/\\\/www.salon-saveurs.com\\\/printemps\\\/infos-pratiques\\\/plan-du-salon\\\/#breadcrumb\",\"itemListElement\":[{\"@type\":\"ListItem\",\"position\":1,\"name\":\"Accueil\",\"item\":\"https:\\\/\\\/www.salon-saveurs.com\\\/printemps\\\/\"},{\"@type\":\"ListItem\",\"position\":2,\"name\":\"Infos pratiques\",\"item\":\"https:\\\/\\\/www.salon-saveurs.com\\\/printemps\\\/infos-pratiques\\\/\"},{\"@type\":\"ListItem\",\"position\":3,\"name\":\"Plan du salon\"}]},{\"@type\":\"WebSite\",\"@id\":\"https:\\\/\\\/www.salon-saveurs.com\\\/printemps\\\/#website\",\"url\":\"https:\\\/\\\/www.salon-saveurs.com\\\/printemps\\\/\",\"name\":\"Salon saveurs des plaisirs gourmands\",\"description\":\"\",\"publisher\":{\"@id\":\"https:\\\/\\\/www.salon-saveurs.com\\\/printemps\\\/#organization\"},\"potentialAction\":[{\"@type\":\"SearchAction\",\"target\":{\"@type\":\"EntryPoint\",\"urlTemplate\":\"https:\\\/\\\/www.salon-saveurs.com\\\/printemps\\\/?s={search_term_string}\"},\"query-input\":{\"@type\":\"PropertyValueSpecification\",\"valueRequired\":true,\"valueName\":\"search_term_string\"}}],\"inLanguage\":\"fr-FR\"},{\"@type\":\"Organization\",\"@id\":\"https:\\\/\\\/www.salon-saveurs.com\\\/printemps\\\/#organization\",\"name\":\"Salon saveurs des plaisirs gourmands\",\"url\":\"https:\\\/\\\/www.salon-saveurs.com\\\/printemps\\\/\",\"logo\":{\"@type\":\"ImageObject\",\"inLanguage\":\"fr-FR\",\"@id\":\"https:\\\/\\\/www.salon-saveurs.com\\\/printemps\\\/#\\\/schema\\\/logo\\\/image\\\/\",\"url\":\"https:\\\/\\\/www.salon-saveurs.com\\\/printemps\\\/wp-content\\\/uploads\\\/2025\\\/11\\\/logo-saveurs-COMPLET-TRANSPARENT-1.png\",\"contentUrl\":\"https:\\\/\\\/www.salon-saveurs.com\\\/printemps\\\/wp-content\\\/uploads\\\/2025\\\/11\\\/logo-saveurs-COMPLET-TRANSPARENT-1.png\",\"width\":1600,\"height\":600,\"caption\":\"Salon saveurs des plaisirs gourmands\"},\"image\":{\"@id\":\"https:\\\/\\\/www.salon-saveurs.com\\\/printemps\\\/#\\\/schema\\\/logo\\\/image\\\/\"}}]}<\/script>\n<!-- \/ Yoast SEO plugin. -->","yoast_head_json":{"title":"Le plan du salon Saveurs des Plaisirs Gourmands","description":"Pour mieux pr\u00e9parer votre visite, vous pouvez consulter et t\u00e9l\u00e9charger d\u00e8s \u00e0 pr\u00e9sent le plan du salon, \u00e9dition 2022.","robots":{"index":"index","follow":"follow","max-snippet":"max-snippet:-1","max-image-preview":"max-image-preview:large","max-video-preview":"max-video-preview:-1"},"canonical":"https:\/\/www.salon-saveurs.com\/printemps\/infos-pratiques\/plan-du-salon\/","og_locale":"fr_FR","og_type":"article","og_title":"Le plan du salon Saveurs des Plaisirs Gourmands","og_description":"Pour mieux pr\u00e9parer votre visite, vous pouvez consulter et t\u00e9l\u00e9charger d\u00e8s \u00e0 pr\u00e9sent le plan du salon, \u00e9dition 2022.","og_url":"https:\/\/www.salon-saveurs.com\/printemps\/infos-pratiques\/plan-du-salon\/","og_site_name":"Salon saveurs des plaisirs gourmands","article_modified_time":"2026-03-27T09:31:06+00:00","og_image":[{"width":2000,"height":600,"url":"https:\/\/www.salon-saveurs.com\/printemps\/wp-content\/uploads\/2025\/04\/4.png","type":"image\/png"}],"twitter_card":"summary_large_image","twitter_misc":{"Dur\u00e9e de lecture estim\u00e9e":"1 minute"},"schema":{"@context":"https:\/\/schema.org","@graph":[{"@type":"WebPage","@id":"https:\/\/www.salon-saveurs.com\/printemps\/infos-pratiques\/plan-du-salon\/","url":"https:\/\/www.salon-saveurs.com\/printemps\/infos-pratiques\/plan-du-salon\/","name":"Le plan du salon Saveurs des Plaisirs Gourmands","isPartOf":{"@id":"https:\/\/www.salon-saveurs.com\/printemps\/#website"},"primaryImageOfPage":{"@id":"https:\/\/www.salon-saveurs.com\/printemps\/infos-pratiques\/plan-du-salon\/#primaryimage"},"image":{"@id":"https:\/\/www.salon-saveurs.com\/printemps\/infos-pratiques\/plan-du-salon\/#primaryimage"},"thumbnailUrl":"https:\/\/www.salon-saveurs.com\/printemps\/wp-content\/uploads\/2025\/04\/4.png","datePublished":"2016-06-28T07:04:14+00:00","dateModified":"2026-03-27T09:31:06+00:00","description":"Pour mieux pr\u00e9parer votre visite, vous pouvez consulter et t\u00e9l\u00e9charger d\u00e8s \u00e0 pr\u00e9sent le plan du salon, \u00e9dition 2022.","breadcrumb":{"@id":"https:\/\/www.salon-saveurs.com\/printemps\/infos-pratiques\/plan-du-salon\/#breadcrumb"},"inLanguage":"fr-FR","potentialAction":[{"@type":"ReadAction","target":["https:\/\/www.salon-saveurs.com\/printemps\/infos-pratiques\/plan-du-salon\/"]}]},{"@type":"ImageObject","inLanguage":"fr-FR","@id":"https:\/\/www.salon-saveurs.com\/printemps\/infos-pratiques\/plan-du-salon\/#primaryimage","url":"https:\/\/www.salon-saveurs.com\/printemps\/wp-content\/uploads\/2025\/04\/4.png","contentUrl":"https:\/\/www.salon-saveurs.com\/printemps\/wp-content\/uploads\/2025\/04\/4.png","width":2000,"height":600},{"@type":"BreadcrumbList","@id":"https:\/\/www.salon-saveurs.com\/printemps\/infos-pratiques\/plan-du-salon\/#breadcrumb","itemListElement":[{"@type":"ListItem","position":1,"name":"Accueil","item":"https:\/\/www.salon-saveurs.com\/printemps\/"},{"@type":"ListItem","position":2,"name":"Infos pratiques","item":"https:\/\/www.salon-saveurs.com\/printemps\/infos-pratiques\/"},{"@type":"ListItem","position":3,"name":"Plan du salon"}]},{"@type":"WebSite","@id":"https:\/\/www.salon-saveurs.com\/printemps\/#website","url":"https:\/\/www.salon-saveurs.com\/printemps\/","name":"Salon saveurs des plaisirs gourmands","description":"","publisher":{"@id":"https:\/\/www.salon-saveurs.com\/printemps\/#organization"},"potentialAction":[{"@type":"SearchAction","target":{"@type":"EntryPoint","urlTemplate":"https:\/\/www.salon-saveurs.com\/printemps\/?s={search_term_string}"},"query-input":{"@type":"PropertyValueSpecification","valueRequired":true,"valueName":"search_term_string"}}],"inLanguage":"fr-FR"},{"@type":"Organization","@id":"https:\/\/www.salon-saveurs.com\/printemps\/#organization","name":"Salon saveurs des plaisirs gourmands","url":"https:\/\/www.salon-saveurs.com\/printemps\/","logo":{"@type":"ImageObject","inLanguage":"fr-FR","@id":"https:\/\/www.salon-saveurs.com\/printemps\/#\/schema\/logo\/image\/","url":"https:\/\/www.salon-saveurs.com\/printemps\/wp-content\/uploads\/2025\/11\/logo-saveurs-COMPLET-TRANSPARENT-1.png","contentUrl":"https:\/\/www.salon-saveurs.com\/printemps\/wp-content\/uploads\/2025\/11\/logo-saveurs-COMPLET-TRANSPARENT-1.png","width":1600,"height":600,"caption":"Salon saveurs des plaisirs gourmands"},"image":{"@id":"https:\/\/www.salon-saveurs.com\/printemps\/#\/schema\/logo\/image\/"}}]}},"_links":{"self":[{"href":"https:\/\/www.salon-saveurs.com\/printemps\/wp-json\/wp\/v2\/pages\/1433","targetHints":{"allow":["GET"]}}],"collection":[{"href":"https:\/\/www.salon-saveurs.com\/printemps\/wp-json\/wp\/v2\/pages"}],"about":[{"href":"https:\/\/www.salon-saveurs.com\/printemps\/wp-json\/wp\/v2\/types\/page"}],"author":[{"embeddable":true,"href":"https:\/\/www.salon-saveurs.com\/printemps\/wp-json\/wp\/v2\/users\/1"}],"replies":[{"embeddable":true,"href":"https:\/\/www.salon-saveurs.com\/printemps\/wp-json\/wp\/v2\/comments?post=1433"}],"version-history":[{"count":0,"href":"https:\/\/www.salon-saveurs.com\/printemps\/wp-json\/wp\/v2\/pages\/1433\/revisions"}],"up":[{"embeddable":true,"href":"https:\/\/www.salon-saveurs.com\/printemps\/wp-json\/wp\/v2\/pages\/18"}],"wp:featuredmedia":[{"embeddable":true,"href":"https:\/\/www.salon-saveurs.com\/printemps\/wp-json\/wp\/v2\/media\/25332"}],"wp:attachment":[{"href":"https:\/\/www.salon-saveurs.com\/printemps\/wp-json\/wp\/v2\/media?parent=1433"}],"curies":[{"name":"wp","href":"https:\/\/api.w.org\/{rel}","templated":true}]}}