{"id":1351,"date":"2016-06-23T14:23:55","date_gmt":"2016-06-23T12:23:55","guid":{"rendered":"http:\/\/www.salon-biogourmand.com\/?page_id=1351"},"modified":"2026-02-19T14:40:06","modified_gmt":"2026-02-19T13:40:06","slug":"confort-de-visite","status":"publish","type":"page","link":"https:\/\/www.salon-saveurs.com\/printemps\/infos-pratiques\/confort-de-visite\/","title":{"rendered":"Votre confort de visite"},"content":{"rendered":"\r\n<h1><a href=\"https:\/\/www.salon-saveurs.com\/printemps\/wp-content\/uploads\/2025\/04\/3.png\"><img fetchpriority=\"high\" decoding=\"async\" class=\"alignnone wp-image-25331 size-full\" src=\"https:\/\/www.salon-saveurs.com\/printemps\/wp-content\/uploads\/2025\/04\/3.png\" alt=\"\" width=\"2000\" height=\"600\" srcset=\"https:\/\/www.salon-saveurs.com\/printemps\/wp-content\/uploads\/2025\/04\/3.png 2000w, https:\/\/www.salon-saveurs.com\/printemps\/wp-content\/uploads\/2025\/04\/3-300x90.png 300w, https:\/\/www.salon-saveurs.com\/printemps\/wp-content\/uploads\/2025\/04\/3-1024x307.png 1024w, https:\/\/www.salon-saveurs.com\/printemps\/wp-content\/uploads\/2025\/04\/3-768x230.png 768w, https:\/\/www.salon-saveurs.com\/printemps\/wp-content\/uploads\/2025\/04\/3-1536x461.png 1536w, https:\/\/www.salon-saveurs.com\/printemps\/wp-content\/uploads\/2025\/04\/3-150x45.png 150w, https:\/\/www.salon-saveurs.com\/printemps\/wp-content\/uploads\/2025\/04\/3-500x150.png 500w\" sizes=\"(max-width: 2000px) 100vw, 2000px\" \/><\/a><\/h1>\r\n<p>Le salon <strong>Saveurs des Plaisirs Gourmands<\/strong> vous propose des services haut de gamme pour une visite agr\u00e9able. Tout est mis en oeuvre pour\u00a0vous faciliter la vie et\u00a0faire de votre visite un moment de plaisir et d&rsquo;exception. Rendez-vous \u00e0 la conciergerie situ\u00e9e \u00e0 l&rsquo;entr\u00e9e du salon.<\/p>\r\n<p>&nbsp;<\/p>\r\n<h2><span style=\"font-size: 24pt;\">Pour vos achats<\/span><\/h2>\r\n<h3>Consigne<\/h3>\r\n<p>Vous avez la possibilit\u00e9 de d\u00e9poser vos courses \u00e0 l\u2019accueil pour poursuivre votre visite du salon les mains libre !<\/p>\r\n<hr \/>\r\n<h2><span style=\"font-size: 24pt;\">Pour votre pause-d\u00e9tente gourmande<\/span><\/h2>\r\n<p>Nous vous proposons chaque ann\u00e9e de d\u00e9couvrir diff\u00e9rents d\u00e9lices de nos r\u00e9gions gr\u00e2ce \u00e0 nos restaurants.<\/p>\r\n<hr \/>\r\n<h2><span style=\"font-size: 24pt;\">Pour une visite tout en douceur<\/span><\/h2>\r\n<h3>Un vestiaire est \u00e0 votre disposition<\/h3>\r\n<p>Le prix du vestiaire est de 2 \u20ac par v\u00eatement d\u00e9pos\u00e9, 3\u20ac pour les casques et valises.<\/p>\r\n<h3>Le guide de visite gratuit<\/h3>\r\n<p>D\u00e8s votre entr\u00e9e sur le salon, nos h\u00f4tesses vous offrent le guide de visite du salon dans lequel vous trouverez la liste des exposants et le plan du salon.<\/p>\r\n<p>Vous pouvez aussi le <a href=\"https:\/\/www.salon-saveurs.com\/printemps\/infos-pratiques\/plan-du-salon\/\" target=\"_blank\" rel=\"noopener noreferrer\">consulter en ligne<\/a> et le t\u00e9l\u00e9charger.<\/p>\r\n<h3>Un distributeur automatique de billets est \u00e0 votre disposition sur le site<\/h3>\r\n<p>Tous les exposants ne disposent pas d&rsquo;un terminal de carte bancaire, mais les autres moyens de paiement (ch\u00e8ques, esp\u00e8ces) sont accept\u00e9s.<\/p>\r\n<h3>Les animaux<\/h3>\r\n<p>Aucun animaux, petits ou grands, tenus en laisse ou dans un sac, ne sont autoris\u00e9s sur le salon.<\/p>\r\n<hr \/>\r\n<p><strong>N&rsquo;h\u00e9sitez pas \u00e0 consulter le reste des informations pratiques :\u00a0<\/strong><\/p>\r\n<p><em><a href=\"https:\/\/www.salon-saveurs.com\/printemps\/infos-pratiques\/comment-venir\/\">Comment vous rendre au salon<\/a><\/em><br \/>\r\n<em><a href=\"https:\/\/www.salon-saveurs.com\/printemps\/infos-pratiques\/dates-et-lieux\/\">Horaires et lieu<\/a><\/em><\/p>\r\n","protected":false},"excerpt":{"rendered":"","protected":false},"author":1,"featured_media":25331,"parent":18,"menu_order":30,"comment_status":"closed","ping_status":"closed","template":"","meta":{"_monsterinsights_skip_tracking":false,"_monsterinsights_sitenote_active":false,"_monsterinsights_sitenote_note":"","_monsterinsights_sitenote_category":0,"footnotes":""},"class_list":["post-1351","page","type-page","status-publish","has-post-thumbnail","hentry"],"yoast_head":"<!-- This site is optimized with the Yoast SEO plugin v27.3 - https:\/\/yoast.com\/product\/yoast-seo-wordpress\/ -->\n<title>Votre confort de visite - Salon saveurs des plaisirs gourmands<\/title>\n<meta name=\"robots\" content=\"index, follow, max-snippet:-1, max-image-preview:large, max-video-preview:-1\" \/>\n<link rel=\"canonical\" href=\"https:\/\/www.salon-saveurs.com\/printemps\/infos-pratiques\/confort-de-visite\/\" \/>\n<meta property=\"og:locale\" content=\"fr_FR\" \/>\n<meta property=\"og:type\" content=\"article\" \/>\n<meta property=\"og:title\" content=\"Votre confort de visite - Salon saveurs des plaisirs gourmands\" \/>\n<meta property=\"og:url\" content=\"https:\/\/www.salon-saveurs.com\/printemps\/infos-pratiques\/confort-de-visite\/\" \/>\n<meta property=\"og:site_name\" content=\"Salon saveurs des plaisirs gourmands\" \/>\n<meta property=\"article:modified_time\" content=\"2026-02-19T13:40:06+00:00\" \/>\n<meta property=\"og:image\" content=\"https:\/\/www.salon-saveurs.com\/printemps\/wp-content\/uploads\/2025\/04\/3.png\" \/>\n\t<meta property=\"og:image:width\" content=\"2000\" \/>\n\t<meta property=\"og:image:height\" content=\"600\" \/>\n\t<meta property=\"og:image:type\" content=\"image\/png\" \/>\n<meta name=\"twitter:card\" content=\"summary_large_image\" \/>\n<meta name=\"twitter:label1\" content=\"Dur\u00e9e de lecture estim\u00e9e\" \/>\n\t<meta name=\"twitter:data1\" content=\"2 minutes\" \/>\n<script type=\"application\/ld+json\" class=\"yoast-schema-graph\">{\"@context\":\"https:\\\/\\\/schema.org\",\"@graph\":[{\"@type\":\"WebPage\",\"@id\":\"https:\\\/\\\/www.salon-saveurs.com\\\/printemps\\\/infos-pratiques\\\/confort-de-visite\\\/\",\"url\":\"https:\\\/\\\/www.salon-saveurs.com\\\/printemps\\\/infos-pratiques\\\/confort-de-visite\\\/\",\"name\":\"Votre confort de visite - Salon saveurs des plaisirs gourmands\",\"isPartOf\":{\"@id\":\"https:\\\/\\\/www.salon-saveurs.com\\\/printemps\\\/#website\"},\"primaryImageOfPage\":{\"@id\":\"https:\\\/\\\/www.salon-saveurs.com\\\/printemps\\\/infos-pratiques\\\/confort-de-visite\\\/#primaryimage\"},\"image\":{\"@id\":\"https:\\\/\\\/www.salon-saveurs.com\\\/printemps\\\/infos-pratiques\\\/confort-de-visite\\\/#primaryimage\"},\"thumbnailUrl\":\"https:\\\/\\\/www.salon-saveurs.com\\\/printemps\\\/wp-content\\\/uploads\\\/2025\\\/04\\\/3.png\",\"datePublished\":\"2016-06-23T12:23:55+00:00\",\"dateModified\":\"2026-02-19T13:40:06+00:00\",\"breadcrumb\":{\"@id\":\"https:\\\/\\\/www.salon-saveurs.com\\\/printemps\\\/infos-pratiques\\\/confort-de-visite\\\/#breadcrumb\"},\"inLanguage\":\"fr-FR\",\"potentialAction\":[{\"@type\":\"ReadAction\",\"target\":[\"https:\\\/\\\/www.salon-saveurs.com\\\/printemps\\\/infos-pratiques\\\/confort-de-visite\\\/\"]}]},{\"@type\":\"ImageObject\",\"inLanguage\":\"fr-FR\",\"@id\":\"https:\\\/\\\/www.salon-saveurs.com\\\/printemps\\\/infos-pratiques\\\/confort-de-visite\\\/#primaryimage\",\"url\":\"https:\\\/\\\/www.salon-saveurs.com\\\/printemps\\\/wp-content\\\/uploads\\\/2025\\\/04\\\/3.png\",\"contentUrl\":\"https:\\\/\\\/www.salon-saveurs.com\\\/printemps\\\/wp-content\\\/uploads\\\/2025\\\/04\\\/3.png\",\"width\":2000,\"height\":600},{\"@type\":\"BreadcrumbList\",\"@id\":\"https:\\\/\\\/www.salon-saveurs.com\\\/printemps\\\/infos-pratiques\\\/confort-de-visite\\\/#breadcrumb\",\"itemListElement\":[{\"@type\":\"ListItem\",\"position\":1,\"name\":\"Accueil\",\"item\":\"https:\\\/\\\/www.salon-saveurs.com\\\/printemps\\\/\"},{\"@type\":\"ListItem\",\"position\":2,\"name\":\"Infos pratiques\",\"item\":\"https:\\\/\\\/www.salon-saveurs.com\\\/printemps\\\/infos-pratiques\\\/\"},{\"@type\":\"ListItem\",\"position\":3,\"name\":\"Votre confort de visite\"}]},{\"@type\":\"WebSite\",\"@id\":\"https:\\\/\\\/www.salon-saveurs.com\\\/printemps\\\/#website\",\"url\":\"https:\\\/\\\/www.salon-saveurs.com\\\/printemps\\\/\",\"name\":\"Salon saveurs des plaisirs gourmands\",\"description\":\"\",\"publisher\":{\"@id\":\"https:\\\/\\\/www.salon-saveurs.com\\\/printemps\\\/#organization\"},\"potentialAction\":[{\"@type\":\"SearchAction\",\"target\":{\"@type\":\"EntryPoint\",\"urlTemplate\":\"https:\\\/\\\/www.salon-saveurs.com\\\/printemps\\\/?s={search_term_string}\"},\"query-input\":{\"@type\":\"PropertyValueSpecification\",\"valueRequired\":true,\"valueName\":\"search_term_string\"}}],\"inLanguage\":\"fr-FR\"},{\"@type\":\"Organization\",\"@id\":\"https:\\\/\\\/www.salon-saveurs.com\\\/printemps\\\/#organization\",\"name\":\"Salon saveurs des plaisirs gourmands\",\"url\":\"https:\\\/\\\/www.salon-saveurs.com\\\/printemps\\\/\",\"logo\":{\"@type\":\"ImageObject\",\"inLanguage\":\"fr-FR\",\"@id\":\"https:\\\/\\\/www.salon-saveurs.com\\\/printemps\\\/#\\\/schema\\\/logo\\\/image\\\/\",\"url\":\"https:\\\/\\\/www.salon-saveurs.com\\\/printemps\\\/wp-content\\\/uploads\\\/2025\\\/11\\\/logo-saveurs-COMPLET-TRANSPARENT-1.png\",\"contentUrl\":\"https:\\\/\\\/www.salon-saveurs.com\\\/printemps\\\/wp-content\\\/uploads\\\/2025\\\/11\\\/logo-saveurs-COMPLET-TRANSPARENT-1.png\",\"width\":1600,\"height\":600,\"caption\":\"Salon saveurs des plaisirs gourmands\"},\"image\":{\"@id\":\"https:\\\/\\\/www.salon-saveurs.com\\\/printemps\\\/#\\\/schema\\\/logo\\\/image\\\/\"}}]}<\/script>\n<!-- \/ Yoast SEO plugin. -->","yoast_head_json":{"title":"Votre confort de visite - Salon saveurs des plaisirs gourmands","robots":{"index":"index","follow":"follow","max-snippet":"max-snippet:-1","max-image-preview":"max-image-preview:large","max-video-preview":"max-video-preview:-1"},"canonical":"https:\/\/www.salon-saveurs.com\/printemps\/infos-pratiques\/confort-de-visite\/","og_locale":"fr_FR","og_type":"article","og_title":"Votre confort de visite - Salon saveurs des plaisirs gourmands","og_url":"https:\/\/www.salon-saveurs.com\/printemps\/infos-pratiques\/confort-de-visite\/","og_site_name":"Salon saveurs des plaisirs gourmands","article_modified_time":"2026-02-19T13:40:06+00:00","og_image":[{"width":2000,"height":600,"url":"https:\/\/www.salon-saveurs.com\/printemps\/wp-content\/uploads\/2025\/04\/3.png","type":"image\/png"}],"twitter_card":"summary_large_image","twitter_misc":{"Dur\u00e9e de lecture estim\u00e9e":"2 minutes"},"schema":{"@context":"https:\/\/schema.org","@graph":[{"@type":"WebPage","@id":"https:\/\/www.salon-saveurs.com\/printemps\/infos-pratiques\/confort-de-visite\/","url":"https:\/\/www.salon-saveurs.com\/printemps\/infos-pratiques\/confort-de-visite\/","name":"Votre confort de visite - Salon saveurs des plaisirs gourmands","isPartOf":{"@id":"https:\/\/www.salon-saveurs.com\/printemps\/#website"},"primaryImageOfPage":{"@id":"https:\/\/www.salon-saveurs.com\/printemps\/infos-pratiques\/confort-de-visite\/#primaryimage"},"image":{"@id":"https:\/\/www.salon-saveurs.com\/printemps\/infos-pratiques\/confort-de-visite\/#primaryimage"},"thumbnailUrl":"https:\/\/www.salon-saveurs.com\/printemps\/wp-content\/uploads\/2025\/04\/3.png","datePublished":"2016-06-23T12:23:55+00:00","dateModified":"2026-02-19T13:40:06+00:00","breadcrumb":{"@id":"https:\/\/www.salon-saveurs.com\/printemps\/infos-pratiques\/confort-de-visite\/#breadcrumb"},"inLanguage":"fr-FR","potentialAction":[{"@type":"ReadAction","target":["https:\/\/www.salon-saveurs.com\/printemps\/infos-pratiques\/confort-de-visite\/"]}]},{"@type":"ImageObject","inLanguage":"fr-FR","@id":"https:\/\/www.salon-saveurs.com\/printemps\/infos-pratiques\/confort-de-visite\/#primaryimage","url":"https:\/\/www.salon-saveurs.com\/printemps\/wp-content\/uploads\/2025\/04\/3.png","contentUrl":"https:\/\/www.salon-saveurs.com\/printemps\/wp-content\/uploads\/2025\/04\/3.png","width":2000,"height":600},{"@type":"BreadcrumbList","@id":"https:\/\/www.salon-saveurs.com\/printemps\/infos-pratiques\/confort-de-visite\/#breadcrumb","itemListElement":[{"@type":"ListItem","position":1,"name":"Accueil","item":"https:\/\/www.salon-saveurs.com\/printemps\/"},{"@type":"ListItem","position":2,"name":"Infos pratiques","item":"https:\/\/www.salon-saveurs.com\/printemps\/infos-pratiques\/"},{"@type":"ListItem","position":3,"name":"Votre confort de visite"}]},{"@type":"WebSite","@id":"https:\/\/www.salon-saveurs.com\/printemps\/#website","url":"https:\/\/www.salon-saveurs.com\/printemps\/","name":"Salon saveurs des plaisirs gourmands","description":"","publisher":{"@id":"https:\/\/www.salon-saveurs.com\/printemps\/#organization"},"potentialAction":[{"@type":"SearchAction","target":{"@type":"EntryPoint","urlTemplate":"https:\/\/www.salon-saveurs.com\/printemps\/?s={search_term_string}"},"query-input":{"@type":"PropertyValueSpecification","valueRequired":true,"valueName":"search_term_string"}}],"inLanguage":"fr-FR"},{"@type":"Organization","@id":"https:\/\/www.salon-saveurs.com\/printemps\/#organization","name":"Salon saveurs des plaisirs gourmands","url":"https:\/\/www.salon-saveurs.com\/printemps\/","logo":{"@type":"ImageObject","inLanguage":"fr-FR","@id":"https:\/\/www.salon-saveurs.com\/printemps\/#\/schema\/logo\/image\/","url":"https:\/\/www.salon-saveurs.com\/printemps\/wp-content\/uploads\/2025\/11\/logo-saveurs-COMPLET-TRANSPARENT-1.png","contentUrl":"https:\/\/www.salon-saveurs.com\/printemps\/wp-content\/uploads\/2025\/11\/logo-saveurs-COMPLET-TRANSPARENT-1.png","width":1600,"height":600,"caption":"Salon saveurs des plaisirs gourmands"},"image":{"@id":"https:\/\/www.salon-saveurs.com\/printemps\/#\/schema\/logo\/image\/"}}]}},"_links":{"self":[{"href":"https:\/\/www.salon-saveurs.com\/printemps\/wp-json\/wp\/v2\/pages\/1351","targetHints":{"allow":["GET"]}}],"collection":[{"href":"https:\/\/www.salon-saveurs.com\/printemps\/wp-json\/wp\/v2\/pages"}],"about":[{"href":"https:\/\/www.salon-saveurs.com\/printemps\/wp-json\/wp\/v2\/types\/page"}],"author":[{"embeddable":true,"href":"https:\/\/www.salon-saveurs.com\/printemps\/wp-json\/wp\/v2\/users\/1"}],"replies":[{"embeddable":true,"href":"https:\/\/www.salon-saveurs.com\/printemps\/wp-json\/wp\/v2\/comments?post=1351"}],"version-history":[{"count":0,"href":"https:\/\/www.salon-saveurs.com\/printemps\/wp-json\/wp\/v2\/pages\/1351\/revisions"}],"up":[{"embeddable":true,"href":"https:\/\/www.salon-saveurs.com\/printemps\/wp-json\/wp\/v2\/pages\/18"}],"wp:featuredmedia":[{"embeddable":true,"href":"https:\/\/www.salon-saveurs.com\/printemps\/wp-json\/wp\/v2\/media\/25331"}],"wp:attachment":[{"href":"https:\/\/www.salon-saveurs.com\/printemps\/wp-json\/wp\/v2\/media?parent=1351"}],"curies":[{"name":"wp","href":"https:\/\/api.w.org\/{rel}","templated":true}]}}