{"id":13175,"date":"2020-03-17T14:46:09","date_gmt":"2020-03-17T13:46:09","guid":{"rendered":"https:\/\/www.salon-saveurs.com\/printemps\/?page_id=13175"},"modified":"2026-01-14T15:43:30","modified_gmt":"2026-01-14T14:43:30","slug":"temps-forts-nouveautes","status":"publish","type":"page","link":"https:\/\/www.salon-saveurs.com\/printemps\/visiter\/temps-forts-nouveautes\/","title":{"rendered":"Temps forts &#038; nouveaut\u00e9s"},"content":{"rendered":"<p><\/p>\r\n<h2><a href=\"https:\/\/www.salon-saveurs.com\/printemps\/wp-content\/uploads\/2025\/04\/1.png\"><img fetchpriority=\"high\" decoding=\"async\" class=\"alignnone wp-image-25329 size-full\" src=\"https:\/\/www.salon-saveurs.com\/printemps\/wp-content\/uploads\/2025\/04\/1.png\" alt=\"\" width=\"2000\" height=\"600\" srcset=\"https:\/\/www.salon-saveurs.com\/printemps\/wp-content\/uploads\/2025\/04\/1.png 2000w, https:\/\/www.salon-saveurs.com\/printemps\/wp-content\/uploads\/2025\/04\/1-300x90.png 300w, https:\/\/www.salon-saveurs.com\/printemps\/wp-content\/uploads\/2025\/04\/1-1024x307.png 1024w, https:\/\/www.salon-saveurs.com\/printemps\/wp-content\/uploads\/2025\/04\/1-768x230.png 768w, https:\/\/www.salon-saveurs.com\/printemps\/wp-content\/uploads\/2025\/04\/1-1536x461.png 1536w, https:\/\/www.salon-saveurs.com\/printemps\/wp-content\/uploads\/2025\/04\/1-150x45.png 150w, https:\/\/www.salon-saveurs.com\/printemps\/wp-content\/uploads\/2025\/04\/1-500x150.png 500w\" sizes=\"(max-width: 2000px) 100vw, 2000px\" \/><\/a><\/h2>\r\n<p><strong><span style=\"color: #afc73c;\">Les Producteurs gourmets et gourmands<\/span> :<\/strong> les producteurs de nos r\u00e9gions vous donnent rendez-vous pour une nouvelle \u00e9dition printani\u00e8re qui met \u00e0 l&rsquo;honneur, encore une fois, <span style=\"color: #e5007d;\"><strong>les meilleurs produits du terroir et d&rsquo;\u00e9picerie fine<\/strong><\/span>. Venez donc <span style=\"color: #e5007d;\"><strong>acheter en direct<\/strong><\/span> aupr\u00e8s des artisans et producteurs fermiers !\u00a0<\/p>\r\n<p><span style=\"color: #b8df37;\"><strong>Espace Bistrots &amp; Restaurants<\/strong><\/span>\u00a0:\u00a0<span style=\"color: #e5007d;\"><strong>r\u00e9galez-vous directement sur place<\/strong><\/span>\u00a0gr\u00e2ce \u00e0 nos traiteurs sont regrouper dans une m\u00eame zone, pour vous proposer\u00a0<span style=\"color: #e5007d;\"><strong>diverses sp\u00e9cialit\u00e9s<\/strong><\/span>\u2026 Des <span style=\"color: #e5007d;\"><strong>tables et des chaises<\/strong>\u00a0<\/span>seront\u00a0<span style=\"color: #e5007d;\"><strong>\u00e0 disposition<\/strong><\/span>\u00a0pour tous !<\/p>\r\n<p><span style=\"color: #afc73c;\"><strong>Espace P\u00e9pites du terroir<\/strong><\/span> : aiguisez votre curiosit\u00e9 avec les <span style=\"color: #e5007d;\"><strong>produits innovants<\/strong><\/span>, <span style=\"color: #e5007d;\"><strong>surprenants<\/strong><\/span> et <span style=\"color: #e5007d;\"><strong>gourmands<\/strong><\/span> de nos jeunes entrepreneurs lors\u00a0<span style=\"color: #e5007d;\"><strong>la nocturne festive<\/strong><\/span>, le <span style=\"color: #e5007d;\"><strong>vendredi soir jusqu\u2019\u00e0 20h<\/strong><\/span>.<\/p>\r\n<p><strong><span style=\"color: #afc73c;\">La Galerie des Best-sellers et Nouveaut\u00e9<\/span> :<\/strong> d\u00e9couvrez les <strong><span style=\"color: #e5007d;\">produits phares<\/span><\/strong>,<span style=\"color: #e5007d;\"><strong> meilleures ventes <\/strong><span style=\"color: #000000;\">et<\/span><strong> derni\u00e8res sorties<\/strong><\/span>\u00a0de nos producteurs et artisans, dans leurs vitrines, u<strong>n <span style=\"color: #e5007d;\">espace sp\u00e9cialement d\u00e9di\u00e9<\/span><\/strong> !<\/p>\r\n<hr \/>\r\n<p><strong>Si vous souhaitez en savoir plus\u00a0<\/strong><\/p>\r\n<ul>\r\n\t<li style=\"list-style-type: none;\">\r\n<ul>\r\n\t<li><a href=\"..\/presentation-du-salon\/\">Pr\u00e9sentation du salon<\/a><\/li>\r\n\t<li><a href=\"https:\/\/www.salon-saveurs.com\/printemps\/visiter\/les-secteurs-du-salon-2\/\">Les secteurs du salon<\/a><\/li>\r\n\t<li><a href=\"..\/liste-des-exposants\/\">Liste des exposants<\/a><\/li>\r\n\t<li><a href=\"..\/le-salon-en-images-2\/\">Les photos du salon<\/a><\/li>\r\n\t<li><a href=\"..\/les-recettes-des-exposants\/\">Les recettes des exposants<\/a><\/li>\r\n<\/ul>\r\n<\/li>\r\n<\/ul>","protected":false},"excerpt":{"rendered":"","protected":false},"author":1,"featured_media":25329,"parent":2,"menu_order":4,"comment_status":"closed","ping_status":"closed","template":"","meta":{"_monsterinsights_skip_tracking":false,"_monsterinsights_sitenote_active":false,"_monsterinsights_sitenote_note":"","_monsterinsights_sitenote_category":0,"footnotes":""},"class_list":["post-13175","page","type-page","status-publish","has-post-thumbnail","hentry"],"yoast_head":"<!-- This site is optimized with the Yoast SEO plugin v27.3 - https:\/\/yoast.com\/product\/yoast-seo-wordpress\/ -->\n<title>Temps forts &amp; nouveaut\u00e9s - Salon saveurs des plaisirs gourmands<\/title>\n<meta name=\"robots\" content=\"index, follow, max-snippet:-1, max-image-preview:large, max-video-preview:-1\" \/>\n<link rel=\"canonical\" href=\"https:\/\/www.salon-saveurs.com\/printemps\/visiter\/temps-forts-nouveautes\/\" \/>\n<meta property=\"og:locale\" content=\"fr_FR\" \/>\n<meta property=\"og:type\" content=\"article\" \/>\n<meta property=\"og:title\" content=\"Temps forts &amp; nouveaut\u00e9s - Salon saveurs des plaisirs gourmands\" \/>\n<meta property=\"og:url\" content=\"https:\/\/www.salon-saveurs.com\/printemps\/visiter\/temps-forts-nouveautes\/\" \/>\n<meta property=\"og:site_name\" content=\"Salon saveurs des plaisirs gourmands\" \/>\n<meta property=\"article:modified_time\" content=\"2026-01-14T14:43:30+00:00\" \/>\n<meta property=\"og:image\" content=\"https:\/\/www.salon-saveurs.com\/printemps\/wp-content\/uploads\/2025\/04\/1-1024x307.png\" \/>\n\t<meta property=\"og:image:width\" content=\"1024\" \/>\n\t<meta property=\"og:image:height\" content=\"307\" \/>\n\t<meta property=\"og:image:type\" content=\"image\/png\" \/>\n<meta name=\"twitter:card\" content=\"summary_large_image\" \/>\n<meta name=\"twitter:label1\" content=\"Dur\u00e9e de lecture estim\u00e9e\" \/>\n\t<meta name=\"twitter:data1\" content=\"2 minutes\" \/>\n<script type=\"application\/ld+json\" class=\"yoast-schema-graph\">{\"@context\":\"https:\\\/\\\/schema.org\",\"@graph\":[{\"@type\":\"WebPage\",\"@id\":\"https:\\\/\\\/www.salon-saveurs.com\\\/printemps\\\/visiter\\\/temps-forts-nouveautes\\\/\",\"url\":\"https:\\\/\\\/www.salon-saveurs.com\\\/printemps\\\/visiter\\\/temps-forts-nouveautes\\\/\",\"name\":\"Temps forts & nouveaut\u00e9s - Salon saveurs des plaisirs gourmands\",\"isPartOf\":{\"@id\":\"https:\\\/\\\/www.salon-saveurs.com\\\/printemps\\\/#website\"},\"primaryImageOfPage\":{\"@id\":\"https:\\\/\\\/www.salon-saveurs.com\\\/printemps\\\/visiter\\\/temps-forts-nouveautes\\\/#primaryimage\"},\"image\":{\"@id\":\"https:\\\/\\\/www.salon-saveurs.com\\\/printemps\\\/visiter\\\/temps-forts-nouveautes\\\/#primaryimage\"},\"thumbnailUrl\":\"https:\\\/\\\/www.salon-saveurs.com\\\/printemps\\\/wp-content\\\/uploads\\\/2025\\\/04\\\/1.png\",\"datePublished\":\"2020-03-17T13:46:09+00:00\",\"dateModified\":\"2026-01-14T14:43:30+00:00\",\"breadcrumb\":{\"@id\":\"https:\\\/\\\/www.salon-saveurs.com\\\/printemps\\\/visiter\\\/temps-forts-nouveautes\\\/#breadcrumb\"},\"inLanguage\":\"fr-FR\",\"potentialAction\":[{\"@type\":\"ReadAction\",\"target\":[\"https:\\\/\\\/www.salon-saveurs.com\\\/printemps\\\/visiter\\\/temps-forts-nouveautes\\\/\"]}]},{\"@type\":\"ImageObject\",\"inLanguage\":\"fr-FR\",\"@id\":\"https:\\\/\\\/www.salon-saveurs.com\\\/printemps\\\/visiter\\\/temps-forts-nouveautes\\\/#primaryimage\",\"url\":\"https:\\\/\\\/www.salon-saveurs.com\\\/printemps\\\/wp-content\\\/uploads\\\/2025\\\/04\\\/1.png\",\"contentUrl\":\"https:\\\/\\\/www.salon-saveurs.com\\\/printemps\\\/wp-content\\\/uploads\\\/2025\\\/04\\\/1.png\",\"width\":2000,\"height\":600},{\"@type\":\"BreadcrumbList\",\"@id\":\"https:\\\/\\\/www.salon-saveurs.com\\\/printemps\\\/visiter\\\/temps-forts-nouveautes\\\/#breadcrumb\",\"itemListElement\":[{\"@type\":\"ListItem\",\"position\":1,\"name\":\"Accueil\",\"item\":\"https:\\\/\\\/www.salon-saveurs.com\\\/printemps\\\/\"},{\"@type\":\"ListItem\",\"position\":2,\"name\":\"Visiter\",\"item\":\"https:\\\/\\\/www.salon-saveurs.com\\\/printemps\\\/visiter\\\/\"},{\"@type\":\"ListItem\",\"position\":3,\"name\":\"Temps forts &#038; nouveaut\u00e9s\"}]},{\"@type\":\"WebSite\",\"@id\":\"https:\\\/\\\/www.salon-saveurs.com\\\/printemps\\\/#website\",\"url\":\"https:\\\/\\\/www.salon-saveurs.com\\\/printemps\\\/\",\"name\":\"Salon saveurs des plaisirs gourmands\",\"description\":\"\",\"publisher\":{\"@id\":\"https:\\\/\\\/www.salon-saveurs.com\\\/printemps\\\/#organization\"},\"potentialAction\":[{\"@type\":\"SearchAction\",\"target\":{\"@type\":\"EntryPoint\",\"urlTemplate\":\"https:\\\/\\\/www.salon-saveurs.com\\\/printemps\\\/?s={search_term_string}\"},\"query-input\":{\"@type\":\"PropertyValueSpecification\",\"valueRequired\":true,\"valueName\":\"search_term_string\"}}],\"inLanguage\":\"fr-FR\"},{\"@type\":\"Organization\",\"@id\":\"https:\\\/\\\/www.salon-saveurs.com\\\/printemps\\\/#organization\",\"name\":\"Salon saveurs des plaisirs gourmands\",\"url\":\"https:\\\/\\\/www.salon-saveurs.com\\\/printemps\\\/\",\"logo\":{\"@type\":\"ImageObject\",\"inLanguage\":\"fr-FR\",\"@id\":\"https:\\\/\\\/www.salon-saveurs.com\\\/printemps\\\/#\\\/schema\\\/logo\\\/image\\\/\",\"url\":\"https:\\\/\\\/www.salon-saveurs.com\\\/printemps\\\/wp-content\\\/uploads\\\/2025\\\/11\\\/logo-saveurs-COMPLET-TRANSPARENT-1.png\",\"contentUrl\":\"https:\\\/\\\/www.salon-saveurs.com\\\/printemps\\\/wp-content\\\/uploads\\\/2025\\\/11\\\/logo-saveurs-COMPLET-TRANSPARENT-1.png\",\"width\":1600,\"height\":600,\"caption\":\"Salon saveurs des plaisirs gourmands\"},\"image\":{\"@id\":\"https:\\\/\\\/www.salon-saveurs.com\\\/printemps\\\/#\\\/schema\\\/logo\\\/image\\\/\"}}]}<\/script>\n<!-- \/ Yoast SEO plugin. -->","yoast_head_json":{"title":"Temps forts & nouveaut\u00e9s - Salon saveurs des plaisirs gourmands","robots":{"index":"index","follow":"follow","max-snippet":"max-snippet:-1","max-image-preview":"max-image-preview:large","max-video-preview":"max-video-preview:-1"},"canonical":"https:\/\/www.salon-saveurs.com\/printemps\/visiter\/temps-forts-nouveautes\/","og_locale":"fr_FR","og_type":"article","og_title":"Temps forts & nouveaut\u00e9s - Salon saveurs des plaisirs gourmands","og_url":"https:\/\/www.salon-saveurs.com\/printemps\/visiter\/temps-forts-nouveautes\/","og_site_name":"Salon saveurs des plaisirs gourmands","article_modified_time":"2026-01-14T14:43:30+00:00","og_image":[{"width":1024,"height":307,"url":"https:\/\/www.salon-saveurs.com\/printemps\/wp-content\/uploads\/2025\/04\/1-1024x307.png","type":"image\/png"}],"twitter_card":"summary_large_image","twitter_misc":{"Dur\u00e9e de lecture estim\u00e9e":"2 minutes"},"schema":{"@context":"https:\/\/schema.org","@graph":[{"@type":"WebPage","@id":"https:\/\/www.salon-saveurs.com\/printemps\/visiter\/temps-forts-nouveautes\/","url":"https:\/\/www.salon-saveurs.com\/printemps\/visiter\/temps-forts-nouveautes\/","name":"Temps forts & nouveaut\u00e9s - Salon saveurs des plaisirs gourmands","isPartOf":{"@id":"https:\/\/www.salon-saveurs.com\/printemps\/#website"},"primaryImageOfPage":{"@id":"https:\/\/www.salon-saveurs.com\/printemps\/visiter\/temps-forts-nouveautes\/#primaryimage"},"image":{"@id":"https:\/\/www.salon-saveurs.com\/printemps\/visiter\/temps-forts-nouveautes\/#primaryimage"},"thumbnailUrl":"https:\/\/www.salon-saveurs.com\/printemps\/wp-content\/uploads\/2025\/04\/1.png","datePublished":"2020-03-17T13:46:09+00:00","dateModified":"2026-01-14T14:43:30+00:00","breadcrumb":{"@id":"https:\/\/www.salon-saveurs.com\/printemps\/visiter\/temps-forts-nouveautes\/#breadcrumb"},"inLanguage":"fr-FR","potentialAction":[{"@type":"ReadAction","target":["https:\/\/www.salon-saveurs.com\/printemps\/visiter\/temps-forts-nouveautes\/"]}]},{"@type":"ImageObject","inLanguage":"fr-FR","@id":"https:\/\/www.salon-saveurs.com\/printemps\/visiter\/temps-forts-nouveautes\/#primaryimage","url":"https:\/\/www.salon-saveurs.com\/printemps\/wp-content\/uploads\/2025\/04\/1.png","contentUrl":"https:\/\/www.salon-saveurs.com\/printemps\/wp-content\/uploads\/2025\/04\/1.png","width":2000,"height":600},{"@type":"BreadcrumbList","@id":"https:\/\/www.salon-saveurs.com\/printemps\/visiter\/temps-forts-nouveautes\/#breadcrumb","itemListElement":[{"@type":"ListItem","position":1,"name":"Accueil","item":"https:\/\/www.salon-saveurs.com\/printemps\/"},{"@type":"ListItem","position":2,"name":"Visiter","item":"https:\/\/www.salon-saveurs.com\/printemps\/visiter\/"},{"@type":"ListItem","position":3,"name":"Temps forts &#038; nouveaut\u00e9s"}]},{"@type":"WebSite","@id":"https:\/\/www.salon-saveurs.com\/printemps\/#website","url":"https:\/\/www.salon-saveurs.com\/printemps\/","name":"Salon saveurs des plaisirs gourmands","description":"","publisher":{"@id":"https:\/\/www.salon-saveurs.com\/printemps\/#organization"},"potentialAction":[{"@type":"SearchAction","target":{"@type":"EntryPoint","urlTemplate":"https:\/\/www.salon-saveurs.com\/printemps\/?s={search_term_string}"},"query-input":{"@type":"PropertyValueSpecification","valueRequired":true,"valueName":"search_term_string"}}],"inLanguage":"fr-FR"},{"@type":"Organization","@id":"https:\/\/www.salon-saveurs.com\/printemps\/#organization","name":"Salon saveurs des plaisirs gourmands","url":"https:\/\/www.salon-saveurs.com\/printemps\/","logo":{"@type":"ImageObject","inLanguage":"fr-FR","@id":"https:\/\/www.salon-saveurs.com\/printemps\/#\/schema\/logo\/image\/","url":"https:\/\/www.salon-saveurs.com\/printemps\/wp-content\/uploads\/2025\/11\/logo-saveurs-COMPLET-TRANSPARENT-1.png","contentUrl":"https:\/\/www.salon-saveurs.com\/printemps\/wp-content\/uploads\/2025\/11\/logo-saveurs-COMPLET-TRANSPARENT-1.png","width":1600,"height":600,"caption":"Salon saveurs des plaisirs gourmands"},"image":{"@id":"https:\/\/www.salon-saveurs.com\/printemps\/#\/schema\/logo\/image\/"}}]}},"_links":{"self":[{"href":"https:\/\/www.salon-saveurs.com\/printemps\/wp-json\/wp\/v2\/pages\/13175","targetHints":{"allow":["GET"]}}],"collection":[{"href":"https:\/\/www.salon-saveurs.com\/printemps\/wp-json\/wp\/v2\/pages"}],"about":[{"href":"https:\/\/www.salon-saveurs.com\/printemps\/wp-json\/wp\/v2\/types\/page"}],"author":[{"embeddable":true,"href":"https:\/\/www.salon-saveurs.com\/printemps\/wp-json\/wp\/v2\/users\/1"}],"replies":[{"embeddable":true,"href":"https:\/\/www.salon-saveurs.com\/printemps\/wp-json\/wp\/v2\/comments?post=13175"}],"version-history":[{"count":0,"href":"https:\/\/www.salon-saveurs.com\/printemps\/wp-json\/wp\/v2\/pages\/13175\/revisions"}],"up":[{"embeddable":true,"href":"https:\/\/www.salon-saveurs.com\/printemps\/wp-json\/wp\/v2\/pages\/2"}],"wp:featuredmedia":[{"embeddable":true,"href":"https:\/\/www.salon-saveurs.com\/printemps\/wp-json\/wp\/v2\/media\/25329"}],"wp:attachment":[{"href":"https:\/\/www.salon-saveurs.com\/printemps\/wp-json\/wp\/v2\/media?parent=13175"}],"curies":[{"name":"wp","href":"https:\/\/api.w.org\/{rel}","templated":true}]}}